{"id":5002,"date":"2016-11-08T10:38:44","date_gmt":"2016-11-08T10:38:44","guid":{"rendered":"http:\/\/www.guia-verde.es\/itcjournal1\/producto\/journal-no38-aug2010\/"},"modified":"2021-12-28T23:00:51","modified_gmt":"2021-12-28T23:00:51","slug":"journal-no38-aug2010","status":"publish","type":"product","link":"https:\/\/www.itcjournal.org\/?product=journal-no38-aug2010","title":{"rendered":"Journal n\u00ba38 &#8211; Aug\/2010"},"content":{"rendered":"<h2>Contents<\/h2>\n<p>The ITC Journal: change and continuity<\/p>\n<p><strong>Anabela Cardoso<\/strong><\/p>\n<p>ITC News<\/p>\n<p>In Memoriam<\/p>\n<p>In memory of Enrico Marabini<\/p>\n<p><strong>Michele Dinicastro<\/strong><\/p>\n<p>In memory of Luciana Petruccell<\/p>\n<p>The Infinitude Conference in Paris, June 5, 2010<\/p>\n<p><strong>Anabela Cardoso<\/strong><\/p>\n<p><strong>Announcing:<\/strong><\/p>\n<p>Electronic Voices \u2013 A book by Anabela Cardoso<\/p>\n<p>Psicofon\u00edas: El enigma de la Transcomunicaci\u00f3n Instrumental &#8211; a book by Jos\u00e9 Ignacio Carmona<\/p>\n<p>The Website<\/p>\n<p>Two Authentic Stories about Animals*<\/p>\n<p><strong>Luciana Petruccelli<\/strong><\/p>\n<p>Contact with a Heaven-sent Cat<\/p>\n<p><strong>Jacques Blanc-Garin<\/strong><\/p>\n<p>A Profile of Edgar M\u00fcller<\/p>\n<p>The Use of the Scientific Method in EVP Experiment<\/p>\n<p><strong>Edgar M\u00fcller<\/strong><\/p>\n<p>El Modelo Organizador Biol\u00f3gico*<\/p>\n<p><strong>Hernani Guimar\u00e3es Andrade<\/strong><\/p>\n<p>Paranormality in Animals<\/p>\n<p><strong>Hernani Guimar\u00e3es Andrade<\/strong><\/p>\n<p>The Helene Reeder Memorial Fund Announcement<\/p>\n<p>Historical Perspective<\/p>\n<p>\u2018Unlimited Horizons\u2019 from the Metascience Foundation<\/p>\n<p>\u2018Personal Testimony\u2019 \u2013 \u2018Testimonio\u2019 \u2013 \u2018Depoimento\u2019<\/p>\n<p>Testimony from <strong>Graeme Meakin<\/strong><\/p>\n<p>Readers\u2019 Letters &#8211; Correo de los Lectores &#8211; Correio dos Leitores<\/p>\n<p><strong>Suzuko Hashizume<\/strong><\/p>\n<p>Another Look at \/ Una retrospectiva de \/Uma retrospectiva<\/p>\n<p>The ITC Work of Marcello Bacci<\/p>\n<p><strong>Paolo Presi<\/strong><\/p>\n<p>&nbsp;<\/p>\n<p>Dep. Legal: VG-435-2003<br \/>\nISSN: 1696-4586 ITC (Vigo)<\/p>\n","protected":false},"excerpt":{"rendered":"<p>Contents The ITC Journal: change and continuity Anabela Cardoso ITC News In Memoriam In memory of Enrico Marabini Michele Dinicastro In memory of Luciana Petruccell The Infinitude Conference in Paris, June 5, 2010 Anabela Cardoso Announcing: Electronic Voices \u2013 A book by Anabela Cardoso Psicofon\u00edas: El enigma de la Transcomunicaci\u00f3n Instrumental &#8211; a book by&hellip;<\/p>\n","protected":false},"featured_media":6044,"template":"","meta":[],"product_brand":[],"product_cat":[113],"product_tag":[123,122,120,121,119,125,124],"class_list":{"0":"post-5002","1":"product","2":"type-product","3":"status-publish","4":"has-post-thumbnail","6":"product_cat-journal","7":"product_tag-evp","8":"product_tag-hearing-voices","9":"product_tag-instrumental-transcommunication","10":"product_tag-itc","11":"product_tag-itc-jounal","12":"product_tag-physical-phenomena","13":"product_tag-survival","14":"description-off","16":"first","17":"instock","18":"shipping-taxable","19":"purchasable","20":"product-type-variable"},"yoast_head":"<!-- This site is optimized with the Yoast SEO plugin v27.4 - https:\/\/yoast.com\/product\/yoast-seo-wordpress\/ -->\n<title>Journal n\u00ba38 - Aug\/2010 - ItcJournal<\/title>\n<meta name=\"robots\" content=\"index, follow, max-snippet:-1, max-image-preview:large, max-video-preview:-1\" \/>\n<link rel=\"canonical\" href=\"http:\/\/www.itcjournal.org\/?product=journal-no38-aug2010\" \/>\n<meta property=\"og:locale\" content=\"en_GB\" \/>\n<meta property=\"og:type\" content=\"article\" \/>\n<meta property=\"og:title\" content=\"Journal n\u00ba38 - Aug\/2010 - ItcJournal\" \/>\n<meta property=\"og:description\" content=\"Contents The ITC Journal: change and continuity Anabela Cardoso ITC News In Memoriam In memory of Enrico Marabini Michele Dinicastro In memory of Luciana Petruccell The Infinitude Conference in Paris, June 5, 2010 Anabela Cardoso Announcing: Electronic Voices \u2013 A book by Anabela Cardoso Psicofon\u00edas: El enigma de la Transcomunicaci\u00f3n Instrumental &#8211; a book by&hellip;\" \/>\n<meta property=\"og:url\" content=\"http:\/\/www.itcjournal.org\/?product=journal-no38-aug2010\" \/>\n<meta property=\"og:site_name\" content=\"ItcJournal\" \/>\n<meta property=\"article:publisher\" content=\"https:\/\/www.facebook.com\/anabela.mouratocardoso\" \/>\n<meta property=\"article:modified_time\" content=\"2021-12-28T23:00:51+00:00\" \/>\n<meta property=\"og:image\" content=\"http:\/\/www.itcjournal.org\/wp-content\/uploads\/2016\/11\/38.jpg\" \/>\n\t<meta property=\"og:image:width\" content=\"357\" \/>\n\t<meta property=\"og:image:height\" content=\"500\" \/>\n\t<meta property=\"og:image:type\" content=\"image\/jpeg\" \/>\n<meta name=\"twitter:card\" content=\"summary_large_image\" \/>\n<meta name=\"twitter:site\" content=\"@anabela73767942\" \/>\n<meta name=\"twitter:label1\" content=\"Estimated reading time\" \/>\n\t<meta name=\"twitter:data1\" content=\"1 minute\" \/>\n<script type=\"application\/ld+json\" class=\"yoast-schema-graph\">{\"@context\":\"https:\\\/\\\/schema.org\",\"@graph\":[{\"@type\":\"WebPage\",\"@id\":\"http:\\\/\\\/www.itcjournal.org\\\/?product=journal-no38-aug2010\",\"url\":\"http:\\\/\\\/www.itcjournal.org\\\/?product=journal-no38-aug2010\",\"name\":\"Journal n\u00ba38 - Aug\\\/2010 - ItcJournal\",\"isPartOf\":{\"@id\":\"http:\\\/\\\/www.itcjournal.org\\\/#website\"},\"primaryImageOfPage\":{\"@id\":\"http:\\\/\\\/www.itcjournal.org\\\/?product=journal-no38-aug2010#primaryimage\"},\"image\":{\"@id\":\"http:\\\/\\\/www.itcjournal.org\\\/?product=journal-no38-aug2010#primaryimage\"},\"thumbnailUrl\":\"https:\\\/\\\/www.itcjournal.org\\\/wp-content\\\/uploads\\\/2016\\\/11\\\/38.jpg\",\"datePublished\":\"2016-11-08T10:38:44+00:00\",\"dateModified\":\"2021-12-28T23:00:51+00:00\",\"breadcrumb\":{\"@id\":\"http:\\\/\\\/www.itcjournal.org\\\/?product=journal-no38-aug2010#breadcrumb\"},\"inLanguage\":\"en-GB\",\"potentialAction\":[{\"@type\":\"ReadAction\",\"target\":[\"http:\\\/\\\/www.itcjournal.org\\\/?product=journal-no38-aug2010\"]}]},{\"@type\":\"ImageObject\",\"inLanguage\":\"en-GB\",\"@id\":\"http:\\\/\\\/www.itcjournal.org\\\/?product=journal-no38-aug2010#primaryimage\",\"url\":\"https:\\\/\\\/www.itcjournal.org\\\/wp-content\\\/uploads\\\/2016\\\/11\\\/38.jpg\",\"contentUrl\":\"https:\\\/\\\/www.itcjournal.org\\\/wp-content\\\/uploads\\\/2016\\\/11\\\/38.jpg\",\"width\":357,\"height\":500},{\"@type\":\"BreadcrumbList\",\"@id\":\"http:\\\/\\\/www.itcjournal.org\\\/?product=journal-no38-aug2010#breadcrumb\",\"itemListElement\":[{\"@type\":\"ListItem\",\"position\":1,\"name\":\"Home\",\"item\":\"http:\\\/\\\/www.itcjournal.org\\\/\"},{\"@type\":\"ListItem\",\"position\":2,\"name\":\"Shop\",\"item\":\"http:\\\/\\\/www.itcjournal.org\\\/?page_id=4576\"},{\"@type\":\"ListItem\",\"position\":3,\"name\":\"Journal n\u00ba38 &#8211; Aug\\\/2010\"}]},{\"@type\":\"WebSite\",\"@id\":\"http:\\\/\\\/www.itcjournal.org\\\/#website\",\"url\":\"http:\\\/\\\/www.itcjournal.org\\\/\",\"name\":\"ItcJournal\",\"description\":\"ITC Journal Investigation of Instrumental Transcommunication Phenomena.\",\"publisher\":{\"@id\":\"http:\\\/\\\/www.itcjournal.org\\\/#organization\"},\"alternateName\":\"ITC Journal - Instrumental Transcommunication\",\"potentialAction\":[{\"@type\":\"SearchAction\",\"target\":{\"@type\":\"EntryPoint\",\"urlTemplate\":\"http:\\\/\\\/www.itcjournal.org\\\/?s={search_term_string}\"},\"query-input\":{\"@type\":\"PropertyValueSpecification\",\"valueRequired\":true,\"valueName\":\"search_term_string\"}}],\"inLanguage\":\"en-GB\"},{\"@type\":\"Organization\",\"@id\":\"http:\\\/\\\/www.itcjournal.org\\\/#organization\",\"name\":\"ItcJournal ( Instrumental Transcommunication )\",\"url\":\"http:\\\/\\\/www.itcjournal.org\\\/\",\"logo\":{\"@type\":\"ImageObject\",\"inLanguage\":\"en-GB\",\"@id\":\"http:\\\/\\\/www.itcjournal.org\\\/#\\\/schema\\\/logo\\\/image\\\/\",\"url\":\"https:\\\/\\\/www.itcjournal.org\\\/wp-content\\\/uploads\\\/2013\\\/02\\\/itcjournal.png\",\"contentUrl\":\"https:\\\/\\\/www.itcjournal.org\\\/wp-content\\\/uploads\\\/2013\\\/02\\\/itcjournal.png\",\"width\":300,\"height\":81,\"caption\":\"ItcJournal ( Instrumental Transcommunication )\"},\"image\":{\"@id\":\"http:\\\/\\\/www.itcjournal.org\\\/#\\\/schema\\\/logo\\\/image\\\/\"},\"sameAs\":[\"https:\\\/\\\/www.facebook.com\\\/anabela.mouratocardoso\",\"https:\\\/\\\/x.com\\\/anabela73767942\"]}]}<\/script>\n<!-- \/ Yoast SEO plugin. -->","yoast_head_json":{"title":"Journal n\u00ba38 - Aug\/2010 - ItcJournal","robots":{"index":"index","follow":"follow","max-snippet":"max-snippet:-1","max-image-preview":"max-image-preview:large","max-video-preview":"max-video-preview:-1"},"canonical":"http:\/\/www.itcjournal.org\/?product=journal-no38-aug2010","og_locale":"en_GB","og_type":"article","og_title":"Journal n\u00ba38 - Aug\/2010 - ItcJournal","og_description":"Contents The ITC Journal: change and continuity Anabela Cardoso ITC News In Memoriam In memory of Enrico Marabini Michele Dinicastro In memory of Luciana Petruccell The Infinitude Conference in Paris, June 5, 2010 Anabela Cardoso Announcing: Electronic Voices \u2013 A book by Anabela Cardoso Psicofon\u00edas: El enigma de la Transcomunicaci\u00f3n Instrumental &#8211; a book by&hellip;","og_url":"http:\/\/www.itcjournal.org\/?product=journal-no38-aug2010","og_site_name":"ItcJournal","article_publisher":"https:\/\/www.facebook.com\/anabela.mouratocardoso","article_modified_time":"2021-12-28T23:00:51+00:00","og_image":[{"width":357,"height":500,"url":"http:\/\/www.itcjournal.org\/wp-content\/uploads\/2016\/11\/38.jpg","type":"image\/jpeg"}],"twitter_card":"summary_large_image","twitter_site":"@anabela73767942","twitter_misc":{"Estimated reading time":"1 minute"},"schema":{"@context":"https:\/\/schema.org","@graph":[{"@type":"WebPage","@id":"http:\/\/www.itcjournal.org\/?product=journal-no38-aug2010","url":"http:\/\/www.itcjournal.org\/?product=journal-no38-aug2010","name":"Journal n\u00ba38 - Aug\/2010 - ItcJournal","isPartOf":{"@id":"http:\/\/www.itcjournal.org\/#website"},"primaryImageOfPage":{"@id":"http:\/\/www.itcjournal.org\/?product=journal-no38-aug2010#primaryimage"},"image":{"@id":"http:\/\/www.itcjournal.org\/?product=journal-no38-aug2010#primaryimage"},"thumbnailUrl":"https:\/\/www.itcjournal.org\/wp-content\/uploads\/2016\/11\/38.jpg","datePublished":"2016-11-08T10:38:44+00:00","dateModified":"2021-12-28T23:00:51+00:00","breadcrumb":{"@id":"http:\/\/www.itcjournal.org\/?product=journal-no38-aug2010#breadcrumb"},"inLanguage":"en-GB","potentialAction":[{"@type":"ReadAction","target":["http:\/\/www.itcjournal.org\/?product=journal-no38-aug2010"]}]},{"@type":"ImageObject","inLanguage":"en-GB","@id":"http:\/\/www.itcjournal.org\/?product=journal-no38-aug2010#primaryimage","url":"https:\/\/www.itcjournal.org\/wp-content\/uploads\/2016\/11\/38.jpg","contentUrl":"https:\/\/www.itcjournal.org\/wp-content\/uploads\/2016\/11\/38.jpg","width":357,"height":500},{"@type":"BreadcrumbList","@id":"http:\/\/www.itcjournal.org\/?product=journal-no38-aug2010#breadcrumb","itemListElement":[{"@type":"ListItem","position":1,"name":"Home","item":"http:\/\/www.itcjournal.org\/"},{"@type":"ListItem","position":2,"name":"Shop","item":"http:\/\/www.itcjournal.org\/?page_id=4576"},{"@type":"ListItem","position":3,"name":"Journal n\u00ba38 &#8211; Aug\/2010"}]},{"@type":"WebSite","@id":"http:\/\/www.itcjournal.org\/#website","url":"http:\/\/www.itcjournal.org\/","name":"ItcJournal","description":"ITC Journal Investigation of Instrumental Transcommunication Phenomena.","publisher":{"@id":"http:\/\/www.itcjournal.org\/#organization"},"alternateName":"ITC Journal - Instrumental Transcommunication","potentialAction":[{"@type":"SearchAction","target":{"@type":"EntryPoint","urlTemplate":"http:\/\/www.itcjournal.org\/?s={search_term_string}"},"query-input":{"@type":"PropertyValueSpecification","valueRequired":true,"valueName":"search_term_string"}}],"inLanguage":"en-GB"},{"@type":"Organization","@id":"http:\/\/www.itcjournal.org\/#organization","name":"ItcJournal ( Instrumental Transcommunication )","url":"http:\/\/www.itcjournal.org\/","logo":{"@type":"ImageObject","inLanguage":"en-GB","@id":"http:\/\/www.itcjournal.org\/#\/schema\/logo\/image\/","url":"https:\/\/www.itcjournal.org\/wp-content\/uploads\/2013\/02\/itcjournal.png","contentUrl":"https:\/\/www.itcjournal.org\/wp-content\/uploads\/2013\/02\/itcjournal.png","width":300,"height":81,"caption":"ItcJournal ( Instrumental Transcommunication )"},"image":{"@id":"http:\/\/www.itcjournal.org\/#\/schema\/logo\/image\/"},"sameAs":["https:\/\/www.facebook.com\/anabela.mouratocardoso","https:\/\/x.com\/anabela73767942"]}]}},"_links":{"self":[{"href":"https:\/\/www.itcjournal.org\/index.php?rest_route=\/wp\/v2\/product\/5002","targetHints":{"allow":["GET"]}}],"collection":[{"href":"https:\/\/www.itcjournal.org\/index.php?rest_route=\/wp\/v2\/product"}],"about":[{"href":"https:\/\/www.itcjournal.org\/index.php?rest_route=\/wp\/v2\/types\/product"}],"wp:featuredmedia":[{"embeddable":true,"href":"https:\/\/www.itcjournal.org\/index.php?rest_route=\/wp\/v2\/media\/6044"}],"wp:attachment":[{"href":"https:\/\/www.itcjournal.org\/index.php?rest_route=%2Fwp%2Fv2%2Fmedia&parent=5002"}],"wp:term":[{"taxonomy":"product_brand","embeddable":true,"href":"https:\/\/www.itcjournal.org\/index.php?rest_route=%2Fwp%2Fv2%2Fproduct_brand&post=5002"},{"taxonomy":"product_cat","embeddable":true,"href":"https:\/\/www.itcjournal.org\/index.php?rest_route=%2Fwp%2Fv2%2Fproduct_cat&post=5002"},{"taxonomy":"product_tag","embeddable":true,"href":"https:\/\/www.itcjournal.org\/index.php?rest_route=%2Fwp%2Fv2%2Fproduct_tag&post=5002"}],"curies":[{"name":"wp","href":"https:\/\/api.w.org\/{rel}","templated":true}]}}