{"id":4946,"date":"2016-11-08T10:37:10","date_gmt":"2016-11-08T10:37:10","guid":{"rendered":"http:\/\/www.guia-verde.es\/itcjournal1\/?post_type=product&#038;p=4946"},"modified":"2021-12-28T23:02:18","modified_gmt":"2021-12-28T23:02:18","slug":"journal-no36-dec2009","status":"publish","type":"product","link":"https:\/\/www.itcjournal.org\/?product=journal-no36-dec2009","title":{"rendered":"Journal n\u00ba36 &#8211; Dec\/2009"},"content":{"rendered":"<h2>Contents<\/h2>\n<p>\u00c9 o 10\u00ba Anivers\u00e1rio de Cadernos de TCI<br \/>\nCelebramos el 10\u00ba Aniversario de Cuadernos de TCI<br \/>\nIt Is the 10th Anniversary of the ITC Journal<br \/>\n<strong>Anabela Cardoso<\/strong><\/p>\n<p>ITC &#8211; Historical Perspective \/ TCI &#8211; Perspectiva hist\u00f3rica<br \/>\nRadioemissoras do Al\u00e9m?<br \/>\nOs Esp\u00edritos Est\u00e3o Nos Chamando por R\u00e1dio!<br \/>\n<strong>Hernani G. Andrade<\/strong><\/p>\n<p>\u00bfEstamos Todos Conectados?<br \/>\n<strong>Roger Taylor<\/strong><\/p>\n<p>Photographs &amp; Further Quotations from Friedrich J\u00fcrgenson<\/p>\n<p>The Biological Organising Model (BOM)*<br \/>\n<strong>Hernani G. de Andrade<\/strong><\/p>\n<p>Entrevista Concedida Por Hernani G. Andrade<br \/>\n<strong>\u00c0 \u201cRie &#8211; Revista Internacional de Espiritismo\u201d<\/strong><\/p>\n<p>The Luxembourg Connection<br \/>\n<strong>Ernst Senkowski<\/strong><\/p>\n<p>El Factor Humano<br \/>\n<strong>Jos\u00e9 Ignacio Carmona S\u00e1nchez<\/strong><\/p>\n<p>ITC News<br \/>\nCr\u00f3nica Sobre \u2018La Noche de Las Psicofon\u00edas\u2019<br \/>\n<strong>Jose Ignacio Carmona Sanchez<\/strong><\/p>\n<p>Correo de los Lectores &#8211; Readers\u2019 Letters -Correio dos Lectores<br \/>\n<strong>Carlos Navarro y Vicki Talbott<\/strong><\/p>\n<p>&nbsp;<\/p>\n<p>Dep. Legal: VG-435-2003<br \/>\nISSN: 1696-4586 ITC (Vigo)<\/p>\n","protected":false},"excerpt":{"rendered":"<p>Contents \u00c9 o 10\u00ba Anivers\u00e1rio de Cadernos de TCI Celebramos el 10\u00ba Aniversario de Cuadernos de TCI It Is the 10th Anniversary of the ITC Journal Anabela Cardoso ITC &#8211; Historical Perspective \/ TCI &#8211; Perspectiva hist\u00f3rica Radioemissoras do Al\u00e9m? Os Esp\u00edritos Est\u00e3o Nos Chamando por R\u00e1dio! Hernani G. Andrade \u00bfEstamos Todos Conectados? Roger Taylor&hellip;<\/p>\n","protected":false},"featured_media":6046,"template":"","meta":[],"product_brand":[],"product_cat":[113],"product_tag":[123,122,120,121,119,125,124],"class_list":{"0":"post-4946","1":"product","2":"type-product","3":"status-publish","4":"has-post-thumbnail","6":"product_cat-journal","7":"product_tag-evp","8":"product_tag-hearing-voices","9":"product_tag-instrumental-transcommunication","10":"product_tag-itc","11":"product_tag-itc-jounal","12":"product_tag-physical-phenomena","13":"product_tag-survival","14":"description-off","16":"first","17":"instock","18":"shipping-taxable","19":"purchasable","20":"product-type-variable"},"yoast_head":"<!-- This site is optimized with the Yoast SEO plugin v27.4 - https:\/\/yoast.com\/product\/yoast-seo-wordpress\/ -->\n<title>Journal n\u00ba36 - Dec\/2009 - ItcJournal<\/title>\n<meta name=\"robots\" content=\"index, follow, max-snippet:-1, max-image-preview:large, max-video-preview:-1\" \/>\n<link rel=\"canonical\" href=\"http:\/\/www.itcjournal.org\/?product=journal-no36-dec2009\" \/>\n<meta property=\"og:locale\" content=\"en_GB\" \/>\n<meta property=\"og:type\" content=\"article\" \/>\n<meta property=\"og:title\" content=\"Journal n\u00ba36 - Dec\/2009 - ItcJournal\" \/>\n<meta property=\"og:description\" content=\"Contents \u00c9 o 10\u00ba Anivers\u00e1rio de Cadernos de TCI Celebramos el 10\u00ba Aniversario de Cuadernos de TCI It Is the 10th Anniversary of the ITC Journal Anabela Cardoso ITC &#8211; Historical Perspective \/ TCI &#8211; Perspectiva hist\u00f3rica Radioemissoras do Al\u00e9m? Os Esp\u00edritos Est\u00e3o Nos Chamando por R\u00e1dio! Hernani G. Andrade \u00bfEstamos Todos Conectados? Roger Taylor&hellip;\" \/>\n<meta property=\"og:url\" content=\"http:\/\/www.itcjournal.org\/?product=journal-no36-dec2009\" \/>\n<meta property=\"og:site_name\" content=\"ItcJournal\" \/>\n<meta property=\"article:publisher\" content=\"https:\/\/www.facebook.com\/anabela.mouratocardoso\" \/>\n<meta property=\"article:modified_time\" content=\"2021-12-28T23:02:18+00:00\" \/>\n<meta property=\"og:image\" content=\"http:\/\/www.itcjournal.org\/wp-content\/uploads\/2016\/11\/36.jpg\" \/>\n\t<meta property=\"og:image:width\" content=\"357\" \/>\n\t<meta property=\"og:image:height\" content=\"500\" \/>\n\t<meta property=\"og:image:type\" content=\"image\/jpeg\" \/>\n<meta name=\"twitter:card\" content=\"summary_large_image\" \/>\n<meta name=\"twitter:site\" content=\"@anabela73767942\" \/>\n<meta name=\"twitter:label1\" content=\"Estimated reading time\" \/>\n\t<meta name=\"twitter:data1\" content=\"1 minute\" \/>\n<script type=\"application\/ld+json\" class=\"yoast-schema-graph\">{\"@context\":\"https:\\\/\\\/schema.org\",\"@graph\":[{\"@type\":\"WebPage\",\"@id\":\"http:\\\/\\\/www.itcjournal.org\\\/?product=journal-no36-dec2009\",\"url\":\"http:\\\/\\\/www.itcjournal.org\\\/?product=journal-no36-dec2009\",\"name\":\"Journal n\u00ba36 - Dec\\\/2009 - ItcJournal\",\"isPartOf\":{\"@id\":\"http:\\\/\\\/www.itcjournal.org\\\/#website\"},\"primaryImageOfPage\":{\"@id\":\"http:\\\/\\\/www.itcjournal.org\\\/?product=journal-no36-dec2009#primaryimage\"},\"image\":{\"@id\":\"http:\\\/\\\/www.itcjournal.org\\\/?product=journal-no36-dec2009#primaryimage\"},\"thumbnailUrl\":\"https:\\\/\\\/www.itcjournal.org\\\/wp-content\\\/uploads\\\/2016\\\/11\\\/36.jpg\",\"datePublished\":\"2016-11-08T10:37:10+00:00\",\"dateModified\":\"2021-12-28T23:02:18+00:00\",\"breadcrumb\":{\"@id\":\"http:\\\/\\\/www.itcjournal.org\\\/?product=journal-no36-dec2009#breadcrumb\"},\"inLanguage\":\"en-GB\",\"potentialAction\":[{\"@type\":\"ReadAction\",\"target\":[\"http:\\\/\\\/www.itcjournal.org\\\/?product=journal-no36-dec2009\"]}]},{\"@type\":\"ImageObject\",\"inLanguage\":\"en-GB\",\"@id\":\"http:\\\/\\\/www.itcjournal.org\\\/?product=journal-no36-dec2009#primaryimage\",\"url\":\"https:\\\/\\\/www.itcjournal.org\\\/wp-content\\\/uploads\\\/2016\\\/11\\\/36.jpg\",\"contentUrl\":\"https:\\\/\\\/www.itcjournal.org\\\/wp-content\\\/uploads\\\/2016\\\/11\\\/36.jpg\",\"width\":357,\"height\":500},{\"@type\":\"BreadcrumbList\",\"@id\":\"http:\\\/\\\/www.itcjournal.org\\\/?product=journal-no36-dec2009#breadcrumb\",\"itemListElement\":[{\"@type\":\"ListItem\",\"position\":1,\"name\":\"Home\",\"item\":\"http:\\\/\\\/www.itcjournal.org\\\/\"},{\"@type\":\"ListItem\",\"position\":2,\"name\":\"Shop\",\"item\":\"http:\\\/\\\/www.itcjournal.org\\\/?page_id=4576\"},{\"@type\":\"ListItem\",\"position\":3,\"name\":\"Journal n\u00ba36 &#8211; Dec\\\/2009\"}]},{\"@type\":\"WebSite\",\"@id\":\"http:\\\/\\\/www.itcjournal.org\\\/#website\",\"url\":\"http:\\\/\\\/www.itcjournal.org\\\/\",\"name\":\"ItcJournal\",\"description\":\"ITC Journal Investigation of Instrumental Transcommunication Phenomena.\",\"publisher\":{\"@id\":\"http:\\\/\\\/www.itcjournal.org\\\/#organization\"},\"alternateName\":\"ITC Journal - Instrumental Transcommunication\",\"potentialAction\":[{\"@type\":\"SearchAction\",\"target\":{\"@type\":\"EntryPoint\",\"urlTemplate\":\"http:\\\/\\\/www.itcjournal.org\\\/?s={search_term_string}\"},\"query-input\":{\"@type\":\"PropertyValueSpecification\",\"valueRequired\":true,\"valueName\":\"search_term_string\"}}],\"inLanguage\":\"en-GB\"},{\"@type\":\"Organization\",\"@id\":\"http:\\\/\\\/www.itcjournal.org\\\/#organization\",\"name\":\"ItcJournal ( Instrumental Transcommunication )\",\"url\":\"http:\\\/\\\/www.itcjournal.org\\\/\",\"logo\":{\"@type\":\"ImageObject\",\"inLanguage\":\"en-GB\",\"@id\":\"http:\\\/\\\/www.itcjournal.org\\\/#\\\/schema\\\/logo\\\/image\\\/\",\"url\":\"https:\\\/\\\/www.itcjournal.org\\\/wp-content\\\/uploads\\\/2013\\\/02\\\/itcjournal.png\",\"contentUrl\":\"https:\\\/\\\/www.itcjournal.org\\\/wp-content\\\/uploads\\\/2013\\\/02\\\/itcjournal.png\",\"width\":300,\"height\":81,\"caption\":\"ItcJournal ( Instrumental Transcommunication )\"},\"image\":{\"@id\":\"http:\\\/\\\/www.itcjournal.org\\\/#\\\/schema\\\/logo\\\/image\\\/\"},\"sameAs\":[\"https:\\\/\\\/www.facebook.com\\\/anabela.mouratocardoso\",\"https:\\\/\\\/x.com\\\/anabela73767942\"]}]}<\/script>\n<!-- \/ Yoast SEO plugin. -->","yoast_head_json":{"title":"Journal n\u00ba36 - Dec\/2009 - ItcJournal","robots":{"index":"index","follow":"follow","max-snippet":"max-snippet:-1","max-image-preview":"max-image-preview:large","max-video-preview":"max-video-preview:-1"},"canonical":"http:\/\/www.itcjournal.org\/?product=journal-no36-dec2009","og_locale":"en_GB","og_type":"article","og_title":"Journal n\u00ba36 - Dec\/2009 - ItcJournal","og_description":"Contents \u00c9 o 10\u00ba Anivers\u00e1rio de Cadernos de TCI Celebramos el 10\u00ba Aniversario de Cuadernos de TCI It Is the 10th Anniversary of the ITC Journal Anabela Cardoso ITC &#8211; Historical Perspective \/ TCI &#8211; Perspectiva hist\u00f3rica Radioemissoras do Al\u00e9m? Os Esp\u00edritos Est\u00e3o Nos Chamando por R\u00e1dio! Hernani G. Andrade \u00bfEstamos Todos Conectados? Roger Taylor&hellip;","og_url":"http:\/\/www.itcjournal.org\/?product=journal-no36-dec2009","og_site_name":"ItcJournal","article_publisher":"https:\/\/www.facebook.com\/anabela.mouratocardoso","article_modified_time":"2021-12-28T23:02:18+00:00","og_image":[{"width":357,"height":500,"url":"http:\/\/www.itcjournal.org\/wp-content\/uploads\/2016\/11\/36.jpg","type":"image\/jpeg"}],"twitter_card":"summary_large_image","twitter_site":"@anabela73767942","twitter_misc":{"Estimated reading time":"1 minute"},"schema":{"@context":"https:\/\/schema.org","@graph":[{"@type":"WebPage","@id":"http:\/\/www.itcjournal.org\/?product=journal-no36-dec2009","url":"http:\/\/www.itcjournal.org\/?product=journal-no36-dec2009","name":"Journal n\u00ba36 - Dec\/2009 - ItcJournal","isPartOf":{"@id":"http:\/\/www.itcjournal.org\/#website"},"primaryImageOfPage":{"@id":"http:\/\/www.itcjournal.org\/?product=journal-no36-dec2009#primaryimage"},"image":{"@id":"http:\/\/www.itcjournal.org\/?product=journal-no36-dec2009#primaryimage"},"thumbnailUrl":"https:\/\/www.itcjournal.org\/wp-content\/uploads\/2016\/11\/36.jpg","datePublished":"2016-11-08T10:37:10+00:00","dateModified":"2021-12-28T23:02:18+00:00","breadcrumb":{"@id":"http:\/\/www.itcjournal.org\/?product=journal-no36-dec2009#breadcrumb"},"inLanguage":"en-GB","potentialAction":[{"@type":"ReadAction","target":["http:\/\/www.itcjournal.org\/?product=journal-no36-dec2009"]}]},{"@type":"ImageObject","inLanguage":"en-GB","@id":"http:\/\/www.itcjournal.org\/?product=journal-no36-dec2009#primaryimage","url":"https:\/\/www.itcjournal.org\/wp-content\/uploads\/2016\/11\/36.jpg","contentUrl":"https:\/\/www.itcjournal.org\/wp-content\/uploads\/2016\/11\/36.jpg","width":357,"height":500},{"@type":"BreadcrumbList","@id":"http:\/\/www.itcjournal.org\/?product=journal-no36-dec2009#breadcrumb","itemListElement":[{"@type":"ListItem","position":1,"name":"Home","item":"http:\/\/www.itcjournal.org\/"},{"@type":"ListItem","position":2,"name":"Shop","item":"http:\/\/www.itcjournal.org\/?page_id=4576"},{"@type":"ListItem","position":3,"name":"Journal n\u00ba36 &#8211; Dec\/2009"}]},{"@type":"WebSite","@id":"http:\/\/www.itcjournal.org\/#website","url":"http:\/\/www.itcjournal.org\/","name":"ItcJournal","description":"ITC Journal Investigation of Instrumental Transcommunication Phenomena.","publisher":{"@id":"http:\/\/www.itcjournal.org\/#organization"},"alternateName":"ITC Journal - Instrumental Transcommunication","potentialAction":[{"@type":"SearchAction","target":{"@type":"EntryPoint","urlTemplate":"http:\/\/www.itcjournal.org\/?s={search_term_string}"},"query-input":{"@type":"PropertyValueSpecification","valueRequired":true,"valueName":"search_term_string"}}],"inLanguage":"en-GB"},{"@type":"Organization","@id":"http:\/\/www.itcjournal.org\/#organization","name":"ItcJournal ( Instrumental Transcommunication )","url":"http:\/\/www.itcjournal.org\/","logo":{"@type":"ImageObject","inLanguage":"en-GB","@id":"http:\/\/www.itcjournal.org\/#\/schema\/logo\/image\/","url":"https:\/\/www.itcjournal.org\/wp-content\/uploads\/2013\/02\/itcjournal.png","contentUrl":"https:\/\/www.itcjournal.org\/wp-content\/uploads\/2013\/02\/itcjournal.png","width":300,"height":81,"caption":"ItcJournal ( Instrumental Transcommunication )"},"image":{"@id":"http:\/\/www.itcjournal.org\/#\/schema\/logo\/image\/"},"sameAs":["https:\/\/www.facebook.com\/anabela.mouratocardoso","https:\/\/x.com\/anabela73767942"]}]}},"_links":{"self":[{"href":"https:\/\/www.itcjournal.org\/index.php?rest_route=\/wp\/v2\/product\/4946","targetHints":{"allow":["GET"]}}],"collection":[{"href":"https:\/\/www.itcjournal.org\/index.php?rest_route=\/wp\/v2\/product"}],"about":[{"href":"https:\/\/www.itcjournal.org\/index.php?rest_route=\/wp\/v2\/types\/product"}],"wp:featuredmedia":[{"embeddable":true,"href":"https:\/\/www.itcjournal.org\/index.php?rest_route=\/wp\/v2\/media\/6046"}],"wp:attachment":[{"href":"https:\/\/www.itcjournal.org\/index.php?rest_route=%2Fwp%2Fv2%2Fmedia&parent=4946"}],"wp:term":[{"taxonomy":"product_brand","embeddable":true,"href":"https:\/\/www.itcjournal.org\/index.php?rest_route=%2Fwp%2Fv2%2Fproduct_brand&post=4946"},{"taxonomy":"product_cat","embeddable":true,"href":"https:\/\/www.itcjournal.org\/index.php?rest_route=%2Fwp%2Fv2%2Fproduct_cat&post=4946"},{"taxonomy":"product_tag","embeddable":true,"href":"https:\/\/www.itcjournal.org\/index.php?rest_route=%2Fwp%2Fv2%2Fproduct_tag&post=4946"}],"curies":[{"name":"wp","href":"https:\/\/api.w.org\/{rel}","templated":true}]}}