{"id":4937,"date":"2016-11-07T21:33:52","date_gmt":"2016-11-07T21:33:52","guid":{"rendered":"http:\/\/www.guia-verde.es\/itcjournal1\/?post_type=product&#038;p=4937"},"modified":"2021-12-28T23:07:39","modified_gmt":"2021-12-28T23:07:39","slug":"journal-no29-aug2007","status":"publish","type":"product","link":"https:\/\/www.itcjournal.org\/?product=journal-no29-aug2007","title":{"rendered":"Journal n\u00ba29 &#8211; Aug\/2007"},"content":{"rendered":"<h2>Contents<\/h2>\n<p>Editorial<br \/>\nLove Stories Fox by Darren Williams<br \/>\nHistorias de Amor Fox de Darren Williams<br \/>\nHist\u00f3rias de Amor Fox de Darren Williams<br \/>\n<strong>Dr Anabela Cardoso<\/strong><\/p>\n<p>Un caso interesante de telepat\u00eda animal<br \/>\n<strong>Anabela Cardoso<\/strong><\/p>\n<p>Validation by Universal Image Recognition Programme of an Anomalous Photograph<br \/>\n<strong>Anabela Cardoso, David Fontana<\/strong> and <strong>Daniele Gull\u00e0<\/strong><\/p>\n<p>Validaci\u00f3n de una fotograf\u00eda an\u00f3mala a trav\u00e9s del programa<br \/>\n&#8216;Universal Image Recognition&#8217; Resumen<br \/>\n<strong>Anabela Cardoso, David Fontana<\/strong> and <strong>Daniele Gull\u00e0<\/strong><\/p>\n<p>The Swedish Society for Parapsychological Research<br \/>\n<strong>Edgar E. M\u00fcller<\/strong><\/p>\n<p>An unforgettable stay in Sweden<br \/>\n<strong>Anabela Cardoso<\/strong><\/p>\n<p>Lizz Werneroth, a successful ITC experimenter for 40 years<br \/>\n<strong>Georg Lindstr\u00f6m<\/strong><\/p>\n<p>The Seminars on ITC Techniques \/ Os Semin\u00e1rios sobre T\u00e9cnicas de TCI<br \/>\nSemin\u00e1rio de Pr\u00e1tica de TCI em Lisboa<br \/>\nComent\u00e1rios \/ Opiniones \/ Participants Reports<\/p>\n<p>ITC Journal Research Centre Calendar 2007<br \/>\nCentro de Investigaci\u00f3n de Cuadernos de TCI Calendario 2007<\/p>\n<p>ITC News &#8211; Valdimir Delavre<br \/>\n<strong>Dr. Ernst Senkowski<\/strong><\/p>\n<p>Readers letters &#8211; Correio dos Leitores &#8211; Correo de los Lectores<\/p>\n<p>&nbsp;<\/p>\n<p>Dep. Legal: VG-435-2003<br \/>\nISSN: 1696-4586 ITC (Vigo)<\/p>\n","protected":false},"excerpt":{"rendered":"<p>Contents Editorial Love Stories Fox by Darren Williams Historias de Amor Fox de Darren Williams Hist\u00f3rias de Amor Fox de Darren Williams Dr Anabela Cardoso Un caso interesante de telepat\u00eda animal Anabela Cardoso Validation by Universal Image Recognition Programme of an Anomalous Photograph Anabela Cardoso, David Fontana and Daniele Gull\u00e0 Validaci\u00f3n de una fotograf\u00eda an\u00f3mala&hellip;<\/p>\n","protected":false},"featured_media":6053,"template":"","meta":[],"product_brand":[],"product_cat":[113],"product_tag":[123,122,120,121,119,125,124],"class_list":{"0":"post-4937","1":"product","2":"type-product","3":"status-publish","4":"has-post-thumbnail","6":"product_cat-journal","7":"product_tag-evp","8":"product_tag-hearing-voices","9":"product_tag-instrumental-transcommunication","10":"product_tag-itc","11":"product_tag-itc-jounal","12":"product_tag-physical-phenomena","13":"product_tag-survival","14":"description-off","16":"first","17":"instock","18":"shipping-taxable","19":"purchasable","20":"product-type-variable"},"yoast_head":"<!-- This site is optimized with the Yoast SEO plugin v27.4 - https:\/\/yoast.com\/product\/yoast-seo-wordpress\/ -->\n<title>Journal n\u00ba29 - Aug\/2007 - ItcJournal<\/title>\n<meta name=\"robots\" content=\"index, follow, max-snippet:-1, max-image-preview:large, max-video-preview:-1\" \/>\n<link rel=\"canonical\" href=\"http:\/\/www.itcjournal.org\/?product=journal-no29-aug2007\" \/>\n<meta property=\"og:locale\" content=\"en_GB\" \/>\n<meta property=\"og:type\" content=\"article\" \/>\n<meta property=\"og:title\" content=\"Journal n\u00ba29 - Aug\/2007 - ItcJournal\" \/>\n<meta property=\"og:description\" content=\"Contents Editorial Love Stories Fox by Darren Williams Historias de Amor Fox de Darren Williams Hist\u00f3rias de Amor Fox de Darren Williams Dr Anabela Cardoso Un caso interesante de telepat\u00eda animal Anabela Cardoso Validation by Universal Image Recognition Programme of an Anomalous Photograph Anabela Cardoso, David Fontana and Daniele Gull\u00e0 Validaci\u00f3n de una fotograf\u00eda an\u00f3mala&hellip;\" \/>\n<meta property=\"og:url\" content=\"http:\/\/www.itcjournal.org\/?product=journal-no29-aug2007\" \/>\n<meta property=\"og:site_name\" content=\"ItcJournal\" \/>\n<meta property=\"article:publisher\" content=\"https:\/\/www.facebook.com\/anabela.mouratocardoso\" \/>\n<meta property=\"article:modified_time\" content=\"2021-12-28T23:07:39+00:00\" \/>\n<meta property=\"og:image\" content=\"http:\/\/www.itcjournal.org\/wp-content\/uploads\/2016\/11\/29.jpg\" \/>\n\t<meta property=\"og:image:width\" content=\"363\" \/>\n\t<meta property=\"og:image:height\" content=\"500\" \/>\n\t<meta property=\"og:image:type\" content=\"image\/jpeg\" \/>\n<meta name=\"twitter:card\" content=\"summary_large_image\" \/>\n<meta name=\"twitter:site\" content=\"@anabela73767942\" \/>\n<meta name=\"twitter:label1\" content=\"Estimated reading time\" \/>\n\t<meta name=\"twitter:data1\" content=\"1 minute\" \/>\n<script type=\"application\/ld+json\" class=\"yoast-schema-graph\">{\"@context\":\"https:\\\/\\\/schema.org\",\"@graph\":[{\"@type\":\"WebPage\",\"@id\":\"http:\\\/\\\/www.itcjournal.org\\\/?product=journal-no29-aug2007\",\"url\":\"http:\\\/\\\/www.itcjournal.org\\\/?product=journal-no29-aug2007\",\"name\":\"Journal n\u00ba29 - Aug\\\/2007 - ItcJournal\",\"isPartOf\":{\"@id\":\"http:\\\/\\\/www.itcjournal.org\\\/#website\"},\"primaryImageOfPage\":{\"@id\":\"http:\\\/\\\/www.itcjournal.org\\\/?product=journal-no29-aug2007#primaryimage\"},\"image\":{\"@id\":\"http:\\\/\\\/www.itcjournal.org\\\/?product=journal-no29-aug2007#primaryimage\"},\"thumbnailUrl\":\"https:\\\/\\\/www.itcjournal.org\\\/wp-content\\\/uploads\\\/2016\\\/11\\\/29.jpg\",\"datePublished\":\"2016-11-07T21:33:52+00:00\",\"dateModified\":\"2021-12-28T23:07:39+00:00\",\"breadcrumb\":{\"@id\":\"http:\\\/\\\/www.itcjournal.org\\\/?product=journal-no29-aug2007#breadcrumb\"},\"inLanguage\":\"en-GB\",\"potentialAction\":[{\"@type\":\"ReadAction\",\"target\":[\"http:\\\/\\\/www.itcjournal.org\\\/?product=journal-no29-aug2007\"]}]},{\"@type\":\"ImageObject\",\"inLanguage\":\"en-GB\",\"@id\":\"http:\\\/\\\/www.itcjournal.org\\\/?product=journal-no29-aug2007#primaryimage\",\"url\":\"https:\\\/\\\/www.itcjournal.org\\\/wp-content\\\/uploads\\\/2016\\\/11\\\/29.jpg\",\"contentUrl\":\"https:\\\/\\\/www.itcjournal.org\\\/wp-content\\\/uploads\\\/2016\\\/11\\\/29.jpg\",\"width\":363,\"height\":500},{\"@type\":\"BreadcrumbList\",\"@id\":\"http:\\\/\\\/www.itcjournal.org\\\/?product=journal-no29-aug2007#breadcrumb\",\"itemListElement\":[{\"@type\":\"ListItem\",\"position\":1,\"name\":\"Home\",\"item\":\"http:\\\/\\\/www.itcjournal.org\\\/\"},{\"@type\":\"ListItem\",\"position\":2,\"name\":\"Shop\",\"item\":\"http:\\\/\\\/www.itcjournal.org\\\/?page_id=4576\"},{\"@type\":\"ListItem\",\"position\":3,\"name\":\"Journal n\u00ba29 &#8211; Aug\\\/2007\"}]},{\"@type\":\"WebSite\",\"@id\":\"http:\\\/\\\/www.itcjournal.org\\\/#website\",\"url\":\"http:\\\/\\\/www.itcjournal.org\\\/\",\"name\":\"ItcJournal\",\"description\":\"ITC Journal Investigation of Instrumental Transcommunication Phenomena.\",\"publisher\":{\"@id\":\"http:\\\/\\\/www.itcjournal.org\\\/#organization\"},\"alternateName\":\"ITC Journal - Instrumental Transcommunication\",\"potentialAction\":[{\"@type\":\"SearchAction\",\"target\":{\"@type\":\"EntryPoint\",\"urlTemplate\":\"http:\\\/\\\/www.itcjournal.org\\\/?s={search_term_string}\"},\"query-input\":{\"@type\":\"PropertyValueSpecification\",\"valueRequired\":true,\"valueName\":\"search_term_string\"}}],\"inLanguage\":\"en-GB\"},{\"@type\":\"Organization\",\"@id\":\"http:\\\/\\\/www.itcjournal.org\\\/#organization\",\"name\":\"ItcJournal ( Instrumental Transcommunication )\",\"url\":\"http:\\\/\\\/www.itcjournal.org\\\/\",\"logo\":{\"@type\":\"ImageObject\",\"inLanguage\":\"en-GB\",\"@id\":\"http:\\\/\\\/www.itcjournal.org\\\/#\\\/schema\\\/logo\\\/image\\\/\",\"url\":\"https:\\\/\\\/www.itcjournal.org\\\/wp-content\\\/uploads\\\/2013\\\/02\\\/itcjournal.png\",\"contentUrl\":\"https:\\\/\\\/www.itcjournal.org\\\/wp-content\\\/uploads\\\/2013\\\/02\\\/itcjournal.png\",\"width\":300,\"height\":81,\"caption\":\"ItcJournal ( Instrumental Transcommunication )\"},\"image\":{\"@id\":\"http:\\\/\\\/www.itcjournal.org\\\/#\\\/schema\\\/logo\\\/image\\\/\"},\"sameAs\":[\"https:\\\/\\\/www.facebook.com\\\/anabela.mouratocardoso\",\"https:\\\/\\\/x.com\\\/anabela73767942\"]}]}<\/script>\n<!-- \/ Yoast SEO plugin. -->","yoast_head_json":{"title":"Journal n\u00ba29 - Aug\/2007 - ItcJournal","robots":{"index":"index","follow":"follow","max-snippet":"max-snippet:-1","max-image-preview":"max-image-preview:large","max-video-preview":"max-video-preview:-1"},"canonical":"http:\/\/www.itcjournal.org\/?product=journal-no29-aug2007","og_locale":"en_GB","og_type":"article","og_title":"Journal n\u00ba29 - Aug\/2007 - ItcJournal","og_description":"Contents Editorial Love Stories Fox by Darren Williams Historias de Amor Fox de Darren Williams Hist\u00f3rias de Amor Fox de Darren Williams Dr Anabela Cardoso Un caso interesante de telepat\u00eda animal Anabela Cardoso Validation by Universal Image Recognition Programme of an Anomalous Photograph Anabela Cardoso, David Fontana and Daniele Gull\u00e0 Validaci\u00f3n de una fotograf\u00eda an\u00f3mala&hellip;","og_url":"http:\/\/www.itcjournal.org\/?product=journal-no29-aug2007","og_site_name":"ItcJournal","article_publisher":"https:\/\/www.facebook.com\/anabela.mouratocardoso","article_modified_time":"2021-12-28T23:07:39+00:00","og_image":[{"width":363,"height":500,"url":"http:\/\/www.itcjournal.org\/wp-content\/uploads\/2016\/11\/29.jpg","type":"image\/jpeg"}],"twitter_card":"summary_large_image","twitter_site":"@anabela73767942","twitter_misc":{"Estimated reading time":"1 minute"},"schema":{"@context":"https:\/\/schema.org","@graph":[{"@type":"WebPage","@id":"http:\/\/www.itcjournal.org\/?product=journal-no29-aug2007","url":"http:\/\/www.itcjournal.org\/?product=journal-no29-aug2007","name":"Journal n\u00ba29 - Aug\/2007 - ItcJournal","isPartOf":{"@id":"http:\/\/www.itcjournal.org\/#website"},"primaryImageOfPage":{"@id":"http:\/\/www.itcjournal.org\/?product=journal-no29-aug2007#primaryimage"},"image":{"@id":"http:\/\/www.itcjournal.org\/?product=journal-no29-aug2007#primaryimage"},"thumbnailUrl":"https:\/\/www.itcjournal.org\/wp-content\/uploads\/2016\/11\/29.jpg","datePublished":"2016-11-07T21:33:52+00:00","dateModified":"2021-12-28T23:07:39+00:00","breadcrumb":{"@id":"http:\/\/www.itcjournal.org\/?product=journal-no29-aug2007#breadcrumb"},"inLanguage":"en-GB","potentialAction":[{"@type":"ReadAction","target":["http:\/\/www.itcjournal.org\/?product=journal-no29-aug2007"]}]},{"@type":"ImageObject","inLanguage":"en-GB","@id":"http:\/\/www.itcjournal.org\/?product=journal-no29-aug2007#primaryimage","url":"https:\/\/www.itcjournal.org\/wp-content\/uploads\/2016\/11\/29.jpg","contentUrl":"https:\/\/www.itcjournal.org\/wp-content\/uploads\/2016\/11\/29.jpg","width":363,"height":500},{"@type":"BreadcrumbList","@id":"http:\/\/www.itcjournal.org\/?product=journal-no29-aug2007#breadcrumb","itemListElement":[{"@type":"ListItem","position":1,"name":"Home","item":"http:\/\/www.itcjournal.org\/"},{"@type":"ListItem","position":2,"name":"Shop","item":"http:\/\/www.itcjournal.org\/?page_id=4576"},{"@type":"ListItem","position":3,"name":"Journal n\u00ba29 &#8211; Aug\/2007"}]},{"@type":"WebSite","@id":"http:\/\/www.itcjournal.org\/#website","url":"http:\/\/www.itcjournal.org\/","name":"ItcJournal","description":"ITC Journal Investigation of Instrumental Transcommunication Phenomena.","publisher":{"@id":"http:\/\/www.itcjournal.org\/#organization"},"alternateName":"ITC Journal - Instrumental Transcommunication","potentialAction":[{"@type":"SearchAction","target":{"@type":"EntryPoint","urlTemplate":"http:\/\/www.itcjournal.org\/?s={search_term_string}"},"query-input":{"@type":"PropertyValueSpecification","valueRequired":true,"valueName":"search_term_string"}}],"inLanguage":"en-GB"},{"@type":"Organization","@id":"http:\/\/www.itcjournal.org\/#organization","name":"ItcJournal ( Instrumental Transcommunication )","url":"http:\/\/www.itcjournal.org\/","logo":{"@type":"ImageObject","inLanguage":"en-GB","@id":"http:\/\/www.itcjournal.org\/#\/schema\/logo\/image\/","url":"https:\/\/www.itcjournal.org\/wp-content\/uploads\/2013\/02\/itcjournal.png","contentUrl":"https:\/\/www.itcjournal.org\/wp-content\/uploads\/2013\/02\/itcjournal.png","width":300,"height":81,"caption":"ItcJournal ( Instrumental Transcommunication )"},"image":{"@id":"http:\/\/www.itcjournal.org\/#\/schema\/logo\/image\/"},"sameAs":["https:\/\/www.facebook.com\/anabela.mouratocardoso","https:\/\/x.com\/anabela73767942"]}]}},"_links":{"self":[{"href":"https:\/\/www.itcjournal.org\/index.php?rest_route=\/wp\/v2\/product\/4937","targetHints":{"allow":["GET"]}}],"collection":[{"href":"https:\/\/www.itcjournal.org\/index.php?rest_route=\/wp\/v2\/product"}],"about":[{"href":"https:\/\/www.itcjournal.org\/index.php?rest_route=\/wp\/v2\/types\/product"}],"wp:featuredmedia":[{"embeddable":true,"href":"https:\/\/www.itcjournal.org\/index.php?rest_route=\/wp\/v2\/media\/6053"}],"wp:attachment":[{"href":"https:\/\/www.itcjournal.org\/index.php?rest_route=%2Fwp%2Fv2%2Fmedia&parent=4937"}],"wp:term":[{"taxonomy":"product_brand","embeddable":true,"href":"https:\/\/www.itcjournal.org\/index.php?rest_route=%2Fwp%2Fv2%2Fproduct_brand&post=4937"},{"taxonomy":"product_cat","embeddable":true,"href":"https:\/\/www.itcjournal.org\/index.php?rest_route=%2Fwp%2Fv2%2Fproduct_cat&post=4937"},{"taxonomy":"product_tag","embeddable":true,"href":"https:\/\/www.itcjournal.org\/index.php?rest_route=%2Fwp%2Fv2%2Fproduct_tag&post=4937"}],"curies":[{"name":"wp","href":"https:\/\/api.w.org\/{rel}","templated":true}]}}