{"id":4936,"date":"2016-11-07T21:32:38","date_gmt":"2016-11-07T21:32:38","guid":{"rendered":"http:\/\/www.guia-verde.es\/itcjournal1\/?post_type=product&#038;p=4936"},"modified":"2021-12-28T23:08:10","modified_gmt":"2021-12-28T23:08:10","slug":"journal-no28-apr2007","status":"publish","type":"product","link":"https:\/\/www.itcjournal.org\/?product=journal-no28-apr2007","title":{"rendered":"Journal n\u00ba28 &#8211; Apr\/2007"},"content":{"rendered":"<h2>Contents<\/h2>\n<p>Editorial<br \/>\nThe Overwhelming Spread of Instrumental Transcommunication Contacts of High Quality<br \/>\nEl Extraordinario Incremento de los Contactos de Transcomunicaci\u00f3n Instrumentalde Alta Calidad<br \/>\nO Avassalador Incremento de Contactos de TCI de Alta Qualidade<br \/>\n<strong>Dr. Anabela Cardoso<\/strong><\/p>\n<p>ITC and its Role in Survival Research<br \/>\n<strong>Prof. David Fontana<\/strong><\/p>\n<p>Entrevista a Mario Varvoglis, director del Institut M\u00e9tapsychique International de Par\u00eds<br \/>\n<strong>Anabela Cardoso<\/strong> y <strong>Carlos G. Fern\u00e1ndez<\/strong><\/p>\n<p>Analysis of the Modifications of the Acoustical Low Frequency Spectrum in the Presence Of Altered States of Consciousness<br \/>\nC.T.U.<br \/>\n<strong>Daniele Gull\u00e0<\/strong> and <strong>Dr. Eng. Luciano Pederzoli<\/strong><\/p>\n<p>The Pioneers Revisited: An Interview with Paolo Presi<br \/>\n<strong>Dr. Anabela Cardoso<\/strong><\/p>\n<p>Personal Testimony&#8217; &#8211; &#8216;Testimonio&#8217; &#8211; &#8216;Depoimento&#8217;<br \/>\nJos\u00e9 Ignacio Carmona S\u00e1nchez &#8211; \u2018 El Reto de la TCI\u2019<br \/>\nITC News &#8211; In Memoriam &#8211; Olivier Costa de Beauregard<br \/>\nIn Memoriam &#8211; Paulo Roberto Gomes Cabral<br \/>\nThe Helene Reeder Memorial Fund, Grants for Research (Press Release)<br \/>\nThe 15th Anniversary International Conference of \u2018Infinitude\u2019 (Anabela Cardoso)<\/p>\n<p>Voces del M\u00e1s All\u00e1 Introducing a New Book by <strong>Carlos G. Fern\u00e1ndez<\/strong><\/p>\n<p>Sincronicidad de Fuerzas y Campos &#8220;Psi&#8221; como G\u00e9nesis del Hecho Paraf\u00f3nico<br \/>\n<strong>Jose Ignacio Carmona Sanchez<\/strong><\/p>\n<p>The Russian Pyramids<br \/>\n<strong>Roger Taylor, PhD<\/strong><\/p>\n<p>ITC Laboratory *<br \/>\n<strong>Carlos Fern\u00e1ndez<\/strong><\/p>\n<p>Os Semin\u00e1rios sobre T\u00e9cnicas de TCI \/ Los Seminarios sobre T\u00e9cnicas de TCI<br \/>\n\/The Seminars on ITC Techniques &#8211; comentario 88<br \/>\n<strong>Dra. Lu\u00edsa Alc\u00e2ntara<\/strong><\/p>\n<p>&nbsp;<\/p>\n<p>Dep. Legal: VG-435-2003<br \/>\nISSN: 1696-4586 ITC (Vigo<\/p>\n","protected":false},"excerpt":{"rendered":"<p>Contents Editorial The Overwhelming Spread of Instrumental Transcommunication Contacts of High Quality El Extraordinario Incremento de los Contactos de Transcomunicaci\u00f3n Instrumentalde Alta Calidad O Avassalador Incremento de Contactos de TCI de Alta Qualidade Dr. Anabela Cardoso ITC and its Role in Survival Research Prof. David Fontana Entrevista a Mario Varvoglis, director del Institut M\u00e9tapsychique International&hellip;<\/p>\n","protected":false},"featured_media":6054,"template":"","meta":[],"product_brand":[],"product_cat":[113],"product_tag":[123,122,120,121,119,125,124],"class_list":{"0":"post-4936","1":"product","2":"type-product","3":"status-publish","4":"has-post-thumbnail","6":"product_cat-journal","7":"product_tag-evp","8":"product_tag-hearing-voices","9":"product_tag-instrumental-transcommunication","10":"product_tag-itc","11":"product_tag-itc-jounal","12":"product_tag-physical-phenomena","13":"product_tag-survival","14":"description-off","16":"first","17":"instock","18":"shipping-taxable","19":"purchasable","20":"product-type-variable"},"yoast_head":"<!-- This site is optimized with the Yoast SEO plugin v27.4 - https:\/\/yoast.com\/product\/yoast-seo-wordpress\/ -->\n<title>Journal n\u00ba28 - Apr\/2007 - ItcJournal<\/title>\n<meta name=\"robots\" content=\"index, follow, max-snippet:-1, max-image-preview:large, max-video-preview:-1\" \/>\n<link rel=\"canonical\" href=\"http:\/\/www.itcjournal.org\/?product=journal-no28-apr2007\" \/>\n<meta property=\"og:locale\" content=\"en_GB\" \/>\n<meta property=\"og:type\" content=\"article\" \/>\n<meta property=\"og:title\" content=\"Journal n\u00ba28 - Apr\/2007 - ItcJournal\" \/>\n<meta property=\"og:description\" content=\"Contents Editorial The Overwhelming Spread of Instrumental Transcommunication Contacts of High Quality El Extraordinario Incremento de los Contactos de Transcomunicaci\u00f3n Instrumentalde Alta Calidad O Avassalador Incremento de Contactos de TCI de Alta Qualidade Dr. Anabela Cardoso ITC and its Role in Survival Research Prof. David Fontana Entrevista a Mario Varvoglis, director del Institut M\u00e9tapsychique International&hellip;\" \/>\n<meta property=\"og:url\" content=\"http:\/\/www.itcjournal.org\/?product=journal-no28-apr2007\" \/>\n<meta property=\"og:site_name\" content=\"ItcJournal\" \/>\n<meta property=\"article:publisher\" content=\"https:\/\/www.facebook.com\/anabela.mouratocardoso\" \/>\n<meta property=\"article:modified_time\" content=\"2021-12-28T23:08:10+00:00\" \/>\n<meta property=\"og:image\" content=\"http:\/\/www.itcjournal.org\/wp-content\/uploads\/2016\/11\/28.jpg\" \/>\n\t<meta property=\"og:image:width\" content=\"357\" \/>\n\t<meta property=\"og:image:height\" content=\"500\" \/>\n\t<meta property=\"og:image:type\" content=\"image\/jpeg\" \/>\n<meta name=\"twitter:card\" content=\"summary_large_image\" \/>\n<meta name=\"twitter:site\" content=\"@anabela73767942\" \/>\n<meta name=\"twitter:label1\" content=\"Estimated reading time\" \/>\n\t<meta name=\"twitter:data1\" content=\"1 minute\" \/>\n<script type=\"application\/ld+json\" class=\"yoast-schema-graph\">{\"@context\":\"https:\\\/\\\/schema.org\",\"@graph\":[{\"@type\":\"WebPage\",\"@id\":\"http:\\\/\\\/www.itcjournal.org\\\/?product=journal-no28-apr2007\",\"url\":\"http:\\\/\\\/www.itcjournal.org\\\/?product=journal-no28-apr2007\",\"name\":\"Journal n\u00ba28 - Apr\\\/2007 - ItcJournal\",\"isPartOf\":{\"@id\":\"https:\\\/\\\/www.itcjournal.org\\\/#website\"},\"primaryImageOfPage\":{\"@id\":\"http:\\\/\\\/www.itcjournal.org\\\/?product=journal-no28-apr2007#primaryimage\"},\"image\":{\"@id\":\"http:\\\/\\\/www.itcjournal.org\\\/?product=journal-no28-apr2007#primaryimage\"},\"thumbnailUrl\":\"https:\\\/\\\/www.itcjournal.org\\\/wp-content\\\/uploads\\\/2016\\\/11\\\/28.jpg\",\"datePublished\":\"2016-11-07T21:32:38+00:00\",\"dateModified\":\"2021-12-28T23:08:10+00:00\",\"breadcrumb\":{\"@id\":\"http:\\\/\\\/www.itcjournal.org\\\/?product=journal-no28-apr2007#breadcrumb\"},\"inLanguage\":\"en-GB\",\"potentialAction\":[{\"@type\":\"ReadAction\",\"target\":[\"http:\\\/\\\/www.itcjournal.org\\\/?product=journal-no28-apr2007\"]}]},{\"@type\":\"ImageObject\",\"inLanguage\":\"en-GB\",\"@id\":\"http:\\\/\\\/www.itcjournal.org\\\/?product=journal-no28-apr2007#primaryimage\",\"url\":\"https:\\\/\\\/www.itcjournal.org\\\/wp-content\\\/uploads\\\/2016\\\/11\\\/28.jpg\",\"contentUrl\":\"https:\\\/\\\/www.itcjournal.org\\\/wp-content\\\/uploads\\\/2016\\\/11\\\/28.jpg\",\"width\":357,\"height\":500},{\"@type\":\"BreadcrumbList\",\"@id\":\"http:\\\/\\\/www.itcjournal.org\\\/?product=journal-no28-apr2007#breadcrumb\",\"itemListElement\":[{\"@type\":\"ListItem\",\"position\":1,\"name\":\"Home\",\"item\":\"https:\\\/\\\/www.itcjournal.org\\\/\"},{\"@type\":\"ListItem\",\"position\":2,\"name\":\"Shop\",\"item\":\"https:\\\/\\\/www.itcjournal.org\\\/?page_id=4576\"},{\"@type\":\"ListItem\",\"position\":3,\"name\":\"Journal n\u00ba28 &#8211; Apr\\\/2007\"}]},{\"@type\":\"WebSite\",\"@id\":\"https:\\\/\\\/www.itcjournal.org\\\/#website\",\"url\":\"https:\\\/\\\/www.itcjournal.org\\\/\",\"name\":\"ItcJournal\",\"description\":\"ITC Journal Investigation of Instrumental Transcommunication Phenomena.\",\"publisher\":{\"@id\":\"https:\\\/\\\/www.itcjournal.org\\\/#organization\"},\"alternateName\":\"ITC Journal - Instrumental Transcommunication\",\"potentialAction\":[{\"@type\":\"SearchAction\",\"target\":{\"@type\":\"EntryPoint\",\"urlTemplate\":\"https:\\\/\\\/www.itcjournal.org\\\/?s={search_term_string}\"},\"query-input\":{\"@type\":\"PropertyValueSpecification\",\"valueRequired\":true,\"valueName\":\"search_term_string\"}}],\"inLanguage\":\"en-GB\"},{\"@type\":\"Organization\",\"@id\":\"https:\\\/\\\/www.itcjournal.org\\\/#organization\",\"name\":\"ItcJournal ( Instrumental Transcommunication )\",\"url\":\"https:\\\/\\\/www.itcjournal.org\\\/\",\"logo\":{\"@type\":\"ImageObject\",\"inLanguage\":\"en-GB\",\"@id\":\"https:\\\/\\\/www.itcjournal.org\\\/#\\\/schema\\\/logo\\\/image\\\/\",\"url\":\"https:\\\/\\\/www.itcjournal.org\\\/wp-content\\\/uploads\\\/2013\\\/02\\\/itcjournal.png\",\"contentUrl\":\"https:\\\/\\\/www.itcjournal.org\\\/wp-content\\\/uploads\\\/2013\\\/02\\\/itcjournal.png\",\"width\":300,\"height\":81,\"caption\":\"ItcJournal ( Instrumental Transcommunication )\"},\"image\":{\"@id\":\"https:\\\/\\\/www.itcjournal.org\\\/#\\\/schema\\\/logo\\\/image\\\/\"},\"sameAs\":[\"https:\\\/\\\/www.facebook.com\\\/anabela.mouratocardoso\",\"https:\\\/\\\/x.com\\\/anabela73767942\"]}]}<\/script>\n<!-- \/ Yoast SEO plugin. -->","yoast_head_json":{"title":"Journal n\u00ba28 - Apr\/2007 - ItcJournal","robots":{"index":"index","follow":"follow","max-snippet":"max-snippet:-1","max-image-preview":"max-image-preview:large","max-video-preview":"max-video-preview:-1"},"canonical":"http:\/\/www.itcjournal.org\/?product=journal-no28-apr2007","og_locale":"en_GB","og_type":"article","og_title":"Journal n\u00ba28 - Apr\/2007 - ItcJournal","og_description":"Contents Editorial The Overwhelming Spread of Instrumental Transcommunication Contacts of High Quality El Extraordinario Incremento de los Contactos de Transcomunicaci\u00f3n Instrumentalde Alta Calidad O Avassalador Incremento de Contactos de TCI de Alta Qualidade Dr. Anabela Cardoso ITC and its Role in Survival Research Prof. David Fontana Entrevista a Mario Varvoglis, director del Institut M\u00e9tapsychique International&hellip;","og_url":"http:\/\/www.itcjournal.org\/?product=journal-no28-apr2007","og_site_name":"ItcJournal","article_publisher":"https:\/\/www.facebook.com\/anabela.mouratocardoso","article_modified_time":"2021-12-28T23:08:10+00:00","og_image":[{"width":357,"height":500,"url":"http:\/\/www.itcjournal.org\/wp-content\/uploads\/2016\/11\/28.jpg","type":"image\/jpeg"}],"twitter_card":"summary_large_image","twitter_site":"@anabela73767942","twitter_misc":{"Estimated reading time":"1 minute"},"schema":{"@context":"https:\/\/schema.org","@graph":[{"@type":"WebPage","@id":"http:\/\/www.itcjournal.org\/?product=journal-no28-apr2007","url":"http:\/\/www.itcjournal.org\/?product=journal-no28-apr2007","name":"Journal n\u00ba28 - Apr\/2007 - ItcJournal","isPartOf":{"@id":"https:\/\/www.itcjournal.org\/#website"},"primaryImageOfPage":{"@id":"http:\/\/www.itcjournal.org\/?product=journal-no28-apr2007#primaryimage"},"image":{"@id":"http:\/\/www.itcjournal.org\/?product=journal-no28-apr2007#primaryimage"},"thumbnailUrl":"https:\/\/www.itcjournal.org\/wp-content\/uploads\/2016\/11\/28.jpg","datePublished":"2016-11-07T21:32:38+00:00","dateModified":"2021-12-28T23:08:10+00:00","breadcrumb":{"@id":"http:\/\/www.itcjournal.org\/?product=journal-no28-apr2007#breadcrumb"},"inLanguage":"en-GB","potentialAction":[{"@type":"ReadAction","target":["http:\/\/www.itcjournal.org\/?product=journal-no28-apr2007"]}]},{"@type":"ImageObject","inLanguage":"en-GB","@id":"http:\/\/www.itcjournal.org\/?product=journal-no28-apr2007#primaryimage","url":"https:\/\/www.itcjournal.org\/wp-content\/uploads\/2016\/11\/28.jpg","contentUrl":"https:\/\/www.itcjournal.org\/wp-content\/uploads\/2016\/11\/28.jpg","width":357,"height":500},{"@type":"BreadcrumbList","@id":"http:\/\/www.itcjournal.org\/?product=journal-no28-apr2007#breadcrumb","itemListElement":[{"@type":"ListItem","position":1,"name":"Home","item":"https:\/\/www.itcjournal.org\/"},{"@type":"ListItem","position":2,"name":"Shop","item":"https:\/\/www.itcjournal.org\/?page_id=4576"},{"@type":"ListItem","position":3,"name":"Journal n\u00ba28 &#8211; Apr\/2007"}]},{"@type":"WebSite","@id":"https:\/\/www.itcjournal.org\/#website","url":"https:\/\/www.itcjournal.org\/","name":"ItcJournal","description":"ITC Journal Investigation of Instrumental Transcommunication Phenomena.","publisher":{"@id":"https:\/\/www.itcjournal.org\/#organization"},"alternateName":"ITC Journal - Instrumental Transcommunication","potentialAction":[{"@type":"SearchAction","target":{"@type":"EntryPoint","urlTemplate":"https:\/\/www.itcjournal.org\/?s={search_term_string}"},"query-input":{"@type":"PropertyValueSpecification","valueRequired":true,"valueName":"search_term_string"}}],"inLanguage":"en-GB"},{"@type":"Organization","@id":"https:\/\/www.itcjournal.org\/#organization","name":"ItcJournal ( Instrumental Transcommunication )","url":"https:\/\/www.itcjournal.org\/","logo":{"@type":"ImageObject","inLanguage":"en-GB","@id":"https:\/\/www.itcjournal.org\/#\/schema\/logo\/image\/","url":"https:\/\/www.itcjournal.org\/wp-content\/uploads\/2013\/02\/itcjournal.png","contentUrl":"https:\/\/www.itcjournal.org\/wp-content\/uploads\/2013\/02\/itcjournal.png","width":300,"height":81,"caption":"ItcJournal ( Instrumental Transcommunication )"},"image":{"@id":"https:\/\/www.itcjournal.org\/#\/schema\/logo\/image\/"},"sameAs":["https:\/\/www.facebook.com\/anabela.mouratocardoso","https:\/\/x.com\/anabela73767942"]}]}},"_links":{"self":[{"href":"https:\/\/www.itcjournal.org\/index.php?rest_route=\/wp\/v2\/product\/4936","targetHints":{"allow":["GET"]}}],"collection":[{"href":"https:\/\/www.itcjournal.org\/index.php?rest_route=\/wp\/v2\/product"}],"about":[{"href":"https:\/\/www.itcjournal.org\/index.php?rest_route=\/wp\/v2\/types\/product"}],"wp:featuredmedia":[{"embeddable":true,"href":"https:\/\/www.itcjournal.org\/index.php?rest_route=\/wp\/v2\/media\/6054"}],"wp:attachment":[{"href":"https:\/\/www.itcjournal.org\/index.php?rest_route=%2Fwp%2Fv2%2Fmedia&parent=4936"}],"wp:term":[{"taxonomy":"product_brand","embeddable":true,"href":"https:\/\/www.itcjournal.org\/index.php?rest_route=%2Fwp%2Fv2%2Fproduct_brand&post=4936"},{"taxonomy":"product_cat","embeddable":true,"href":"https:\/\/www.itcjournal.org\/index.php?rest_route=%2Fwp%2Fv2%2Fproduct_cat&post=4936"},{"taxonomy":"product_tag","embeddable":true,"href":"https:\/\/www.itcjournal.org\/index.php?rest_route=%2Fwp%2Fv2%2Fproduct_tag&post=4936"}],"curies":[{"name":"wp","href":"https:\/\/api.w.org\/{rel}","templated":true}]}}