{"id":4933,"date":"2016-11-07T21:28:54","date_gmt":"2016-11-07T21:28:54","guid":{"rendered":"http:\/\/www.guia-verde.es\/itcjournal1\/?post_type=product&#038;p=4933"},"modified":"2021-12-28T23:09:52","modified_gmt":"2021-12-28T23:09:52","slug":"journal-no25-mar2006","status":"publish","type":"product","link":"https:\/\/www.itcjournal.org\/?product=journal-no25-mar2006","title":{"rendered":"Journal n\u00ba25 &#8211; Mar\/2006"},"content":{"rendered":"<h2>Contents<\/h2>\n<p>Editorial<br \/>\nA Word of Thanks for Marcello Bacci<br \/>\nUna palabra de agradecimiento para Marcello Bacci<br \/>\nUma palavra de agradecimento para Marcello Bacci<br \/>\n<strong>Dr. Anabela Cardoso<\/strong><\/p>\n<p>\u00a1Extraordinarias Noticias!<br \/>\nWonderfull News!<br \/>\n<strong>Dr. Anabela Cardoso<\/strong><\/p>\n<p><strong>Marcello Bacci<\/strong> entrevistado por <strong>Anabela Cardoso<\/strong><br \/>\n<strong>Marcello Bacci<\/strong> interviewed by <strong>Anabela Cardoso<\/strong><\/p>\n<p>Second Visit to the Studio of <strong>Marcello Bacci<\/strong> in Grosseto<br \/>\n<strong>Dr. Anabela Cardoso<\/strong> and <strong>Professor David Fontana<\/strong><\/p>\n<p>\u00bfPensamiento creativo o TCI?<br \/>\nAre Thought or ITC the Creators?<br \/>\n<strong>Jacques Blanc-Garin<\/strong><\/p>\n<p>Paranormal Electronic Voices Received under Exceptional Conditions at the Studio of <strong>Marcello Bacci<\/strong> in Grosseto, Italy<br \/>\n<strong>Dr. Anabela Cardoso<\/strong> and <strong>Professor David Fontana<\/strong><\/p>\n<p>Las frecuencias radioel\u00e9ctricas de R\u00edo do Tempo. La emisi\u00f3n prohibida. Conclusiones nuevas<br \/>\nThe Radioelectric Frequencies of Rio do Tempo. The Forbidden Emission. New Conclusion<\/p>\n<p>Chico Xabier e Hernani Guimaraes Andrade<br \/>\n<strong>Carlos Eduardo Noronha Luz<\/strong><\/p>\n<p>Transcript of two ITC experiments with <strong>Hans Otto K\u00f6nig<\/strong><\/p>\n<p>ITC News<br \/>\nAAEVP Anouncement of Conference<br \/>\nHelene Reeder Award<br \/>\nPress Release &#8211; Applications for Helene Reeder Award for 2006<\/p>\n<p>Correo de los Lectores &#8211; Reader&#8217;s Letters &#8211; Correio dos Leitores<br \/>\n<strong>Josette Tapenard Lassagne<br \/>\nSarah Estep<br \/>\nProfessor Carl Steenstrup<\/strong><\/p>\n<p>&nbsp;<\/p>\n<p>Dep. Legal: VG-435-2003<br \/>\nISSN: 1696-4586 ITC (Vigo)<\/p>\n","protected":false},"excerpt":{"rendered":"<p>Contents Editorial A Word of Thanks for Marcello Bacci Una palabra de agradecimiento para Marcello Bacci Uma palavra de agradecimento para Marcello Bacci Dr. Anabela Cardoso \u00a1Extraordinarias Noticias! Wonderfull News! Dr. Anabela Cardoso Marcello Bacci entrevistado por Anabela Cardoso Marcello Bacci interviewed by Anabela Cardoso Second Visit to the Studio of Marcello Bacci in Grosseto&hellip;<\/p>\n","protected":false},"featured_media":6057,"template":"","meta":[],"product_brand":[],"product_cat":[113],"product_tag":[123,122,120,121,119,125,124],"class_list":{"0":"post-4933","1":"product","2":"type-product","3":"status-publish","4":"has-post-thumbnail","6":"product_cat-journal","7":"product_tag-evp","8":"product_tag-hearing-voices","9":"product_tag-instrumental-transcommunication","10":"product_tag-itc","11":"product_tag-itc-jounal","12":"product_tag-physical-phenomena","13":"product_tag-survival","14":"description-off","16":"first","17":"instock","18":"shipping-taxable","19":"purchasable","20":"product-type-variable"},"yoast_head":"<!-- This site is optimized with the Yoast SEO plugin v27.4 - https:\/\/yoast.com\/product\/yoast-seo-wordpress\/ -->\n<title>Journal n\u00ba25 - Mar\/2006 - ItcJournal<\/title>\n<meta name=\"robots\" content=\"index, follow, max-snippet:-1, max-image-preview:large, max-video-preview:-1\" \/>\n<link rel=\"canonical\" href=\"https:\/\/www.itcjournal.org\/?product=journal-no25-mar2006\" \/>\n<meta property=\"og:locale\" content=\"en_GB\" \/>\n<meta property=\"og:type\" content=\"article\" \/>\n<meta property=\"og:title\" content=\"Journal n\u00ba25 - Mar\/2006 - ItcJournal\" \/>\n<meta property=\"og:description\" content=\"Contents Editorial A Word of Thanks for Marcello Bacci Una palabra de agradecimiento para Marcello Bacci Uma palavra de agradecimento para Marcello Bacci Dr. Anabela Cardoso \u00a1Extraordinarias Noticias! Wonderfull News! Dr. Anabela Cardoso Marcello Bacci entrevistado por Anabela Cardoso Marcello Bacci interviewed by Anabela Cardoso Second Visit to the Studio of Marcello Bacci in Grosseto&hellip;\" \/>\n<meta property=\"og:url\" content=\"https:\/\/www.itcjournal.org\/?product=journal-no25-mar2006\" \/>\n<meta property=\"og:site_name\" content=\"ItcJournal\" \/>\n<meta property=\"article:publisher\" content=\"https:\/\/www.facebook.com\/anabela.mouratocardoso\" \/>\n<meta property=\"article:modified_time\" content=\"2021-12-28T23:09:52+00:00\" \/>\n<meta property=\"og:image\" content=\"https:\/\/www.itcjournal.org\/wp-content\/uploads\/2016\/11\/25.jpg\" \/>\n\t<meta property=\"og:image:width\" content=\"352\" \/>\n\t<meta property=\"og:image:height\" content=\"500\" \/>\n\t<meta property=\"og:image:type\" content=\"image\/jpeg\" \/>\n<meta name=\"twitter:card\" content=\"summary_large_image\" \/>\n<meta name=\"twitter:site\" content=\"@anabela73767942\" \/>\n<meta name=\"twitter:label1\" content=\"Estimated reading time\" \/>\n\t<meta name=\"twitter:data1\" content=\"1 minute\" \/>\n<script type=\"application\/ld+json\" class=\"yoast-schema-graph\">{\"@context\":\"https:\\\/\\\/schema.org\",\"@graph\":[{\"@type\":\"WebPage\",\"@id\":\"https:\\\/\\\/www.itcjournal.org\\\/?product=journal-no25-mar2006\",\"url\":\"https:\\\/\\\/www.itcjournal.org\\\/?product=journal-no25-mar2006\",\"name\":\"Journal n\u00ba25 - Mar\\\/2006 - ItcJournal\",\"isPartOf\":{\"@id\":\"http:\\\/\\\/www.itcjournal.org\\\/#website\"},\"primaryImageOfPage\":{\"@id\":\"https:\\\/\\\/www.itcjournal.org\\\/?product=journal-no25-mar2006#primaryimage\"},\"image\":{\"@id\":\"https:\\\/\\\/www.itcjournal.org\\\/?product=journal-no25-mar2006#primaryimage\"},\"thumbnailUrl\":\"https:\\\/\\\/www.itcjournal.org\\\/wp-content\\\/uploads\\\/2016\\\/11\\\/25.jpg\",\"datePublished\":\"2016-11-07T21:28:54+00:00\",\"dateModified\":\"2021-12-28T23:09:52+00:00\",\"breadcrumb\":{\"@id\":\"https:\\\/\\\/www.itcjournal.org\\\/?product=journal-no25-mar2006#breadcrumb\"},\"inLanguage\":\"en-GB\",\"potentialAction\":[{\"@type\":\"ReadAction\",\"target\":[\"https:\\\/\\\/www.itcjournal.org\\\/?product=journal-no25-mar2006\"]}]},{\"@type\":\"ImageObject\",\"inLanguage\":\"en-GB\",\"@id\":\"https:\\\/\\\/www.itcjournal.org\\\/?product=journal-no25-mar2006#primaryimage\",\"url\":\"https:\\\/\\\/www.itcjournal.org\\\/wp-content\\\/uploads\\\/2016\\\/11\\\/25.jpg\",\"contentUrl\":\"https:\\\/\\\/www.itcjournal.org\\\/wp-content\\\/uploads\\\/2016\\\/11\\\/25.jpg\",\"width\":352,\"height\":500},{\"@type\":\"BreadcrumbList\",\"@id\":\"https:\\\/\\\/www.itcjournal.org\\\/?product=journal-no25-mar2006#breadcrumb\",\"itemListElement\":[{\"@type\":\"ListItem\",\"position\":1,\"name\":\"Home\",\"item\":\"http:\\\/\\\/www.itcjournal.org\\\/\"},{\"@type\":\"ListItem\",\"position\":2,\"name\":\"Shop\",\"item\":\"http:\\\/\\\/www.itcjournal.org\\\/?page_id=4576\"},{\"@type\":\"ListItem\",\"position\":3,\"name\":\"Journal n\u00ba25 &#8211; Mar\\\/2006\"}]},{\"@type\":\"WebSite\",\"@id\":\"http:\\\/\\\/www.itcjournal.org\\\/#website\",\"url\":\"http:\\\/\\\/www.itcjournal.org\\\/\",\"name\":\"ItcJournal\",\"description\":\"ITC Journal Investigation of Instrumental Transcommunication Phenomena.\",\"publisher\":{\"@id\":\"http:\\\/\\\/www.itcjournal.org\\\/#organization\"},\"alternateName\":\"ITC Journal - Instrumental Transcommunication\",\"potentialAction\":[{\"@type\":\"SearchAction\",\"target\":{\"@type\":\"EntryPoint\",\"urlTemplate\":\"http:\\\/\\\/www.itcjournal.org\\\/?s={search_term_string}\"},\"query-input\":{\"@type\":\"PropertyValueSpecification\",\"valueRequired\":true,\"valueName\":\"search_term_string\"}}],\"inLanguage\":\"en-GB\"},{\"@type\":\"Organization\",\"@id\":\"http:\\\/\\\/www.itcjournal.org\\\/#organization\",\"name\":\"ItcJournal ( Instrumental Transcommunication )\",\"url\":\"http:\\\/\\\/www.itcjournal.org\\\/\",\"logo\":{\"@type\":\"ImageObject\",\"inLanguage\":\"en-GB\",\"@id\":\"http:\\\/\\\/www.itcjournal.org\\\/#\\\/schema\\\/logo\\\/image\\\/\",\"url\":\"https:\\\/\\\/www.itcjournal.org\\\/wp-content\\\/uploads\\\/2013\\\/02\\\/itcjournal.png\",\"contentUrl\":\"https:\\\/\\\/www.itcjournal.org\\\/wp-content\\\/uploads\\\/2013\\\/02\\\/itcjournal.png\",\"width\":300,\"height\":81,\"caption\":\"ItcJournal ( Instrumental Transcommunication )\"},\"image\":{\"@id\":\"http:\\\/\\\/www.itcjournal.org\\\/#\\\/schema\\\/logo\\\/image\\\/\"},\"sameAs\":[\"https:\\\/\\\/www.facebook.com\\\/anabela.mouratocardoso\",\"https:\\\/\\\/x.com\\\/anabela73767942\"]}]}<\/script>\n<!-- \/ Yoast SEO plugin. -->","yoast_head_json":{"title":"Journal n\u00ba25 - Mar\/2006 - ItcJournal","robots":{"index":"index","follow":"follow","max-snippet":"max-snippet:-1","max-image-preview":"max-image-preview:large","max-video-preview":"max-video-preview:-1"},"canonical":"https:\/\/www.itcjournal.org\/?product=journal-no25-mar2006","og_locale":"en_GB","og_type":"article","og_title":"Journal n\u00ba25 - Mar\/2006 - ItcJournal","og_description":"Contents Editorial A Word of Thanks for Marcello Bacci Una palabra de agradecimiento para Marcello Bacci Uma palavra de agradecimento para Marcello Bacci Dr. Anabela Cardoso \u00a1Extraordinarias Noticias! Wonderfull News! Dr. Anabela Cardoso Marcello Bacci entrevistado por Anabela Cardoso Marcello Bacci interviewed by Anabela Cardoso Second Visit to the Studio of Marcello Bacci in Grosseto&hellip;","og_url":"https:\/\/www.itcjournal.org\/?product=journal-no25-mar2006","og_site_name":"ItcJournal","article_publisher":"https:\/\/www.facebook.com\/anabela.mouratocardoso","article_modified_time":"2021-12-28T23:09:52+00:00","og_image":[{"width":352,"height":500,"url":"https:\/\/www.itcjournal.org\/wp-content\/uploads\/2016\/11\/25.jpg","type":"image\/jpeg"}],"twitter_card":"summary_large_image","twitter_site":"@anabela73767942","twitter_misc":{"Estimated reading time":"1 minute"},"schema":{"@context":"https:\/\/schema.org","@graph":[{"@type":"WebPage","@id":"https:\/\/www.itcjournal.org\/?product=journal-no25-mar2006","url":"https:\/\/www.itcjournal.org\/?product=journal-no25-mar2006","name":"Journal n\u00ba25 - Mar\/2006 - ItcJournal","isPartOf":{"@id":"http:\/\/www.itcjournal.org\/#website"},"primaryImageOfPage":{"@id":"https:\/\/www.itcjournal.org\/?product=journal-no25-mar2006#primaryimage"},"image":{"@id":"https:\/\/www.itcjournal.org\/?product=journal-no25-mar2006#primaryimage"},"thumbnailUrl":"https:\/\/www.itcjournal.org\/wp-content\/uploads\/2016\/11\/25.jpg","datePublished":"2016-11-07T21:28:54+00:00","dateModified":"2021-12-28T23:09:52+00:00","breadcrumb":{"@id":"https:\/\/www.itcjournal.org\/?product=journal-no25-mar2006#breadcrumb"},"inLanguage":"en-GB","potentialAction":[{"@type":"ReadAction","target":["https:\/\/www.itcjournal.org\/?product=journal-no25-mar2006"]}]},{"@type":"ImageObject","inLanguage":"en-GB","@id":"https:\/\/www.itcjournal.org\/?product=journal-no25-mar2006#primaryimage","url":"https:\/\/www.itcjournal.org\/wp-content\/uploads\/2016\/11\/25.jpg","contentUrl":"https:\/\/www.itcjournal.org\/wp-content\/uploads\/2016\/11\/25.jpg","width":352,"height":500},{"@type":"BreadcrumbList","@id":"https:\/\/www.itcjournal.org\/?product=journal-no25-mar2006#breadcrumb","itemListElement":[{"@type":"ListItem","position":1,"name":"Home","item":"http:\/\/www.itcjournal.org\/"},{"@type":"ListItem","position":2,"name":"Shop","item":"http:\/\/www.itcjournal.org\/?page_id=4576"},{"@type":"ListItem","position":3,"name":"Journal n\u00ba25 &#8211; Mar\/2006"}]},{"@type":"WebSite","@id":"http:\/\/www.itcjournal.org\/#website","url":"http:\/\/www.itcjournal.org\/","name":"ItcJournal","description":"ITC Journal Investigation of Instrumental Transcommunication Phenomena.","publisher":{"@id":"http:\/\/www.itcjournal.org\/#organization"},"alternateName":"ITC Journal - Instrumental Transcommunication","potentialAction":[{"@type":"SearchAction","target":{"@type":"EntryPoint","urlTemplate":"http:\/\/www.itcjournal.org\/?s={search_term_string}"},"query-input":{"@type":"PropertyValueSpecification","valueRequired":true,"valueName":"search_term_string"}}],"inLanguage":"en-GB"},{"@type":"Organization","@id":"http:\/\/www.itcjournal.org\/#organization","name":"ItcJournal ( Instrumental Transcommunication )","url":"http:\/\/www.itcjournal.org\/","logo":{"@type":"ImageObject","inLanguage":"en-GB","@id":"http:\/\/www.itcjournal.org\/#\/schema\/logo\/image\/","url":"https:\/\/www.itcjournal.org\/wp-content\/uploads\/2013\/02\/itcjournal.png","contentUrl":"https:\/\/www.itcjournal.org\/wp-content\/uploads\/2013\/02\/itcjournal.png","width":300,"height":81,"caption":"ItcJournal ( Instrumental Transcommunication )"},"image":{"@id":"http:\/\/www.itcjournal.org\/#\/schema\/logo\/image\/"},"sameAs":["https:\/\/www.facebook.com\/anabela.mouratocardoso","https:\/\/x.com\/anabela73767942"]}]}},"_links":{"self":[{"href":"https:\/\/www.itcjournal.org\/index.php?rest_route=\/wp\/v2\/product\/4933","targetHints":{"allow":["GET"]}}],"collection":[{"href":"https:\/\/www.itcjournal.org\/index.php?rest_route=\/wp\/v2\/product"}],"about":[{"href":"https:\/\/www.itcjournal.org\/index.php?rest_route=\/wp\/v2\/types\/product"}],"wp:featuredmedia":[{"embeddable":true,"href":"https:\/\/www.itcjournal.org\/index.php?rest_route=\/wp\/v2\/media\/6057"}],"wp:attachment":[{"href":"https:\/\/www.itcjournal.org\/index.php?rest_route=%2Fwp%2Fv2%2Fmedia&parent=4933"}],"wp:term":[{"taxonomy":"product_brand","embeddable":true,"href":"https:\/\/www.itcjournal.org\/index.php?rest_route=%2Fwp%2Fv2%2Fproduct_brand&post=4933"},{"taxonomy":"product_cat","embeddable":true,"href":"https:\/\/www.itcjournal.org\/index.php?rest_route=%2Fwp%2Fv2%2Fproduct_cat&post=4933"},{"taxonomy":"product_tag","embeddable":true,"href":"https:\/\/www.itcjournal.org\/index.php?rest_route=%2Fwp%2Fv2%2Fproduct_tag&post=4933"}],"curies":[{"name":"wp","href":"https:\/\/api.w.org\/{rel}","templated":true}]}}