{"id":4931,"date":"2016-11-07T21:26:26","date_gmt":"2016-11-07T21:26:26","guid":{"rendered":"http:\/\/www.guia-verde.es\/itcjournal1\/?post_type=product&#038;p=4931"},"modified":"2021-12-28T23:28:25","modified_gmt":"2021-12-28T23:28:25","slug":"journal-no23-sep2005","status":"publish","type":"product","link":"https:\/\/www.itcjournal.org\/?product=journal-no23-sep2005","title":{"rendered":"Journal n\u00ba23 &#8211; Sep\/2005"},"content":{"rendered":"<h2>Contents<\/h2>\n<p>Editorial<br \/>\nA Import\u00e2ncia das Coisas Simples<br \/>\nLa Importancia de las Cosas Sencillas<br \/>\nThe Importance of Simple Things<br \/>\n<strong>Dr. Anabela Cardoso<\/strong><\/p>\n<p>Definitive Programme Second International Conference Current Research into Survival of Physical Death with Special Reference<br \/>\nto Instrumental Transcommunication (ITC)<\/p>\n<p>Programa Definitivo Segundo Congreso Internacional Investigaci\u00f3n Actual sobre la Supervivencia a la Muerte F\u00edsica con Especial Menci\u00f3n a la Transcomunicaci\u00f3n Instrumental (TCI)<\/p>\n<p>ITC: What Kind of Technology?<br \/>\n<strong>Professor David Fontana<\/strong><\/p>\n<p>Some Common Principles of Physical Worlds<br \/>\n<strong>Dr. Alexander Katsman<\/strong><\/p>\n<p>Ref. ITC Journal, No. 22, June 2005, p. 49-51 Raul Valin:<br \/>\n&#8216;The Other Side&#8217;<br \/>\n<strong>Dr. Ernst Senkowski<\/strong><\/p>\n<p>About Raul Valin&#8217;s article<br \/>\n<strong>Alexander MacRae<\/strong><\/p>\n<p>ITC News<\/p>\n<p>Las frecuencias radioel\u00e9ctricas de R\u00edo do Tempo<\/p>\n<p>La TCI au service des \u00e2mes en souffrance (conclusion)<br \/>\n<strong>Jacques Blanc-Garin<\/strong><\/p>\n<p>Correo de los lectores &#8211; Reader\u2019s mail &#8211; Correio dos leitores<\/p>\n<p>Entrevista con <strong>Daniele Gull\u00e0<\/strong>, por <strong>Carlos Fern\u00e1ndez<\/strong><\/p>\n<p>&nbsp;<\/p>\n<p>Dep. Legal: VG-435-2003<br \/>\nISSN: 1696-4586 ITC (Vigo)<\/p>\n","protected":false},"excerpt":{"rendered":"<p>Contents Editorial A Import\u00e2ncia das Coisas Simples La Importancia de las Cosas Sencillas The Importance of Simple Things Dr. Anabela Cardoso Definitive Programme Second International Conference Current Research into Survival of Physical Death with Special Reference to Instrumental Transcommunication (ITC) Programa Definitivo Segundo Congreso Internacional Investigaci\u00f3n Actual sobre la Supervivencia a la Muerte F\u00edsica con&hellip;<\/p>\n","protected":false},"featured_media":6059,"template":"","meta":[],"product_brand":[],"product_cat":[113],"product_tag":[123,122,120,121,119,125,124],"class_list":{"0":"post-4931","1":"product","2":"type-product","3":"status-publish","4":"has-post-thumbnail","6":"product_cat-journal","7":"product_tag-evp","8":"product_tag-hearing-voices","9":"product_tag-instrumental-transcommunication","10":"product_tag-itc","11":"product_tag-itc-jounal","12":"product_tag-physical-phenomena","13":"product_tag-survival","14":"description-off","16":"first","17":"instock","18":"shipping-taxable","19":"purchasable","20":"product-type-variable"},"yoast_head":"<!-- This site is optimized with the Yoast SEO plugin v27.4 - https:\/\/yoast.com\/product\/yoast-seo-wordpress\/ -->\n<title>Journal n\u00ba23 - Sep\/2005 - ItcJournal<\/title>\n<meta name=\"robots\" content=\"index, follow, max-snippet:-1, max-image-preview:large, max-video-preview:-1\" \/>\n<link rel=\"canonical\" href=\"http:\/\/www.itcjournal.org\/?product=journal-no23-sep2005\" \/>\n<meta property=\"og:locale\" content=\"en_GB\" \/>\n<meta property=\"og:type\" content=\"article\" \/>\n<meta property=\"og:title\" content=\"Journal n\u00ba23 - Sep\/2005 - ItcJournal\" \/>\n<meta property=\"og:description\" content=\"Contents Editorial A Import\u00e2ncia das Coisas Simples La Importancia de las Cosas Sencillas The Importance of Simple Things Dr. Anabela Cardoso Definitive Programme Second International Conference Current Research into Survival of Physical Death with Special Reference to Instrumental Transcommunication (ITC) Programa Definitivo Segundo Congreso Internacional Investigaci\u00f3n Actual sobre la Supervivencia a la Muerte F\u00edsica con&hellip;\" \/>\n<meta property=\"og:url\" content=\"http:\/\/www.itcjournal.org\/?product=journal-no23-sep2005\" \/>\n<meta property=\"og:site_name\" content=\"ItcJournal\" \/>\n<meta property=\"article:publisher\" content=\"https:\/\/www.facebook.com\/anabela.mouratocardoso\" \/>\n<meta property=\"article:modified_time\" content=\"2021-12-28T23:28:25+00:00\" \/>\n<meta property=\"og:image\" content=\"http:\/\/www.itcjournal.org\/wp-content\/uploads\/2016\/11\/23.jpg\" \/>\n\t<meta property=\"og:image:width\" content=\"357\" \/>\n\t<meta property=\"og:image:height\" content=\"500\" \/>\n\t<meta property=\"og:image:type\" content=\"image\/jpeg\" \/>\n<meta name=\"twitter:card\" content=\"summary_large_image\" \/>\n<meta name=\"twitter:site\" content=\"@anabela73767942\" \/>\n<meta name=\"twitter:label1\" content=\"Estimated reading time\" \/>\n\t<meta name=\"twitter:data1\" content=\"1 minute\" \/>\n<script type=\"application\/ld+json\" class=\"yoast-schema-graph\">{\"@context\":\"https:\\\/\\\/schema.org\",\"@graph\":[{\"@type\":\"WebPage\",\"@id\":\"http:\\\/\\\/www.itcjournal.org\\\/?product=journal-no23-sep2005\",\"url\":\"http:\\\/\\\/www.itcjournal.org\\\/?product=journal-no23-sep2005\",\"name\":\"Journal n\u00ba23 - Sep\\\/2005 - ItcJournal\",\"isPartOf\":{\"@id\":\"https:\\\/\\\/www.itcjournal.org\\\/#website\"},\"primaryImageOfPage\":{\"@id\":\"http:\\\/\\\/www.itcjournal.org\\\/?product=journal-no23-sep2005#primaryimage\"},\"image\":{\"@id\":\"http:\\\/\\\/www.itcjournal.org\\\/?product=journal-no23-sep2005#primaryimage\"},\"thumbnailUrl\":\"https:\\\/\\\/www.itcjournal.org\\\/wp-content\\\/uploads\\\/2016\\\/11\\\/23.jpg\",\"datePublished\":\"2016-11-07T21:26:26+00:00\",\"dateModified\":\"2021-12-28T23:28:25+00:00\",\"breadcrumb\":{\"@id\":\"http:\\\/\\\/www.itcjournal.org\\\/?product=journal-no23-sep2005#breadcrumb\"},\"inLanguage\":\"en-GB\",\"potentialAction\":[{\"@type\":\"ReadAction\",\"target\":[\"http:\\\/\\\/www.itcjournal.org\\\/?product=journal-no23-sep2005\"]}]},{\"@type\":\"ImageObject\",\"inLanguage\":\"en-GB\",\"@id\":\"http:\\\/\\\/www.itcjournal.org\\\/?product=journal-no23-sep2005#primaryimage\",\"url\":\"https:\\\/\\\/www.itcjournal.org\\\/wp-content\\\/uploads\\\/2016\\\/11\\\/23.jpg\",\"contentUrl\":\"https:\\\/\\\/www.itcjournal.org\\\/wp-content\\\/uploads\\\/2016\\\/11\\\/23.jpg\",\"width\":357,\"height\":500},{\"@type\":\"BreadcrumbList\",\"@id\":\"http:\\\/\\\/www.itcjournal.org\\\/?product=journal-no23-sep2005#breadcrumb\",\"itemListElement\":[{\"@type\":\"ListItem\",\"position\":1,\"name\":\"Home\",\"item\":\"https:\\\/\\\/www.itcjournal.org\\\/\"},{\"@type\":\"ListItem\",\"position\":2,\"name\":\"Shop\",\"item\":\"https:\\\/\\\/www.itcjournal.org\\\/?page_id=4576\"},{\"@type\":\"ListItem\",\"position\":3,\"name\":\"Journal n\u00ba23 &#8211; Sep\\\/2005\"}]},{\"@type\":\"WebSite\",\"@id\":\"https:\\\/\\\/www.itcjournal.org\\\/#website\",\"url\":\"https:\\\/\\\/www.itcjournal.org\\\/\",\"name\":\"ItcJournal\",\"description\":\"ITC Journal Investigation of Instrumental Transcommunication Phenomena.\",\"publisher\":{\"@id\":\"https:\\\/\\\/www.itcjournal.org\\\/#organization\"},\"alternateName\":\"ITC Journal - Instrumental Transcommunication\",\"potentialAction\":[{\"@type\":\"SearchAction\",\"target\":{\"@type\":\"EntryPoint\",\"urlTemplate\":\"https:\\\/\\\/www.itcjournal.org\\\/?s={search_term_string}\"},\"query-input\":{\"@type\":\"PropertyValueSpecification\",\"valueRequired\":true,\"valueName\":\"search_term_string\"}}],\"inLanguage\":\"en-GB\"},{\"@type\":\"Organization\",\"@id\":\"https:\\\/\\\/www.itcjournal.org\\\/#organization\",\"name\":\"ItcJournal ( Instrumental Transcommunication )\",\"url\":\"https:\\\/\\\/www.itcjournal.org\\\/\",\"logo\":{\"@type\":\"ImageObject\",\"inLanguage\":\"en-GB\",\"@id\":\"https:\\\/\\\/www.itcjournal.org\\\/#\\\/schema\\\/logo\\\/image\\\/\",\"url\":\"https:\\\/\\\/www.itcjournal.org\\\/wp-content\\\/uploads\\\/2013\\\/02\\\/itcjournal.png\",\"contentUrl\":\"https:\\\/\\\/www.itcjournal.org\\\/wp-content\\\/uploads\\\/2013\\\/02\\\/itcjournal.png\",\"width\":300,\"height\":81,\"caption\":\"ItcJournal ( Instrumental Transcommunication )\"},\"image\":{\"@id\":\"https:\\\/\\\/www.itcjournal.org\\\/#\\\/schema\\\/logo\\\/image\\\/\"},\"sameAs\":[\"https:\\\/\\\/www.facebook.com\\\/anabela.mouratocardoso\",\"https:\\\/\\\/x.com\\\/anabela73767942\"]}]}<\/script>\n<!-- \/ Yoast SEO plugin. -->","yoast_head_json":{"title":"Journal n\u00ba23 - Sep\/2005 - ItcJournal","robots":{"index":"index","follow":"follow","max-snippet":"max-snippet:-1","max-image-preview":"max-image-preview:large","max-video-preview":"max-video-preview:-1"},"canonical":"http:\/\/www.itcjournal.org\/?product=journal-no23-sep2005","og_locale":"en_GB","og_type":"article","og_title":"Journal n\u00ba23 - Sep\/2005 - ItcJournal","og_description":"Contents Editorial A Import\u00e2ncia das Coisas Simples La Importancia de las Cosas Sencillas The Importance of Simple Things Dr. Anabela Cardoso Definitive Programme Second International Conference Current Research into Survival of Physical Death with Special Reference to Instrumental Transcommunication (ITC) Programa Definitivo Segundo Congreso Internacional Investigaci\u00f3n Actual sobre la Supervivencia a la Muerte F\u00edsica con&hellip;","og_url":"http:\/\/www.itcjournal.org\/?product=journal-no23-sep2005","og_site_name":"ItcJournal","article_publisher":"https:\/\/www.facebook.com\/anabela.mouratocardoso","article_modified_time":"2021-12-28T23:28:25+00:00","og_image":[{"width":357,"height":500,"url":"http:\/\/www.itcjournal.org\/wp-content\/uploads\/2016\/11\/23.jpg","type":"image\/jpeg"}],"twitter_card":"summary_large_image","twitter_site":"@anabela73767942","twitter_misc":{"Estimated reading time":"1 minute"},"schema":{"@context":"https:\/\/schema.org","@graph":[{"@type":"WebPage","@id":"http:\/\/www.itcjournal.org\/?product=journal-no23-sep2005","url":"http:\/\/www.itcjournal.org\/?product=journal-no23-sep2005","name":"Journal n\u00ba23 - Sep\/2005 - ItcJournal","isPartOf":{"@id":"https:\/\/www.itcjournal.org\/#website"},"primaryImageOfPage":{"@id":"http:\/\/www.itcjournal.org\/?product=journal-no23-sep2005#primaryimage"},"image":{"@id":"http:\/\/www.itcjournal.org\/?product=journal-no23-sep2005#primaryimage"},"thumbnailUrl":"https:\/\/www.itcjournal.org\/wp-content\/uploads\/2016\/11\/23.jpg","datePublished":"2016-11-07T21:26:26+00:00","dateModified":"2021-12-28T23:28:25+00:00","breadcrumb":{"@id":"http:\/\/www.itcjournal.org\/?product=journal-no23-sep2005#breadcrumb"},"inLanguage":"en-GB","potentialAction":[{"@type":"ReadAction","target":["http:\/\/www.itcjournal.org\/?product=journal-no23-sep2005"]}]},{"@type":"ImageObject","inLanguage":"en-GB","@id":"http:\/\/www.itcjournal.org\/?product=journal-no23-sep2005#primaryimage","url":"https:\/\/www.itcjournal.org\/wp-content\/uploads\/2016\/11\/23.jpg","contentUrl":"https:\/\/www.itcjournal.org\/wp-content\/uploads\/2016\/11\/23.jpg","width":357,"height":500},{"@type":"BreadcrumbList","@id":"http:\/\/www.itcjournal.org\/?product=journal-no23-sep2005#breadcrumb","itemListElement":[{"@type":"ListItem","position":1,"name":"Home","item":"https:\/\/www.itcjournal.org\/"},{"@type":"ListItem","position":2,"name":"Shop","item":"https:\/\/www.itcjournal.org\/?page_id=4576"},{"@type":"ListItem","position":3,"name":"Journal n\u00ba23 &#8211; Sep\/2005"}]},{"@type":"WebSite","@id":"https:\/\/www.itcjournal.org\/#website","url":"https:\/\/www.itcjournal.org\/","name":"ItcJournal","description":"ITC Journal Investigation of Instrumental Transcommunication Phenomena.","publisher":{"@id":"https:\/\/www.itcjournal.org\/#organization"},"alternateName":"ITC Journal - Instrumental Transcommunication","potentialAction":[{"@type":"SearchAction","target":{"@type":"EntryPoint","urlTemplate":"https:\/\/www.itcjournal.org\/?s={search_term_string}"},"query-input":{"@type":"PropertyValueSpecification","valueRequired":true,"valueName":"search_term_string"}}],"inLanguage":"en-GB"},{"@type":"Organization","@id":"https:\/\/www.itcjournal.org\/#organization","name":"ItcJournal ( Instrumental Transcommunication )","url":"https:\/\/www.itcjournal.org\/","logo":{"@type":"ImageObject","inLanguage":"en-GB","@id":"https:\/\/www.itcjournal.org\/#\/schema\/logo\/image\/","url":"https:\/\/www.itcjournal.org\/wp-content\/uploads\/2013\/02\/itcjournal.png","contentUrl":"https:\/\/www.itcjournal.org\/wp-content\/uploads\/2013\/02\/itcjournal.png","width":300,"height":81,"caption":"ItcJournal ( Instrumental Transcommunication )"},"image":{"@id":"https:\/\/www.itcjournal.org\/#\/schema\/logo\/image\/"},"sameAs":["https:\/\/www.facebook.com\/anabela.mouratocardoso","https:\/\/x.com\/anabela73767942"]}]}},"_links":{"self":[{"href":"https:\/\/www.itcjournal.org\/index.php?rest_route=\/wp\/v2\/product\/4931","targetHints":{"allow":["GET"]}}],"collection":[{"href":"https:\/\/www.itcjournal.org\/index.php?rest_route=\/wp\/v2\/product"}],"about":[{"href":"https:\/\/www.itcjournal.org\/index.php?rest_route=\/wp\/v2\/types\/product"}],"wp:featuredmedia":[{"embeddable":true,"href":"https:\/\/www.itcjournal.org\/index.php?rest_route=\/wp\/v2\/media\/6059"}],"wp:attachment":[{"href":"https:\/\/www.itcjournal.org\/index.php?rest_route=%2Fwp%2Fv2%2Fmedia&parent=4931"}],"wp:term":[{"taxonomy":"product_brand","embeddable":true,"href":"https:\/\/www.itcjournal.org\/index.php?rest_route=%2Fwp%2Fv2%2Fproduct_brand&post=4931"},{"taxonomy":"product_cat","embeddable":true,"href":"https:\/\/www.itcjournal.org\/index.php?rest_route=%2Fwp%2Fv2%2Fproduct_cat&post=4931"},{"taxonomy":"product_tag","embeddable":true,"href":"https:\/\/www.itcjournal.org\/index.php?rest_route=%2Fwp%2Fv2%2Fproduct_tag&post=4931"}],"curies":[{"name":"wp","href":"https:\/\/api.w.org\/{rel}","templated":true}]}}