{"id":4930,"date":"2016-11-07T21:24:46","date_gmt":"2016-11-07T21:24:46","guid":{"rendered":"http:\/\/www.guia-verde.es\/itcjournal1\/?post_type=product&#038;p=4930"},"modified":"2021-12-28T23:28:53","modified_gmt":"2021-12-28T23:28:53","slug":"journal-no22-jun2005","status":"publish","type":"product","link":"https:\/\/www.itcjournal.org\/?product=journal-no22-jun2005","title":{"rendered":"Journal n\u00ba22 &#8211; Jun\/2005"},"content":{"rendered":"<h2>Contents<\/h2>\n<p>Editorial<br \/>\nThe 2006 Survival of Physical Death\/ITC Conference<br \/>\nCongreso de 2006 sobre la Supervivencia a la Muerte F\u00edsica\/TCI<br \/>\nO Congresso de 2006 sobre a Sobreviv\u00eancia \u00e0 Morte F\u00edsica\/TCI<br \/>\n<strong>Dr. Anabela Cardoso<\/strong><\/p>\n<p>Mediunismo e Animismo<br \/>\n<strong>Hern\u00e2ni Guimar\u00e3es Andrade<\/strong><\/p>\n<p>Paranormal Photography. The Dynamics of Extravisual Emergences in Paranormal Photography<br \/>\n<strong>Michele Dinicastro &amp; Daniele Gull\u00e0<\/strong><\/p>\n<p>From the Laboratories of ISIRICA. Comments on some observations about the information space of the planet<br \/>\n<strong>Dr. Alexander V. Trofimov<\/strong><\/p>\n<p>Did Pope John Paul II have a \u2018Vision on his Death Bed\u2019?<br \/>\n<strong>Felice Masi<\/strong><\/p>\n<p>Hypotheses for an Explanation<br \/>\nOn the article \u2018A Fundamental Experience in ITC\u2019<br \/>\n<strong>Gerard Ferrandi<\/strong><\/p>\n<p>ITC Journal Index. A note of thanks from the Editor to Dr. Bruce Tracy<br \/>\n<strong>Dr. Anabela Cardoso<\/strong><\/p>\n<p>El Otro Lado<br \/>\nThe Other Side<br \/>\n<strong>Ra\u00fal Val\u00edn<\/strong><\/p>\n<p>ITC News<\/p>\n<p>Correo de los Lectores &#8211; Reader\u2019s Mail &#8211; Correio dos Leitores<\/p>\n<p>La TCI au Service des \u00c2mes en Souffrance <strong>Jacques Blanc-Garin<\/strong><\/p>\n<p>&nbsp;<\/p>\n<p>Dep. Legal: VG-435-2003<br \/>\nISSN: 1696-4586 ITC (Vigo)<\/p>\n","protected":false},"excerpt":{"rendered":"<p>Contents Editorial The 2006 Survival of Physical Death\/ITC Conference Congreso de 2006 sobre la Supervivencia a la Muerte F\u00edsica\/TCI O Congresso de 2006 sobre a Sobreviv\u00eancia \u00e0 Morte F\u00edsica\/TCI Dr. Anabela Cardoso Mediunismo e Animismo Hern\u00e2ni Guimar\u00e3es Andrade Paranormal Photography. The Dynamics of Extravisual Emergences in Paranormal Photography Michele Dinicastro &amp; Daniele Gull\u00e0 From the&hellip;<\/p>\n","protected":false},"featured_media":6060,"template":"","meta":[],"product_brand":[],"product_cat":[113],"product_tag":[123,122,120,121,119,125,124],"class_list":{"0":"post-4930","1":"product","2":"type-product","3":"status-publish","4":"has-post-thumbnail","6":"product_cat-journal","7":"product_tag-evp","8":"product_tag-hearing-voices","9":"product_tag-instrumental-transcommunication","10":"product_tag-itc","11":"product_tag-itc-jounal","12":"product_tag-physical-phenomena","13":"product_tag-survival","14":"description-off","16":"first","17":"instock","18":"shipping-taxable","19":"purchasable","20":"product-type-variable"},"yoast_head":"<!-- This site is optimized with the Yoast SEO plugin v27.4 - https:\/\/yoast.com\/product\/yoast-seo-wordpress\/ -->\n<title>Journal n\u00ba22 - Jun\/2005 - ItcJournal<\/title>\n<meta name=\"robots\" content=\"index, follow, max-snippet:-1, max-image-preview:large, max-video-preview:-1\" \/>\n<link rel=\"canonical\" href=\"https:\/\/www.itcjournal.org\/?product=journal-no22-jun2005\" \/>\n<meta property=\"og:locale\" content=\"en_GB\" \/>\n<meta property=\"og:type\" content=\"article\" \/>\n<meta property=\"og:title\" content=\"Journal n\u00ba22 - Jun\/2005 - ItcJournal\" \/>\n<meta property=\"og:description\" content=\"Contents Editorial The 2006 Survival of Physical Death\/ITC Conference Congreso de 2006 sobre la Supervivencia a la Muerte F\u00edsica\/TCI O Congresso de 2006 sobre a Sobreviv\u00eancia \u00e0 Morte F\u00edsica\/TCI Dr. Anabela Cardoso Mediunismo e Animismo Hern\u00e2ni Guimar\u00e3es Andrade Paranormal Photography. The Dynamics of Extravisual Emergences in Paranormal Photography Michele Dinicastro &amp; Daniele Gull\u00e0 From the&hellip;\" \/>\n<meta property=\"og:url\" content=\"https:\/\/www.itcjournal.org\/?product=journal-no22-jun2005\" \/>\n<meta property=\"og:site_name\" content=\"ItcJournal\" \/>\n<meta property=\"article:publisher\" content=\"https:\/\/www.facebook.com\/anabela.mouratocardoso\" \/>\n<meta property=\"article:modified_time\" content=\"2021-12-28T23:28:53+00:00\" \/>\n<meta property=\"og:image\" content=\"https:\/\/www.itcjournal.org\/wp-content\/uploads\/2016\/11\/22.jpg\" \/>\n\t<meta property=\"og:image:width\" content=\"343\" \/>\n\t<meta property=\"og:image:height\" content=\"500\" \/>\n\t<meta property=\"og:image:type\" content=\"image\/jpeg\" \/>\n<meta name=\"twitter:card\" content=\"summary_large_image\" \/>\n<meta name=\"twitter:site\" content=\"@anabela73767942\" \/>\n<meta name=\"twitter:label1\" content=\"Estimated reading time\" \/>\n\t<meta name=\"twitter:data1\" content=\"1 minute\" \/>\n<script type=\"application\/ld+json\" class=\"yoast-schema-graph\">{\"@context\":\"https:\\\/\\\/schema.org\",\"@graph\":[{\"@type\":\"WebPage\",\"@id\":\"https:\\\/\\\/www.itcjournal.org\\\/?product=journal-no22-jun2005\",\"url\":\"https:\\\/\\\/www.itcjournal.org\\\/?product=journal-no22-jun2005\",\"name\":\"Journal n\u00ba22 - Jun\\\/2005 - ItcJournal\",\"isPartOf\":{\"@id\":\"http:\\\/\\\/www.itcjournal.org\\\/#website\"},\"primaryImageOfPage\":{\"@id\":\"https:\\\/\\\/www.itcjournal.org\\\/?product=journal-no22-jun2005#primaryimage\"},\"image\":{\"@id\":\"https:\\\/\\\/www.itcjournal.org\\\/?product=journal-no22-jun2005#primaryimage\"},\"thumbnailUrl\":\"https:\\\/\\\/www.itcjournal.org\\\/wp-content\\\/uploads\\\/2016\\\/11\\\/22.jpg\",\"datePublished\":\"2016-11-07T21:24:46+00:00\",\"dateModified\":\"2021-12-28T23:28:53+00:00\",\"breadcrumb\":{\"@id\":\"https:\\\/\\\/www.itcjournal.org\\\/?product=journal-no22-jun2005#breadcrumb\"},\"inLanguage\":\"en-GB\",\"potentialAction\":[{\"@type\":\"ReadAction\",\"target\":[\"https:\\\/\\\/www.itcjournal.org\\\/?product=journal-no22-jun2005\"]}]},{\"@type\":\"ImageObject\",\"inLanguage\":\"en-GB\",\"@id\":\"https:\\\/\\\/www.itcjournal.org\\\/?product=journal-no22-jun2005#primaryimage\",\"url\":\"https:\\\/\\\/www.itcjournal.org\\\/wp-content\\\/uploads\\\/2016\\\/11\\\/22.jpg\",\"contentUrl\":\"https:\\\/\\\/www.itcjournal.org\\\/wp-content\\\/uploads\\\/2016\\\/11\\\/22.jpg\",\"width\":343,\"height\":500},{\"@type\":\"BreadcrumbList\",\"@id\":\"https:\\\/\\\/www.itcjournal.org\\\/?product=journal-no22-jun2005#breadcrumb\",\"itemListElement\":[{\"@type\":\"ListItem\",\"position\":1,\"name\":\"Home\",\"item\":\"http:\\\/\\\/www.itcjournal.org\\\/\"},{\"@type\":\"ListItem\",\"position\":2,\"name\":\"Shop\",\"item\":\"http:\\\/\\\/www.itcjournal.org\\\/?page_id=4576\"},{\"@type\":\"ListItem\",\"position\":3,\"name\":\"Journal n\u00ba22 &#8211; Jun\\\/2005\"}]},{\"@type\":\"WebSite\",\"@id\":\"http:\\\/\\\/www.itcjournal.org\\\/#website\",\"url\":\"http:\\\/\\\/www.itcjournal.org\\\/\",\"name\":\"ItcJournal\",\"description\":\"ITC Journal Investigation of Instrumental Transcommunication Phenomena.\",\"publisher\":{\"@id\":\"http:\\\/\\\/www.itcjournal.org\\\/#organization\"},\"alternateName\":\"ITC Journal - Instrumental Transcommunication\",\"potentialAction\":[{\"@type\":\"SearchAction\",\"target\":{\"@type\":\"EntryPoint\",\"urlTemplate\":\"http:\\\/\\\/www.itcjournal.org\\\/?s={search_term_string}\"},\"query-input\":{\"@type\":\"PropertyValueSpecification\",\"valueRequired\":true,\"valueName\":\"search_term_string\"}}],\"inLanguage\":\"en-GB\"},{\"@type\":\"Organization\",\"@id\":\"http:\\\/\\\/www.itcjournal.org\\\/#organization\",\"name\":\"ItcJournal ( Instrumental Transcommunication )\",\"url\":\"http:\\\/\\\/www.itcjournal.org\\\/\",\"logo\":{\"@type\":\"ImageObject\",\"inLanguage\":\"en-GB\",\"@id\":\"http:\\\/\\\/www.itcjournal.org\\\/#\\\/schema\\\/logo\\\/image\\\/\",\"url\":\"https:\\\/\\\/www.itcjournal.org\\\/wp-content\\\/uploads\\\/2013\\\/02\\\/itcjournal.png\",\"contentUrl\":\"https:\\\/\\\/www.itcjournal.org\\\/wp-content\\\/uploads\\\/2013\\\/02\\\/itcjournal.png\",\"width\":300,\"height\":81,\"caption\":\"ItcJournal ( Instrumental Transcommunication )\"},\"image\":{\"@id\":\"http:\\\/\\\/www.itcjournal.org\\\/#\\\/schema\\\/logo\\\/image\\\/\"},\"sameAs\":[\"https:\\\/\\\/www.facebook.com\\\/anabela.mouratocardoso\",\"https:\\\/\\\/x.com\\\/anabela73767942\"]}]}<\/script>\n<!-- \/ Yoast SEO plugin. -->","yoast_head_json":{"title":"Journal n\u00ba22 - Jun\/2005 - ItcJournal","robots":{"index":"index","follow":"follow","max-snippet":"max-snippet:-1","max-image-preview":"max-image-preview:large","max-video-preview":"max-video-preview:-1"},"canonical":"https:\/\/www.itcjournal.org\/?product=journal-no22-jun2005","og_locale":"en_GB","og_type":"article","og_title":"Journal n\u00ba22 - Jun\/2005 - ItcJournal","og_description":"Contents Editorial The 2006 Survival of Physical Death\/ITC Conference Congreso de 2006 sobre la Supervivencia a la Muerte F\u00edsica\/TCI O Congresso de 2006 sobre a Sobreviv\u00eancia \u00e0 Morte F\u00edsica\/TCI Dr. Anabela Cardoso Mediunismo e Animismo Hern\u00e2ni Guimar\u00e3es Andrade Paranormal Photography. The Dynamics of Extravisual Emergences in Paranormal Photography Michele Dinicastro &amp; Daniele Gull\u00e0 From the&hellip;","og_url":"https:\/\/www.itcjournal.org\/?product=journal-no22-jun2005","og_site_name":"ItcJournal","article_publisher":"https:\/\/www.facebook.com\/anabela.mouratocardoso","article_modified_time":"2021-12-28T23:28:53+00:00","og_image":[{"width":343,"height":500,"url":"https:\/\/www.itcjournal.org\/wp-content\/uploads\/2016\/11\/22.jpg","type":"image\/jpeg"}],"twitter_card":"summary_large_image","twitter_site":"@anabela73767942","twitter_misc":{"Estimated reading time":"1 minute"},"schema":{"@context":"https:\/\/schema.org","@graph":[{"@type":"WebPage","@id":"https:\/\/www.itcjournal.org\/?product=journal-no22-jun2005","url":"https:\/\/www.itcjournal.org\/?product=journal-no22-jun2005","name":"Journal n\u00ba22 - Jun\/2005 - ItcJournal","isPartOf":{"@id":"http:\/\/www.itcjournal.org\/#website"},"primaryImageOfPage":{"@id":"https:\/\/www.itcjournal.org\/?product=journal-no22-jun2005#primaryimage"},"image":{"@id":"https:\/\/www.itcjournal.org\/?product=journal-no22-jun2005#primaryimage"},"thumbnailUrl":"https:\/\/www.itcjournal.org\/wp-content\/uploads\/2016\/11\/22.jpg","datePublished":"2016-11-07T21:24:46+00:00","dateModified":"2021-12-28T23:28:53+00:00","breadcrumb":{"@id":"https:\/\/www.itcjournal.org\/?product=journal-no22-jun2005#breadcrumb"},"inLanguage":"en-GB","potentialAction":[{"@type":"ReadAction","target":["https:\/\/www.itcjournal.org\/?product=journal-no22-jun2005"]}]},{"@type":"ImageObject","inLanguage":"en-GB","@id":"https:\/\/www.itcjournal.org\/?product=journal-no22-jun2005#primaryimage","url":"https:\/\/www.itcjournal.org\/wp-content\/uploads\/2016\/11\/22.jpg","contentUrl":"https:\/\/www.itcjournal.org\/wp-content\/uploads\/2016\/11\/22.jpg","width":343,"height":500},{"@type":"BreadcrumbList","@id":"https:\/\/www.itcjournal.org\/?product=journal-no22-jun2005#breadcrumb","itemListElement":[{"@type":"ListItem","position":1,"name":"Home","item":"http:\/\/www.itcjournal.org\/"},{"@type":"ListItem","position":2,"name":"Shop","item":"http:\/\/www.itcjournal.org\/?page_id=4576"},{"@type":"ListItem","position":3,"name":"Journal n\u00ba22 &#8211; Jun\/2005"}]},{"@type":"WebSite","@id":"http:\/\/www.itcjournal.org\/#website","url":"http:\/\/www.itcjournal.org\/","name":"ItcJournal","description":"ITC Journal Investigation of Instrumental Transcommunication Phenomena.","publisher":{"@id":"http:\/\/www.itcjournal.org\/#organization"},"alternateName":"ITC Journal - Instrumental Transcommunication","potentialAction":[{"@type":"SearchAction","target":{"@type":"EntryPoint","urlTemplate":"http:\/\/www.itcjournal.org\/?s={search_term_string}"},"query-input":{"@type":"PropertyValueSpecification","valueRequired":true,"valueName":"search_term_string"}}],"inLanguage":"en-GB"},{"@type":"Organization","@id":"http:\/\/www.itcjournal.org\/#organization","name":"ItcJournal ( Instrumental Transcommunication )","url":"http:\/\/www.itcjournal.org\/","logo":{"@type":"ImageObject","inLanguage":"en-GB","@id":"http:\/\/www.itcjournal.org\/#\/schema\/logo\/image\/","url":"https:\/\/www.itcjournal.org\/wp-content\/uploads\/2013\/02\/itcjournal.png","contentUrl":"https:\/\/www.itcjournal.org\/wp-content\/uploads\/2013\/02\/itcjournal.png","width":300,"height":81,"caption":"ItcJournal ( Instrumental Transcommunication )"},"image":{"@id":"http:\/\/www.itcjournal.org\/#\/schema\/logo\/image\/"},"sameAs":["https:\/\/www.facebook.com\/anabela.mouratocardoso","https:\/\/x.com\/anabela73767942"]}]}},"_links":{"self":[{"href":"https:\/\/www.itcjournal.org\/index.php?rest_route=\/wp\/v2\/product\/4930","targetHints":{"allow":["GET"]}}],"collection":[{"href":"https:\/\/www.itcjournal.org\/index.php?rest_route=\/wp\/v2\/product"}],"about":[{"href":"https:\/\/www.itcjournal.org\/index.php?rest_route=\/wp\/v2\/types\/product"}],"wp:featuredmedia":[{"embeddable":true,"href":"https:\/\/www.itcjournal.org\/index.php?rest_route=\/wp\/v2\/media\/6060"}],"wp:attachment":[{"href":"https:\/\/www.itcjournal.org\/index.php?rest_route=%2Fwp%2Fv2%2Fmedia&parent=4930"}],"wp:term":[{"taxonomy":"product_brand","embeddable":true,"href":"https:\/\/www.itcjournal.org\/index.php?rest_route=%2Fwp%2Fv2%2Fproduct_brand&post=4930"},{"taxonomy":"product_cat","embeddable":true,"href":"https:\/\/www.itcjournal.org\/index.php?rest_route=%2Fwp%2Fv2%2Fproduct_cat&post=4930"},{"taxonomy":"product_tag","embeddable":true,"href":"https:\/\/www.itcjournal.org\/index.php?rest_route=%2Fwp%2Fv2%2Fproduct_tag&post=4930"}],"curies":[{"name":"wp","href":"https:\/\/api.w.org\/{rel}","templated":true}]}}