{"id":4925,"date":"2016-11-07T21:17:41","date_gmt":"2016-11-07T21:17:41","guid":{"rendered":"http:\/\/www.guia-verde.es\/itcjournal1\/?post_type=product&#038;p=4925"},"modified":"2021-12-28T23:32:01","modified_gmt":"2021-12-28T23:32:01","slug":"journal-no17-mar2004","status":"publish","type":"product","link":"https:\/\/www.itcjournal.org\/?product=journal-no17-mar2004","title":{"rendered":"Journal n\u00ba17 &#8211; Mar\/2004"},"content":{"rendered":"<h2>Contents<\/h2>\n<p>Editorial <strong>A.Cardoso<\/strong><\/p>\n<p>Final Preparatory Remarks on the Forthcoming First International Conference on the Survival of Physical Death with Special Reference to ITC &#8211; Breves coment\u00e1rios finais sobre o I Congresso Internacional &#8216;Investiga\u00e7\u00e3o Moderna sobre a Sobreviv\u00eancia \u00e0 Morte F\u00edsica, com especial destaque para a Transcomunica\u00e7\u00e3o Instrumental&#8217; &#8211; Breves Comentarios Finales sobre el I Congreso Internacional Investigaci\u00f3n Moderna sobre la Supervivencia a la Muerte F\u00edsica, con Especial referencia a la Transcomunicaci\u00f3n Instrumental<\/p>\n<p>Final Programme &#8211; Programa definitivo<\/p>\n<p>Who is Who?<br \/>\n<strong>Professor Ernst Senkowski<\/strong><\/p>\n<p>Interview With Professor Ernst Senkowski Anabela Cardoso and Professor David Fontana<\/p>\n<p>Analysis of Anomalous Audio and Video-Recordings<br \/>\n<strong>Professor Ernst Senkowski<\/strong><\/p>\n<p>Lo que no se dice de la Psicofon\u00eda<br \/>\n<strong>Sinesio Darnell<\/strong><\/p>\n<p>Answering the Sceptic<br \/>\n<strong>Alexander MacRae<\/strong><\/p>\n<p>My Experimentation in ITC<br \/>\n<strong>Felice Masi<\/strong><\/p>\n<p>Angela Bonfiglio interviewed by Dr. Anabela Cardoso and Professor David Fontana<\/p>\n<p>Applicazioni biometriche in un caso di possibile identificazione su una fotografia anomala (abstract)<br \/>\nDaniele Gull\u00e0<\/p>\n<p>Tom and Lisa Butler: C.V. and Abstract<\/p>\n<p>Correo de los lectores &#8211; Reader\u2019s mail &#8211; Correio dos leitores<\/p>\n<p>La historia de Diamela<br \/>\nM\u00f3nica Costa y Juan Carlos Maldonado<\/p>\n<p>Noticias TCI &#8211; ITC News &#8211; Not\u00edcias TCI<\/p>\n<p>&nbsp;<\/p>\n<p>Dep. Legal: VG-435-2003<br \/>\nISSN: 1696-4586 ITC (Vigo)<\/p>\n","protected":false},"excerpt":{"rendered":"<p>Contents Editorial A.Cardoso Final Preparatory Remarks on the Forthcoming First International Conference on the Survival of Physical Death with Special Reference to ITC &#8211; Breves coment\u00e1rios finais sobre o I Congresso Internacional &#8216;Investiga\u00e7\u00e3o Moderna sobre a Sobreviv\u00eancia \u00e0 Morte F\u00edsica, com especial destaque para a Transcomunica\u00e7\u00e3o Instrumental&#8217; &#8211; Breves Comentarios Finales sobre el I Congreso&hellip;<\/p>\n","protected":false},"featured_media":6065,"template":"","meta":[],"product_brand":[],"product_cat":[113],"product_tag":[123,122,120,121,119,125,124],"class_list":{"0":"post-4925","1":"product","2":"type-product","3":"status-publish","4":"has-post-thumbnail","6":"product_cat-journal","7":"product_tag-evp","8":"product_tag-hearing-voices","9":"product_tag-instrumental-transcommunication","10":"product_tag-itc","11":"product_tag-itc-jounal","12":"product_tag-physical-phenomena","13":"product_tag-survival","14":"description-off","16":"first","17":"instock","18":"shipping-taxable","19":"purchasable","20":"product-type-variable"},"yoast_head":"<!-- This site is optimized with the Yoast SEO plugin v27.4 - https:\/\/yoast.com\/product\/yoast-seo-wordpress\/ -->\n<title>Journal n\u00ba17 - Mar\/2004 - ItcJournal<\/title>\n<meta name=\"robots\" content=\"index, follow, max-snippet:-1, max-image-preview:large, max-video-preview:-1\" \/>\n<link rel=\"canonical\" href=\"http:\/\/www.itcjournal.org\/?product=journal-no17-mar2004\" \/>\n<meta property=\"og:locale\" content=\"en_GB\" \/>\n<meta property=\"og:type\" content=\"article\" \/>\n<meta property=\"og:title\" content=\"Journal n\u00ba17 - Mar\/2004 - ItcJournal\" \/>\n<meta property=\"og:description\" content=\"Contents Editorial A.Cardoso Final Preparatory Remarks on the Forthcoming First International Conference on the Survival of Physical Death with Special Reference to ITC &#8211; Breves coment\u00e1rios finais sobre o I Congresso Internacional &#8216;Investiga\u00e7\u00e3o Moderna sobre a Sobreviv\u00eancia \u00e0 Morte F\u00edsica, com especial destaque para a Transcomunica\u00e7\u00e3o Instrumental&#8217; &#8211; Breves Comentarios Finales sobre el I Congreso&hellip;\" \/>\n<meta property=\"og:url\" content=\"http:\/\/www.itcjournal.org\/?product=journal-no17-mar2004\" \/>\n<meta property=\"og:site_name\" content=\"ItcJournal\" \/>\n<meta property=\"article:publisher\" content=\"https:\/\/www.facebook.com\/anabela.mouratocardoso\" \/>\n<meta property=\"article:modified_time\" content=\"2021-12-28T23:32:01+00:00\" \/>\n<meta property=\"og:image\" content=\"http:\/\/www.itcjournal.org\/wp-content\/uploads\/2016\/11\/17.jpg\" \/>\n\t<meta property=\"og:image:width\" content=\"344\" \/>\n\t<meta property=\"og:image:height\" content=\"500\" \/>\n\t<meta property=\"og:image:type\" content=\"image\/jpeg\" \/>\n<meta name=\"twitter:card\" content=\"summary_large_image\" \/>\n<meta name=\"twitter:site\" content=\"@anabela73767942\" \/>\n<meta name=\"twitter:label1\" content=\"Estimated reading time\" \/>\n\t<meta name=\"twitter:data1\" content=\"1 minute\" \/>\n<script type=\"application\/ld+json\" class=\"yoast-schema-graph\">{\"@context\":\"https:\\\/\\\/schema.org\",\"@graph\":[{\"@type\":\"WebPage\",\"@id\":\"http:\\\/\\\/www.itcjournal.org\\\/?product=journal-no17-mar2004\",\"url\":\"http:\\\/\\\/www.itcjournal.org\\\/?product=journal-no17-mar2004\",\"name\":\"Journal n\u00ba17 - Mar\\\/2004 - ItcJournal\",\"isPartOf\":{\"@id\":\"http:\\\/\\\/www.itcjournal.org\\\/#website\"},\"primaryImageOfPage\":{\"@id\":\"http:\\\/\\\/www.itcjournal.org\\\/?product=journal-no17-mar2004#primaryimage\"},\"image\":{\"@id\":\"http:\\\/\\\/www.itcjournal.org\\\/?product=journal-no17-mar2004#primaryimage\"},\"thumbnailUrl\":\"https:\\\/\\\/www.itcjournal.org\\\/wp-content\\\/uploads\\\/2016\\\/11\\\/17.jpg\",\"datePublished\":\"2016-11-07T21:17:41+00:00\",\"dateModified\":\"2021-12-28T23:32:01+00:00\",\"breadcrumb\":{\"@id\":\"http:\\\/\\\/www.itcjournal.org\\\/?product=journal-no17-mar2004#breadcrumb\"},\"inLanguage\":\"en-GB\",\"potentialAction\":[{\"@type\":\"ReadAction\",\"target\":[\"http:\\\/\\\/www.itcjournal.org\\\/?product=journal-no17-mar2004\"]}]},{\"@type\":\"ImageObject\",\"inLanguage\":\"en-GB\",\"@id\":\"http:\\\/\\\/www.itcjournal.org\\\/?product=journal-no17-mar2004#primaryimage\",\"url\":\"https:\\\/\\\/www.itcjournal.org\\\/wp-content\\\/uploads\\\/2016\\\/11\\\/17.jpg\",\"contentUrl\":\"https:\\\/\\\/www.itcjournal.org\\\/wp-content\\\/uploads\\\/2016\\\/11\\\/17.jpg\",\"width\":344,\"height\":500},{\"@type\":\"BreadcrumbList\",\"@id\":\"http:\\\/\\\/www.itcjournal.org\\\/?product=journal-no17-mar2004#breadcrumb\",\"itemListElement\":[{\"@type\":\"ListItem\",\"position\":1,\"name\":\"Home\",\"item\":\"http:\\\/\\\/www.itcjournal.org\\\/\"},{\"@type\":\"ListItem\",\"position\":2,\"name\":\"Shop\",\"item\":\"http:\\\/\\\/www.itcjournal.org\\\/?page_id=4576\"},{\"@type\":\"ListItem\",\"position\":3,\"name\":\"Journal n\u00ba17 &#8211; Mar\\\/2004\"}]},{\"@type\":\"WebSite\",\"@id\":\"http:\\\/\\\/www.itcjournal.org\\\/#website\",\"url\":\"http:\\\/\\\/www.itcjournal.org\\\/\",\"name\":\"ItcJournal\",\"description\":\"ITC Journal Investigation of Instrumental Transcommunication Phenomena.\",\"publisher\":{\"@id\":\"http:\\\/\\\/www.itcjournal.org\\\/#organization\"},\"alternateName\":\"ITC Journal - Instrumental Transcommunication\",\"potentialAction\":[{\"@type\":\"SearchAction\",\"target\":{\"@type\":\"EntryPoint\",\"urlTemplate\":\"http:\\\/\\\/www.itcjournal.org\\\/?s={search_term_string}\"},\"query-input\":{\"@type\":\"PropertyValueSpecification\",\"valueRequired\":true,\"valueName\":\"search_term_string\"}}],\"inLanguage\":\"en-GB\"},{\"@type\":\"Organization\",\"@id\":\"http:\\\/\\\/www.itcjournal.org\\\/#organization\",\"name\":\"ItcJournal ( Instrumental Transcommunication )\",\"url\":\"http:\\\/\\\/www.itcjournal.org\\\/\",\"logo\":{\"@type\":\"ImageObject\",\"inLanguage\":\"en-GB\",\"@id\":\"http:\\\/\\\/www.itcjournal.org\\\/#\\\/schema\\\/logo\\\/image\\\/\",\"url\":\"https:\\\/\\\/www.itcjournal.org\\\/wp-content\\\/uploads\\\/2013\\\/02\\\/itcjournal.png\",\"contentUrl\":\"https:\\\/\\\/www.itcjournal.org\\\/wp-content\\\/uploads\\\/2013\\\/02\\\/itcjournal.png\",\"width\":300,\"height\":81,\"caption\":\"ItcJournal ( Instrumental Transcommunication )\"},\"image\":{\"@id\":\"http:\\\/\\\/www.itcjournal.org\\\/#\\\/schema\\\/logo\\\/image\\\/\"},\"sameAs\":[\"https:\\\/\\\/www.facebook.com\\\/anabela.mouratocardoso\",\"https:\\\/\\\/x.com\\\/anabela73767942\"]}]}<\/script>\n<!-- \/ Yoast SEO plugin. -->","yoast_head_json":{"title":"Journal n\u00ba17 - Mar\/2004 - ItcJournal","robots":{"index":"index","follow":"follow","max-snippet":"max-snippet:-1","max-image-preview":"max-image-preview:large","max-video-preview":"max-video-preview:-1"},"canonical":"http:\/\/www.itcjournal.org\/?product=journal-no17-mar2004","og_locale":"en_GB","og_type":"article","og_title":"Journal n\u00ba17 - Mar\/2004 - ItcJournal","og_description":"Contents Editorial A.Cardoso Final Preparatory Remarks on the Forthcoming First International Conference on the Survival of Physical Death with Special Reference to ITC &#8211; Breves coment\u00e1rios finais sobre o I Congresso Internacional &#8216;Investiga\u00e7\u00e3o Moderna sobre a Sobreviv\u00eancia \u00e0 Morte F\u00edsica, com especial destaque para a Transcomunica\u00e7\u00e3o Instrumental&#8217; &#8211; Breves Comentarios Finales sobre el I Congreso&hellip;","og_url":"http:\/\/www.itcjournal.org\/?product=journal-no17-mar2004","og_site_name":"ItcJournal","article_publisher":"https:\/\/www.facebook.com\/anabela.mouratocardoso","article_modified_time":"2021-12-28T23:32:01+00:00","og_image":[{"width":344,"height":500,"url":"http:\/\/www.itcjournal.org\/wp-content\/uploads\/2016\/11\/17.jpg","type":"image\/jpeg"}],"twitter_card":"summary_large_image","twitter_site":"@anabela73767942","twitter_misc":{"Estimated reading time":"1 minute"},"schema":{"@context":"https:\/\/schema.org","@graph":[{"@type":"WebPage","@id":"http:\/\/www.itcjournal.org\/?product=journal-no17-mar2004","url":"http:\/\/www.itcjournal.org\/?product=journal-no17-mar2004","name":"Journal n\u00ba17 - Mar\/2004 - ItcJournal","isPartOf":{"@id":"http:\/\/www.itcjournal.org\/#website"},"primaryImageOfPage":{"@id":"http:\/\/www.itcjournal.org\/?product=journal-no17-mar2004#primaryimage"},"image":{"@id":"http:\/\/www.itcjournal.org\/?product=journal-no17-mar2004#primaryimage"},"thumbnailUrl":"https:\/\/www.itcjournal.org\/wp-content\/uploads\/2016\/11\/17.jpg","datePublished":"2016-11-07T21:17:41+00:00","dateModified":"2021-12-28T23:32:01+00:00","breadcrumb":{"@id":"http:\/\/www.itcjournal.org\/?product=journal-no17-mar2004#breadcrumb"},"inLanguage":"en-GB","potentialAction":[{"@type":"ReadAction","target":["http:\/\/www.itcjournal.org\/?product=journal-no17-mar2004"]}]},{"@type":"ImageObject","inLanguage":"en-GB","@id":"http:\/\/www.itcjournal.org\/?product=journal-no17-mar2004#primaryimage","url":"https:\/\/www.itcjournal.org\/wp-content\/uploads\/2016\/11\/17.jpg","contentUrl":"https:\/\/www.itcjournal.org\/wp-content\/uploads\/2016\/11\/17.jpg","width":344,"height":500},{"@type":"BreadcrumbList","@id":"http:\/\/www.itcjournal.org\/?product=journal-no17-mar2004#breadcrumb","itemListElement":[{"@type":"ListItem","position":1,"name":"Home","item":"http:\/\/www.itcjournal.org\/"},{"@type":"ListItem","position":2,"name":"Shop","item":"http:\/\/www.itcjournal.org\/?page_id=4576"},{"@type":"ListItem","position":3,"name":"Journal n\u00ba17 &#8211; Mar\/2004"}]},{"@type":"WebSite","@id":"http:\/\/www.itcjournal.org\/#website","url":"http:\/\/www.itcjournal.org\/","name":"ItcJournal","description":"ITC Journal Investigation of Instrumental Transcommunication Phenomena.","publisher":{"@id":"http:\/\/www.itcjournal.org\/#organization"},"alternateName":"ITC Journal - Instrumental Transcommunication","potentialAction":[{"@type":"SearchAction","target":{"@type":"EntryPoint","urlTemplate":"http:\/\/www.itcjournal.org\/?s={search_term_string}"},"query-input":{"@type":"PropertyValueSpecification","valueRequired":true,"valueName":"search_term_string"}}],"inLanguage":"en-GB"},{"@type":"Organization","@id":"http:\/\/www.itcjournal.org\/#organization","name":"ItcJournal ( Instrumental Transcommunication )","url":"http:\/\/www.itcjournal.org\/","logo":{"@type":"ImageObject","inLanguage":"en-GB","@id":"http:\/\/www.itcjournal.org\/#\/schema\/logo\/image\/","url":"https:\/\/www.itcjournal.org\/wp-content\/uploads\/2013\/02\/itcjournal.png","contentUrl":"https:\/\/www.itcjournal.org\/wp-content\/uploads\/2013\/02\/itcjournal.png","width":300,"height":81,"caption":"ItcJournal ( Instrumental Transcommunication )"},"image":{"@id":"http:\/\/www.itcjournal.org\/#\/schema\/logo\/image\/"},"sameAs":["https:\/\/www.facebook.com\/anabela.mouratocardoso","https:\/\/x.com\/anabela73767942"]}]}},"_links":{"self":[{"href":"https:\/\/www.itcjournal.org\/index.php?rest_route=\/wp\/v2\/product\/4925","targetHints":{"allow":["GET"]}}],"collection":[{"href":"https:\/\/www.itcjournal.org\/index.php?rest_route=\/wp\/v2\/product"}],"about":[{"href":"https:\/\/www.itcjournal.org\/index.php?rest_route=\/wp\/v2\/types\/product"}],"wp:featuredmedia":[{"embeddable":true,"href":"https:\/\/www.itcjournal.org\/index.php?rest_route=\/wp\/v2\/media\/6065"}],"wp:attachment":[{"href":"https:\/\/www.itcjournal.org\/index.php?rest_route=%2Fwp%2Fv2%2Fmedia&parent=4925"}],"wp:term":[{"taxonomy":"product_brand","embeddable":true,"href":"https:\/\/www.itcjournal.org\/index.php?rest_route=%2Fwp%2Fv2%2Fproduct_brand&post=4925"},{"taxonomy":"product_cat","embeddable":true,"href":"https:\/\/www.itcjournal.org\/index.php?rest_route=%2Fwp%2Fv2%2Fproduct_cat&post=4925"},{"taxonomy":"product_tag","embeddable":true,"href":"https:\/\/www.itcjournal.org\/index.php?rest_route=%2Fwp%2Fv2%2Fproduct_tag&post=4925"}],"curies":[{"name":"wp","href":"https:\/\/api.w.org\/{rel}","templated":true}]}}