{"id":4921,"date":"2016-11-07T21:11:57","date_gmt":"2016-11-07T21:11:57","guid":{"rendered":"http:\/\/www.guia-verde.es\/itcjournal1\/?post_type=product&#038;p=4921"},"modified":"2021-12-28T23:34:03","modified_gmt":"2021-12-28T23:34:03","slug":"journal-no13-mar2003","status":"publish","type":"product","link":"https:\/\/www.itcjournal.org\/?product=journal-no13-mar2003","title":{"rendered":"Journal n\u00ba13 &#8211; Mar\/2003"},"content":{"rendered":"<h2>Contents<\/h2>\n<p>Para Hernani Guimar\u00e3es Andrade<br \/>\nFor Hernani Guimar\u00e3es Andrade<br \/>\nPara Hernani Guimar\u00e3es Andrade<br \/>\n<strong>Anabela Cardoso<\/strong><\/p>\n<p>Qual \u00e9 a Miss\u00e3o da Transcomunica\u00e7\u00e3o Instrumental?<br \/>\n<strong>Carlos Eduardo Noronha Luz<\/strong><\/p>\n<p>Posesiones<br \/>\n<strong>Sinesio Darnell<\/strong><\/p>\n<p>La Transcomunicazione Strumentale (part III)<br \/>\n<strong>Paolo Presi<\/strong><\/p>\n<p>Can ITC change the world?<br \/>\n<strong>Mark Macy<\/strong><\/p>\n<p>Nuove indagini computerizzate sulle \u2018Voci paranormale\u2019 (part II)<br \/>\n<strong>Daniele Gull\u00e0 &#8211; Giuseppe Lenzi<\/strong><\/p>\n<p>A PSI e a mediunidade e a maior idade: um estudo explorat\u00f3rio<br \/>\n<strong>Cristina Tavares de Rocha<\/strong><\/p>\n<p>Paradigma 2003<\/p>\n<p>&nbsp;<\/p>\n<p>Dep. Legal: VG-435-2003<br \/>\nISSN: 1696-4586 ITC (Vigo)<\/p>\n","protected":false},"excerpt":{"rendered":"<p>Contents Para Hernani Guimar\u00e3es Andrade For Hernani Guimar\u00e3es Andrade Para Hernani Guimar\u00e3es Andrade Anabela Cardoso Qual \u00e9 a Miss\u00e3o da Transcomunica\u00e7\u00e3o Instrumental? Carlos Eduardo Noronha Luz Posesiones Sinesio Darnell La Transcomunicazione Strumentale (part III) Paolo Presi Can ITC change the world? Mark Macy Nuove indagini computerizzate sulle \u2018Voci paranormale\u2019 (part II) Daniele Gull\u00e0 &#8211; Giuseppe&hellip;<\/p>\n","protected":false},"featured_media":6070,"template":"","meta":[],"product_brand":[],"product_cat":[113],"product_tag":[123,122,120,121,119,125,124],"class_list":{"0":"post-4921","1":"product","2":"type-product","3":"status-publish","4":"has-post-thumbnail","6":"product_cat-journal","7":"product_tag-evp","8":"product_tag-hearing-voices","9":"product_tag-instrumental-transcommunication","10":"product_tag-itc","11":"product_tag-itc-jounal","12":"product_tag-physical-phenomena","13":"product_tag-survival","14":"description-off","16":"first","17":"instock","18":"shipping-taxable","19":"purchasable","20":"product-type-variable"},"yoast_head":"<!-- This site is optimized with the Yoast SEO plugin v27.4 - https:\/\/yoast.com\/product\/yoast-seo-wordpress\/ -->\n<title>Journal n\u00ba13 - Mar\/2003 - ItcJournal<\/title>\n<meta name=\"robots\" content=\"index, follow, max-snippet:-1, max-image-preview:large, max-video-preview:-1\" \/>\n<link rel=\"canonical\" href=\"http:\/\/www.itcjournal.org\/?product=journal-no13-mar2003\" \/>\n<meta property=\"og:locale\" content=\"en_GB\" \/>\n<meta property=\"og:type\" content=\"article\" \/>\n<meta property=\"og:title\" content=\"Journal n\u00ba13 - Mar\/2003 - ItcJournal\" \/>\n<meta property=\"og:description\" content=\"Contents Para Hernani Guimar\u00e3es Andrade For Hernani Guimar\u00e3es Andrade Para Hernani Guimar\u00e3es Andrade Anabela Cardoso Qual \u00e9 a Miss\u00e3o da Transcomunica\u00e7\u00e3o Instrumental? Carlos Eduardo Noronha Luz Posesiones Sinesio Darnell La Transcomunicazione Strumentale (part III) Paolo Presi Can ITC change the world? Mark Macy Nuove indagini computerizzate sulle \u2018Voci paranormale\u2019 (part II) Daniele Gull\u00e0 &#8211; Giuseppe&hellip;\" \/>\n<meta property=\"og:url\" content=\"http:\/\/www.itcjournal.org\/?product=journal-no13-mar2003\" \/>\n<meta property=\"og:site_name\" content=\"ItcJournal\" \/>\n<meta property=\"article:publisher\" content=\"https:\/\/www.facebook.com\/anabela.mouratocardoso\" \/>\n<meta property=\"article:modified_time\" content=\"2021-12-28T23:34:03+00:00\" \/>\n<meta property=\"og:image\" content=\"http:\/\/www.itcjournal.org\/wp-content\/uploads\/2016\/11\/13.jpg\" \/>\n\t<meta property=\"og:image:width\" content=\"338\" \/>\n\t<meta property=\"og:image:height\" content=\"500\" \/>\n\t<meta property=\"og:image:type\" content=\"image\/jpeg\" \/>\n<meta name=\"twitter:card\" content=\"summary_large_image\" \/>\n<meta name=\"twitter:site\" content=\"@anabela73767942\" \/>\n<script type=\"application\/ld+json\" class=\"yoast-schema-graph\">{\"@context\":\"https:\\\/\\\/schema.org\",\"@graph\":[{\"@type\":\"WebPage\",\"@id\":\"http:\\\/\\\/www.itcjournal.org\\\/?product=journal-no13-mar2003\",\"url\":\"http:\\\/\\\/www.itcjournal.org\\\/?product=journal-no13-mar2003\",\"name\":\"Journal n\u00ba13 - Mar\\\/2003 - ItcJournal\",\"isPartOf\":{\"@id\":\"http:\\\/\\\/www.itcjournal.org\\\/#website\"},\"primaryImageOfPage\":{\"@id\":\"http:\\\/\\\/www.itcjournal.org\\\/?product=journal-no13-mar2003#primaryimage\"},\"image\":{\"@id\":\"http:\\\/\\\/www.itcjournal.org\\\/?product=journal-no13-mar2003#primaryimage\"},\"thumbnailUrl\":\"https:\\\/\\\/www.itcjournal.org\\\/wp-content\\\/uploads\\\/2016\\\/11\\\/13.jpg\",\"datePublished\":\"2016-11-07T21:11:57+00:00\",\"dateModified\":\"2021-12-28T23:34:03+00:00\",\"breadcrumb\":{\"@id\":\"http:\\\/\\\/www.itcjournal.org\\\/?product=journal-no13-mar2003#breadcrumb\"},\"inLanguage\":\"en-GB\",\"potentialAction\":[{\"@type\":\"ReadAction\",\"target\":[\"http:\\\/\\\/www.itcjournal.org\\\/?product=journal-no13-mar2003\"]}]},{\"@type\":\"ImageObject\",\"inLanguage\":\"en-GB\",\"@id\":\"http:\\\/\\\/www.itcjournal.org\\\/?product=journal-no13-mar2003#primaryimage\",\"url\":\"https:\\\/\\\/www.itcjournal.org\\\/wp-content\\\/uploads\\\/2016\\\/11\\\/13.jpg\",\"contentUrl\":\"https:\\\/\\\/www.itcjournal.org\\\/wp-content\\\/uploads\\\/2016\\\/11\\\/13.jpg\",\"width\":338,\"height\":500},{\"@type\":\"BreadcrumbList\",\"@id\":\"http:\\\/\\\/www.itcjournal.org\\\/?product=journal-no13-mar2003#breadcrumb\",\"itemListElement\":[{\"@type\":\"ListItem\",\"position\":1,\"name\":\"Home\",\"item\":\"http:\\\/\\\/www.itcjournal.org\\\/\"},{\"@type\":\"ListItem\",\"position\":2,\"name\":\"Shop\",\"item\":\"http:\\\/\\\/www.itcjournal.org\\\/?page_id=4576\"},{\"@type\":\"ListItem\",\"position\":3,\"name\":\"Journal n\u00ba13 &#8211; Mar\\\/2003\"}]},{\"@type\":\"WebSite\",\"@id\":\"http:\\\/\\\/www.itcjournal.org\\\/#website\",\"url\":\"http:\\\/\\\/www.itcjournal.org\\\/\",\"name\":\"ItcJournal\",\"description\":\"ITC Journal Investigation of Instrumental Transcommunication Phenomena.\",\"publisher\":{\"@id\":\"http:\\\/\\\/www.itcjournal.org\\\/#organization\"},\"alternateName\":\"ITC Journal - Instrumental Transcommunication\",\"potentialAction\":[{\"@type\":\"SearchAction\",\"target\":{\"@type\":\"EntryPoint\",\"urlTemplate\":\"http:\\\/\\\/www.itcjournal.org\\\/?s={search_term_string}\"},\"query-input\":{\"@type\":\"PropertyValueSpecification\",\"valueRequired\":true,\"valueName\":\"search_term_string\"}}],\"inLanguage\":\"en-GB\"},{\"@type\":\"Organization\",\"@id\":\"http:\\\/\\\/www.itcjournal.org\\\/#organization\",\"name\":\"ItcJournal ( Instrumental Transcommunication )\",\"url\":\"http:\\\/\\\/www.itcjournal.org\\\/\",\"logo\":{\"@type\":\"ImageObject\",\"inLanguage\":\"en-GB\",\"@id\":\"http:\\\/\\\/www.itcjournal.org\\\/#\\\/schema\\\/logo\\\/image\\\/\",\"url\":\"https:\\\/\\\/www.itcjournal.org\\\/wp-content\\\/uploads\\\/2013\\\/02\\\/itcjournal.png\",\"contentUrl\":\"https:\\\/\\\/www.itcjournal.org\\\/wp-content\\\/uploads\\\/2013\\\/02\\\/itcjournal.png\",\"width\":300,\"height\":81,\"caption\":\"ItcJournal ( Instrumental Transcommunication )\"},\"image\":{\"@id\":\"http:\\\/\\\/www.itcjournal.org\\\/#\\\/schema\\\/logo\\\/image\\\/\"},\"sameAs\":[\"https:\\\/\\\/www.facebook.com\\\/anabela.mouratocardoso\",\"https:\\\/\\\/x.com\\\/anabela73767942\"]}]}<\/script>\n<!-- \/ Yoast SEO plugin. -->","yoast_head_json":{"title":"Journal n\u00ba13 - Mar\/2003 - ItcJournal","robots":{"index":"index","follow":"follow","max-snippet":"max-snippet:-1","max-image-preview":"max-image-preview:large","max-video-preview":"max-video-preview:-1"},"canonical":"http:\/\/www.itcjournal.org\/?product=journal-no13-mar2003","og_locale":"en_GB","og_type":"article","og_title":"Journal n\u00ba13 - Mar\/2003 - ItcJournal","og_description":"Contents Para Hernani Guimar\u00e3es Andrade For Hernani Guimar\u00e3es Andrade Para Hernani Guimar\u00e3es Andrade Anabela Cardoso Qual \u00e9 a Miss\u00e3o da Transcomunica\u00e7\u00e3o Instrumental? Carlos Eduardo Noronha Luz Posesiones Sinesio Darnell La Transcomunicazione Strumentale (part III) Paolo Presi Can ITC change the world? Mark Macy Nuove indagini computerizzate sulle \u2018Voci paranormale\u2019 (part II) Daniele Gull\u00e0 &#8211; Giuseppe&hellip;","og_url":"http:\/\/www.itcjournal.org\/?product=journal-no13-mar2003","og_site_name":"ItcJournal","article_publisher":"https:\/\/www.facebook.com\/anabela.mouratocardoso","article_modified_time":"2021-12-28T23:34:03+00:00","og_image":[{"width":338,"height":500,"url":"http:\/\/www.itcjournal.org\/wp-content\/uploads\/2016\/11\/13.jpg","type":"image\/jpeg"}],"twitter_card":"summary_large_image","twitter_site":"@anabela73767942","schema":{"@context":"https:\/\/schema.org","@graph":[{"@type":"WebPage","@id":"http:\/\/www.itcjournal.org\/?product=journal-no13-mar2003","url":"http:\/\/www.itcjournal.org\/?product=journal-no13-mar2003","name":"Journal n\u00ba13 - Mar\/2003 - ItcJournal","isPartOf":{"@id":"http:\/\/www.itcjournal.org\/#website"},"primaryImageOfPage":{"@id":"http:\/\/www.itcjournal.org\/?product=journal-no13-mar2003#primaryimage"},"image":{"@id":"http:\/\/www.itcjournal.org\/?product=journal-no13-mar2003#primaryimage"},"thumbnailUrl":"https:\/\/www.itcjournal.org\/wp-content\/uploads\/2016\/11\/13.jpg","datePublished":"2016-11-07T21:11:57+00:00","dateModified":"2021-12-28T23:34:03+00:00","breadcrumb":{"@id":"http:\/\/www.itcjournal.org\/?product=journal-no13-mar2003#breadcrumb"},"inLanguage":"en-GB","potentialAction":[{"@type":"ReadAction","target":["http:\/\/www.itcjournal.org\/?product=journal-no13-mar2003"]}]},{"@type":"ImageObject","inLanguage":"en-GB","@id":"http:\/\/www.itcjournal.org\/?product=journal-no13-mar2003#primaryimage","url":"https:\/\/www.itcjournal.org\/wp-content\/uploads\/2016\/11\/13.jpg","contentUrl":"https:\/\/www.itcjournal.org\/wp-content\/uploads\/2016\/11\/13.jpg","width":338,"height":500},{"@type":"BreadcrumbList","@id":"http:\/\/www.itcjournal.org\/?product=journal-no13-mar2003#breadcrumb","itemListElement":[{"@type":"ListItem","position":1,"name":"Home","item":"http:\/\/www.itcjournal.org\/"},{"@type":"ListItem","position":2,"name":"Shop","item":"http:\/\/www.itcjournal.org\/?page_id=4576"},{"@type":"ListItem","position":3,"name":"Journal n\u00ba13 &#8211; Mar\/2003"}]},{"@type":"WebSite","@id":"http:\/\/www.itcjournal.org\/#website","url":"http:\/\/www.itcjournal.org\/","name":"ItcJournal","description":"ITC Journal Investigation of Instrumental Transcommunication Phenomena.","publisher":{"@id":"http:\/\/www.itcjournal.org\/#organization"},"alternateName":"ITC Journal - Instrumental Transcommunication","potentialAction":[{"@type":"SearchAction","target":{"@type":"EntryPoint","urlTemplate":"http:\/\/www.itcjournal.org\/?s={search_term_string}"},"query-input":{"@type":"PropertyValueSpecification","valueRequired":true,"valueName":"search_term_string"}}],"inLanguage":"en-GB"},{"@type":"Organization","@id":"http:\/\/www.itcjournal.org\/#organization","name":"ItcJournal ( Instrumental Transcommunication )","url":"http:\/\/www.itcjournal.org\/","logo":{"@type":"ImageObject","inLanguage":"en-GB","@id":"http:\/\/www.itcjournal.org\/#\/schema\/logo\/image\/","url":"https:\/\/www.itcjournal.org\/wp-content\/uploads\/2013\/02\/itcjournal.png","contentUrl":"https:\/\/www.itcjournal.org\/wp-content\/uploads\/2013\/02\/itcjournal.png","width":300,"height":81,"caption":"ItcJournal ( Instrumental Transcommunication )"},"image":{"@id":"http:\/\/www.itcjournal.org\/#\/schema\/logo\/image\/"},"sameAs":["https:\/\/www.facebook.com\/anabela.mouratocardoso","https:\/\/x.com\/anabela73767942"]}]}},"_links":{"self":[{"href":"https:\/\/www.itcjournal.org\/index.php?rest_route=\/wp\/v2\/product\/4921","targetHints":{"allow":["GET"]}}],"collection":[{"href":"https:\/\/www.itcjournal.org\/index.php?rest_route=\/wp\/v2\/product"}],"about":[{"href":"https:\/\/www.itcjournal.org\/index.php?rest_route=\/wp\/v2\/types\/product"}],"wp:featuredmedia":[{"embeddable":true,"href":"https:\/\/www.itcjournal.org\/index.php?rest_route=\/wp\/v2\/media\/6070"}],"wp:attachment":[{"href":"https:\/\/www.itcjournal.org\/index.php?rest_route=%2Fwp%2Fv2%2Fmedia&parent=4921"}],"wp:term":[{"taxonomy":"product_brand","embeddable":true,"href":"https:\/\/www.itcjournal.org\/index.php?rest_route=%2Fwp%2Fv2%2Fproduct_brand&post=4921"},{"taxonomy":"product_cat","embeddable":true,"href":"https:\/\/www.itcjournal.org\/index.php?rest_route=%2Fwp%2Fv2%2Fproduct_cat&post=4921"},{"taxonomy":"product_tag","embeddable":true,"href":"https:\/\/www.itcjournal.org\/index.php?rest_route=%2Fwp%2Fv2%2Fproduct_tag&post=4921"}],"curies":[{"name":"wp","href":"https:\/\/api.w.org\/{rel}","templated":true}]}}