{"id":4868,"date":"2016-11-04T16:12:30","date_gmt":"2016-11-04T16:12:30","guid":{"rendered":"http:\/\/www.guia-verde.es\/itcjournal1\/?post_type=product&#038;p=4868"},"modified":"2016-12-18T19:41:11","modified_gmt":"2016-12-18T19:41:11","slug":"journal-no3-sep2000","status":"publish","type":"product","link":"https:\/\/www.itcjournal.org\/?product=journal-no3-sep2000","title":{"rendered":"Journal n\u00ba3 &#8211; Sep\/2000"},"content":{"rendered":"<h2>Contents<\/h2>\n<p>&#8211; EDITORIAL A.Cardoso<br \/>\n&#8211; Reflex\u00f5es<br \/>\n&#8211; Reflexiones<br \/>\n&#8211; Reflections<br \/>\n&#8211; Readers\u2019mail &#8211; Correio dos leitores &#8211; Correo de los lectores<br \/>\n&#8211; How to Get started A.Cardoso<br \/>\n&#8211; Who is Who: Sinesio Darnell<br \/>\n&#8211; Campo Unificado de Vida Sinesio Darnell<br \/>\n&#8211; A TCI, uma nova abertura para outra Realidade Monique Simonet<br \/>\n&#8211; Chapter3: The psychotemporal model Dr Carlo Trajna<br \/>\n&#8211; La r\u00e9alit\u00e9 de l\u2019Au-del\u00e0 affirm\u00e9e par la TCI Jacques Blanc-Garin<br \/>\n&#8211; II Congreso Internacional de TCI en M\u00e9xico<br \/>\n&#8211; Lecture on ITC experiences in Luxembourg Maggy Harsch-Fischbach<br \/>\n&#8211; Confer\u00eancia sobre experi\u00eancias de TCI no Luxemburgo (extracto)<br \/>\n&#8211; A TCI &#8211; Evolu\u00e7\u00e3o dum fen\u00f3meno contestado Paolo Presi<br \/>\n&#8211; A Ci\u00eancia \u00e9 Materialista? Carlos Luz<br \/>\n&#8211; Pioneros de la TCI: Friedrich J\u00fcrgenson Carlos Fern\u00e1ndez<br \/>\n&#8211; World ITC: The Next Step Mark Macy<\/p>\n<p>&nbsp;<\/p>\n<p>Dep. Legal: VG-435-2003<br \/>\nISSN: 1696-4586 ITC (Vigo)<\/p>\n","protected":false},"excerpt":{"rendered":"<p>Contents &#8211; EDITORIAL A.Cardoso &#8211; Reflex\u00f5es &#8211; Reflexiones &#8211; Reflections &#8211; Readers\u2019mail &#8211; Correio dos leitores &#8211; Correo de los lectores &#8211; How to Get started A.Cardoso &#8211; Who is Who: Sinesio Darnell &#8211; Campo Unificado de Vida Sinesio Darnell &#8211; A TCI, uma nova abertura para outra Realidade Monique Simonet &#8211; Chapter3: The psychotemporal&hellip;<\/p>\n","protected":false},"featured_media":4870,"template":"","meta":[],"product_brand":[],"product_cat":[113],"product_tag":[123,122,120,121,119,125,124],"class_list":{"0":"post-4868","1":"product","2":"type-product","3":"status-publish","4":"has-post-thumbnail","6":"product_cat-journal","7":"product_tag-evp","8":"product_tag-hearing-voices","9":"product_tag-instrumental-transcommunication","10":"product_tag-itc","11":"product_tag-itc-jounal","12":"product_tag-physical-phenomena","13":"product_tag-survival","14":"description-off","16":"first","17":"instock","18":"shipping-taxable","19":"purchasable","20":"product-type-variable"},"yoast_head":"<!-- This site is optimized with the Yoast SEO plugin v27.4 - https:\/\/yoast.com\/product\/yoast-seo-wordpress\/ -->\n<title>Journal n\u00ba3 - Sep\/2000 - ItcJournal<\/title>\n<meta name=\"robots\" content=\"index, follow, max-snippet:-1, max-image-preview:large, max-video-preview:-1\" \/>\n<link rel=\"canonical\" href=\"http:\/\/www.itcjournal.org\/?product=journal-no3-sep2000\" \/>\n<meta property=\"og:locale\" content=\"en_GB\" \/>\n<meta property=\"og:type\" content=\"article\" \/>\n<meta property=\"og:title\" content=\"Journal n\u00ba3 - Sep\/2000 - ItcJournal\" \/>\n<meta property=\"og:description\" content=\"Contents &#8211; EDITORIAL A.Cardoso &#8211; Reflex\u00f5es &#8211; Reflexiones &#8211; Reflections &#8211; Readers\u2019mail &#8211; Correio dos leitores &#8211; Correo de los lectores &#8211; How to Get started A.Cardoso &#8211; Who is Who: Sinesio Darnell &#8211; Campo Unificado de Vida Sinesio Darnell &#8211; A TCI, uma nova abertura para outra Realidade Monique Simonet &#8211; Chapter3: The psychotemporal&hellip;\" \/>\n<meta property=\"og:url\" content=\"http:\/\/www.itcjournal.org\/?product=journal-no3-sep2000\" \/>\n<meta property=\"og:site_name\" content=\"ItcJournal\" \/>\n<meta property=\"article:publisher\" content=\"https:\/\/www.facebook.com\/anabela.mouratocardoso\" \/>\n<meta property=\"article:modified_time\" content=\"2016-12-18T19:41:11+00:00\" \/>\n<meta property=\"og:image\" content=\"http:\/\/www.itcjournal.org\/wp-content\/uploads\/2016\/11\/numero3.jpg\" \/>\n\t<meta property=\"og:image:width\" content=\"115\" \/>\n\t<meta property=\"og:image:height\" content=\"164\" \/>\n\t<meta property=\"og:image:type\" content=\"image\/jpeg\" \/>\n<meta name=\"twitter:card\" content=\"summary_large_image\" \/>\n<meta name=\"twitter:site\" content=\"@anabela73767942\" \/>\n<meta name=\"twitter:label1\" content=\"Estimated reading time\" \/>\n\t<meta name=\"twitter:data1\" content=\"1 minute\" \/>\n<script type=\"application\/ld+json\" class=\"yoast-schema-graph\">{\"@context\":\"https:\\\/\\\/schema.org\",\"@graph\":[{\"@type\":\"WebPage\",\"@id\":\"http:\\\/\\\/www.itcjournal.org\\\/?product=journal-no3-sep2000\",\"url\":\"http:\\\/\\\/www.itcjournal.org\\\/?product=journal-no3-sep2000\",\"name\":\"Journal n\u00ba3 - Sep\\\/2000 - ItcJournal\",\"isPartOf\":{\"@id\":\"http:\\\/\\\/www.itcjournal.org\\\/#website\"},\"primaryImageOfPage\":{\"@id\":\"http:\\\/\\\/www.itcjournal.org\\\/?product=journal-no3-sep2000#primaryimage\"},\"image\":{\"@id\":\"http:\\\/\\\/www.itcjournal.org\\\/?product=journal-no3-sep2000#primaryimage\"},\"thumbnailUrl\":\"https:\\\/\\\/www.itcjournal.org\\\/wp-content\\\/uploads\\\/2016\\\/11\\\/numero3.jpg\",\"datePublished\":\"2016-11-04T16:12:30+00:00\",\"dateModified\":\"2016-12-18T19:41:11+00:00\",\"breadcrumb\":{\"@id\":\"http:\\\/\\\/www.itcjournal.org\\\/?product=journal-no3-sep2000#breadcrumb\"},\"inLanguage\":\"en-GB\",\"potentialAction\":[{\"@type\":\"ReadAction\",\"target\":[\"http:\\\/\\\/www.itcjournal.org\\\/?product=journal-no3-sep2000\"]}]},{\"@type\":\"ImageObject\",\"inLanguage\":\"en-GB\",\"@id\":\"http:\\\/\\\/www.itcjournal.org\\\/?product=journal-no3-sep2000#primaryimage\",\"url\":\"https:\\\/\\\/www.itcjournal.org\\\/wp-content\\\/uploads\\\/2016\\\/11\\\/numero3.jpg\",\"contentUrl\":\"https:\\\/\\\/www.itcjournal.org\\\/wp-content\\\/uploads\\\/2016\\\/11\\\/numero3.jpg\",\"width\":115,\"height\":164},{\"@type\":\"BreadcrumbList\",\"@id\":\"http:\\\/\\\/www.itcjournal.org\\\/?product=journal-no3-sep2000#breadcrumb\",\"itemListElement\":[{\"@type\":\"ListItem\",\"position\":1,\"name\":\"Home\",\"item\":\"http:\\\/\\\/www.itcjournal.org\\\/\"},{\"@type\":\"ListItem\",\"position\":2,\"name\":\"Shop\",\"item\":\"http:\\\/\\\/www.itcjournal.org\\\/?page_id=4576\"},{\"@type\":\"ListItem\",\"position\":3,\"name\":\"Journal n\u00ba3 &#8211; Sep\\\/2000\"}]},{\"@type\":\"WebSite\",\"@id\":\"http:\\\/\\\/www.itcjournal.org\\\/#website\",\"url\":\"http:\\\/\\\/www.itcjournal.org\\\/\",\"name\":\"ItcJournal\",\"description\":\"ITC Journal Investigation of Instrumental Transcommunication Phenomena.\",\"publisher\":{\"@id\":\"http:\\\/\\\/www.itcjournal.org\\\/#organization\"},\"alternateName\":\"ITC Journal - Instrumental Transcommunication\",\"potentialAction\":[{\"@type\":\"SearchAction\",\"target\":{\"@type\":\"EntryPoint\",\"urlTemplate\":\"http:\\\/\\\/www.itcjournal.org\\\/?s={search_term_string}\"},\"query-input\":{\"@type\":\"PropertyValueSpecification\",\"valueRequired\":true,\"valueName\":\"search_term_string\"}}],\"inLanguage\":\"en-GB\"},{\"@type\":\"Organization\",\"@id\":\"http:\\\/\\\/www.itcjournal.org\\\/#organization\",\"name\":\"ItcJournal ( Instrumental Transcommunication )\",\"url\":\"http:\\\/\\\/www.itcjournal.org\\\/\",\"logo\":{\"@type\":\"ImageObject\",\"inLanguage\":\"en-GB\",\"@id\":\"http:\\\/\\\/www.itcjournal.org\\\/#\\\/schema\\\/logo\\\/image\\\/\",\"url\":\"https:\\\/\\\/www.itcjournal.org\\\/wp-content\\\/uploads\\\/2013\\\/02\\\/itcjournal.png\",\"contentUrl\":\"https:\\\/\\\/www.itcjournal.org\\\/wp-content\\\/uploads\\\/2013\\\/02\\\/itcjournal.png\",\"width\":300,\"height\":81,\"caption\":\"ItcJournal ( Instrumental Transcommunication )\"},\"image\":{\"@id\":\"http:\\\/\\\/www.itcjournal.org\\\/#\\\/schema\\\/logo\\\/image\\\/\"},\"sameAs\":[\"https:\\\/\\\/www.facebook.com\\\/anabela.mouratocardoso\",\"https:\\\/\\\/x.com\\\/anabela73767942\"]}]}<\/script>\n<!-- \/ Yoast SEO plugin. -->","yoast_head_json":{"title":"Journal n\u00ba3 - Sep\/2000 - ItcJournal","robots":{"index":"index","follow":"follow","max-snippet":"max-snippet:-1","max-image-preview":"max-image-preview:large","max-video-preview":"max-video-preview:-1"},"canonical":"http:\/\/www.itcjournal.org\/?product=journal-no3-sep2000","og_locale":"en_GB","og_type":"article","og_title":"Journal n\u00ba3 - Sep\/2000 - ItcJournal","og_description":"Contents &#8211; EDITORIAL A.Cardoso &#8211; Reflex\u00f5es &#8211; Reflexiones &#8211; Reflections &#8211; Readers\u2019mail &#8211; Correio dos leitores &#8211; Correo de los lectores &#8211; How to Get started A.Cardoso &#8211; Who is Who: Sinesio Darnell &#8211; Campo Unificado de Vida Sinesio Darnell &#8211; A TCI, uma nova abertura para outra Realidade Monique Simonet &#8211; Chapter3: The psychotemporal&hellip;","og_url":"http:\/\/www.itcjournal.org\/?product=journal-no3-sep2000","og_site_name":"ItcJournal","article_publisher":"https:\/\/www.facebook.com\/anabela.mouratocardoso","article_modified_time":"2016-12-18T19:41:11+00:00","og_image":[{"width":115,"height":164,"url":"http:\/\/www.itcjournal.org\/wp-content\/uploads\/2016\/11\/numero3.jpg","type":"image\/jpeg"}],"twitter_card":"summary_large_image","twitter_site":"@anabela73767942","twitter_misc":{"Estimated reading time":"1 minute"},"schema":{"@context":"https:\/\/schema.org","@graph":[{"@type":"WebPage","@id":"http:\/\/www.itcjournal.org\/?product=journal-no3-sep2000","url":"http:\/\/www.itcjournal.org\/?product=journal-no3-sep2000","name":"Journal n\u00ba3 - Sep\/2000 - ItcJournal","isPartOf":{"@id":"http:\/\/www.itcjournal.org\/#website"},"primaryImageOfPage":{"@id":"http:\/\/www.itcjournal.org\/?product=journal-no3-sep2000#primaryimage"},"image":{"@id":"http:\/\/www.itcjournal.org\/?product=journal-no3-sep2000#primaryimage"},"thumbnailUrl":"https:\/\/www.itcjournal.org\/wp-content\/uploads\/2016\/11\/numero3.jpg","datePublished":"2016-11-04T16:12:30+00:00","dateModified":"2016-12-18T19:41:11+00:00","breadcrumb":{"@id":"http:\/\/www.itcjournal.org\/?product=journal-no3-sep2000#breadcrumb"},"inLanguage":"en-GB","potentialAction":[{"@type":"ReadAction","target":["http:\/\/www.itcjournal.org\/?product=journal-no3-sep2000"]}]},{"@type":"ImageObject","inLanguage":"en-GB","@id":"http:\/\/www.itcjournal.org\/?product=journal-no3-sep2000#primaryimage","url":"https:\/\/www.itcjournal.org\/wp-content\/uploads\/2016\/11\/numero3.jpg","contentUrl":"https:\/\/www.itcjournal.org\/wp-content\/uploads\/2016\/11\/numero3.jpg","width":115,"height":164},{"@type":"BreadcrumbList","@id":"http:\/\/www.itcjournal.org\/?product=journal-no3-sep2000#breadcrumb","itemListElement":[{"@type":"ListItem","position":1,"name":"Home","item":"http:\/\/www.itcjournal.org\/"},{"@type":"ListItem","position":2,"name":"Shop","item":"http:\/\/www.itcjournal.org\/?page_id=4576"},{"@type":"ListItem","position":3,"name":"Journal n\u00ba3 &#8211; Sep\/2000"}]},{"@type":"WebSite","@id":"http:\/\/www.itcjournal.org\/#website","url":"http:\/\/www.itcjournal.org\/","name":"ItcJournal","description":"ITC Journal Investigation of Instrumental Transcommunication Phenomena.","publisher":{"@id":"http:\/\/www.itcjournal.org\/#organization"},"alternateName":"ITC Journal - Instrumental Transcommunication","potentialAction":[{"@type":"SearchAction","target":{"@type":"EntryPoint","urlTemplate":"http:\/\/www.itcjournal.org\/?s={search_term_string}"},"query-input":{"@type":"PropertyValueSpecification","valueRequired":true,"valueName":"search_term_string"}}],"inLanguage":"en-GB"},{"@type":"Organization","@id":"http:\/\/www.itcjournal.org\/#organization","name":"ItcJournal ( Instrumental Transcommunication )","url":"http:\/\/www.itcjournal.org\/","logo":{"@type":"ImageObject","inLanguage":"en-GB","@id":"http:\/\/www.itcjournal.org\/#\/schema\/logo\/image\/","url":"https:\/\/www.itcjournal.org\/wp-content\/uploads\/2013\/02\/itcjournal.png","contentUrl":"https:\/\/www.itcjournal.org\/wp-content\/uploads\/2013\/02\/itcjournal.png","width":300,"height":81,"caption":"ItcJournal ( Instrumental Transcommunication )"},"image":{"@id":"http:\/\/www.itcjournal.org\/#\/schema\/logo\/image\/"},"sameAs":["https:\/\/www.facebook.com\/anabela.mouratocardoso","https:\/\/x.com\/anabela73767942"]}]}},"_links":{"self":[{"href":"https:\/\/www.itcjournal.org\/index.php?rest_route=\/wp\/v2\/product\/4868","targetHints":{"allow":["GET"]}}],"collection":[{"href":"https:\/\/www.itcjournal.org\/index.php?rest_route=\/wp\/v2\/product"}],"about":[{"href":"https:\/\/www.itcjournal.org\/index.php?rest_route=\/wp\/v2\/types\/product"}],"wp:featuredmedia":[{"embeddable":true,"href":"https:\/\/www.itcjournal.org\/index.php?rest_route=\/wp\/v2\/media\/4870"}],"wp:attachment":[{"href":"https:\/\/www.itcjournal.org\/index.php?rest_route=%2Fwp%2Fv2%2Fmedia&parent=4868"}],"wp:term":[{"taxonomy":"product_brand","embeddable":true,"href":"https:\/\/www.itcjournal.org\/index.php?rest_route=%2Fwp%2Fv2%2Fproduct_brand&post=4868"},{"taxonomy":"product_cat","embeddable":true,"href":"https:\/\/www.itcjournal.org\/index.php?rest_route=%2Fwp%2Fv2%2Fproduct_cat&post=4868"},{"taxonomy":"product_tag","embeddable":true,"href":"https:\/\/www.itcjournal.org\/index.php?rest_route=%2Fwp%2Fv2%2Fproduct_tag&post=4868"}],"curies":[{"name":"wp","href":"https:\/\/api.w.org\/{rel}","templated":true}]}}