{"id":5001,"date":"2016-11-08T11:59:24","date_gmt":"2016-11-08T11:59:24","guid":{"rendered":"http:\/\/www.guia-verde.es\/itcjournal1\/?post_type=product&#038;p=5001"},"modified":"2021-12-28T22:45:30","modified_gmt":"2021-12-28T22:45:30","slug":"journal-no52-jun2016","status":"publish","type":"product","link":"http:\/\/www.itcjournal.org\/?product=journal-no52-jun2016","title":{"rendered":"Journal n\u00ba52-Jun\/2016"},"content":{"rendered":"<h2>Contents<\/h2>\n<table border=\"0\" cellspacing=\"0\" cellpadding=\"0\">\n<tbody>\n<tr>\n<td valign=\"top\" width=\"387\">The Cerchio Firenze 77 <strong><br \/>\n<\/strong><\/td>\n<td valign=\"top\" width=\"29\">5<\/td>\n<\/tr>\n<tr>\n<td valign=\"top\" width=\"387\">A<strong>nabela Cardoso<br \/>\n<\/strong><\/td>\n<td valign=\"top\" width=\"29\"><\/td>\n<\/tr>\n<tr>\n<td valign=\"top\" width=\"387\">&nbsp;<\/p>\n<p>&nbsp;<\/p>\n<p>&nbsp;<\/td>\n<td valign=\"top\" width=\"29\"><\/td>\n<\/tr>\n<tr>\n<td valign=\"top\" width=\"387\">Teachings received at the Cerchio Firenze 77 (extract)<\/td>\n<td valign=\"top\" width=\"29\">8<\/td>\n<\/tr>\n<tr>\n<td valign=\"top\" width=\"387\">&nbsp;<\/p>\n<p>Interview with Anders Leopold <strong><br \/>\n<\/strong><\/td>\n<td valign=\"top\" width=\"29\">&nbsp;<\/p>\n<p>11<\/td>\n<\/tr>\n<tr>\n<td valign=\"top\" width=\"387\"><strong>Edgar M\u00fcller<\/strong><\/td>\n<td valign=\"top\" width=\"29\"><\/td>\n<\/tr>\n<tr>\n<td>&nbsp;<\/p>\n<p>Introduction to Marcello Bacci&#8217;s\u00a0 book \u2018The Mystery of the<br \/>\nVoices from Beyond\u2019 (1985)<\/td>\n<td>19<\/td>\n<\/tr>\n<tr>\n<td valign=\"top\" width=\"387\"><strong>Carlo M. Trajna<\/strong><\/td>\n<td valign=\"top\" width=\"29\"><\/td>\n<\/tr>\n<tr>\n<td valign=\"top\" width=\"387\">&nbsp;<\/p>\n<p>The Interpretation of EVP Recordings<\/td>\n<td valign=\"top\" width=\"29\">&nbsp;<\/p>\n<p>30<\/td>\n<\/tr>\n<tr>\n<td><strong>Jacques Blanc-Garin<\/strong><\/td>\n<td><\/td>\n<\/tr>\n<tr>\n<td>&nbsp;<\/p>\n<p>Software for EVP work and research (A guide)<\/td>\n<td>&nbsp;<\/p>\n<p>34<\/td>\n<\/tr>\n<tr>\n<td><strong>Edgar M\u00fcller<\/strong><\/td>\n<td><\/td>\n<\/tr>\n<tr>\n<td>&nbsp;<\/p>\n<p><strong>ITC News and other items<br \/>\n<\/strong><\/td>\n<td>&nbsp;<\/p>\n<p>45<\/td>\n<\/tr>\n<tr>\n<td>Calling Earth &#8211; A documentary 45<\/td>\n<td>45<\/td>\n<\/tr>\n<tr>\n<td valign=\"top\" width=\"387\"><strong>Dan Drasin<\/strong><\/td>\n<td valign=\"top\" width=\"29\"><\/td>\n<\/tr>\n<tr>\n<td valign=\"top\" width=\"387\">The Helene Reeder Memorial Fund- Application for Grant<\/td>\n<td valign=\"top\" width=\"29\">47<\/td>\n<\/tr>\n<tr>\n<td><\/td>\n<td>31<\/td>\n<\/tr>\n<tr>\n<td><strong>Book Reviews<\/strong><\/td>\n<td><\/td>\n<\/tr>\n<tr>\n<td valign=\"top\" width=\"387\">We will see each other in heaven! (Nos vemos en el cielo)<\/td>\n<td valign=\"top\" width=\"29\">33<\/td>\n<\/tr>\n<tr>\n<td>Can Atheists See the \u2018Forrest\u2019 for the Trees?<\/td>\n<td>49<\/td>\n<\/tr>\n<tr>\n<td><strong>Michael Tymn<\/strong><\/td>\n<td><\/td>\n<\/tr>\n<tr>\n<td>Au-del\u00e0 d\u2019un d\u00e9funt: M\u00e9diumnit\u00e9 et Gu\u00e9rison au quotidien<\/td>\n<td>52<\/td>\n<\/tr>\n<tr>\n<td valign=\"top\" width=\"387\">&nbsp;<\/p>\n<p><strong>Readers\u2019 Letters<\/strong><\/td>\n<td valign=\"top\" width=\"29\">&nbsp;<\/p>\n<p>54<\/td>\n<\/tr>\n<tr>\n<td valign=\"top\" width=\"387\">&nbsp;<\/p>\n<p><strong>Personal Testimony<\/strong><\/td>\n<td valign=\"top\" width=\"29\">&nbsp;<\/p>\n<p>57<\/td>\n<\/tr>\n<tr>\n<td>Observations on the state of modern Psychical Research.<\/td>\n<td>57<\/td>\n<\/tr>\n<tr>\n<td><strong>Sean Richards<\/strong><\/td>\n<td><\/td>\n<\/tr>\n<tr>\n<td valign=\"top\" width=\"387\">Why spirituality is more important than religion<\/td>\n<td valign=\"top\" width=\"29\">69<\/td>\n<\/tr>\n<tr>\n<td><strong>Bel\u00e9n Conde<\/strong><\/td>\n<td><\/td>\n<\/tr>\n<tr>\n<td>Unexpected Trans-image capture<\/td>\n<td>73<\/td>\n<\/tr>\n<tr>\n<td><strong>Suely Pinheiro &amp; Gabrielle Bazacas Cabral <\/strong><\/td>\n<td><\/td>\n<\/tr>\n<tr>\n<td valign=\"top\" width=\"387\">&nbsp;<\/p>\n<p>Transcommunication, Parapsychology and Science (Part 2)<\/td>\n<td valign=\"top\" width=\"29\">&nbsp;<\/p>\n<p>76<\/td>\n<\/tr>\n<tr>\n<td><strong>Dr Vladimir Delavre<\/strong><\/td>\n<td><\/td>\n<\/tr>\n<tr>\n<td valign=\"top\" width=\"387\">&nbsp;<\/p>\n<p><strong>ITC &#8211; Historical Perspective<\/strong><\/td>\n<td valign=\"top\" width=\"29\"><\/td>\n<\/tr>\n<tr>\n<td>Spiricom Manual Ch 6(cont.), Chs 7 &amp; 8<\/td>\n<td>82<\/td>\n<\/tr>\n<tr>\n<td>Instructions for Authors<\/td>\n<td>92<\/td>\n<\/tr>\n<\/tbody>\n<\/table>\n<p>Dep. Legal: VG-435-2003<br \/>\nISSN: 1696-4586 ITC (Vigo)<\/p>\n","protected":false},"excerpt":{"rendered":"<p>Contents The Cerchio Firenze 77 5 Anabela Cardoso &nbsp; &nbsp; &nbsp; Teachings received at the Cerchio Firenze 77 (extract) 8 &nbsp; Interview with Anders Leopold &nbsp; 11 Edgar M\u00fcller &nbsp; Introduction to Marcello Bacci&#8217;s\u00a0 book \u2018The Mystery of the Voices from Beyond\u2019 (1985) 19 Carlo M. Trajna &nbsp; The Interpretation of EVP Recordings &nbsp; 30&hellip;<\/p>\n","protected":false},"featured_media":6029,"template":"","meta":[],"product_brand":[],"product_cat":[113],"product_tag":[123,122,120,121,119,125,124],"class_list":{"0":"post-5001","1":"product","2":"type-product","3":"status-publish","4":"has-post-thumbnail","6":"product_cat-journal","7":"product_tag-evp","8":"product_tag-hearing-voices","9":"product_tag-instrumental-transcommunication","10":"product_tag-itc","11":"product_tag-itc-jounal","12":"product_tag-physical-phenomena","13":"product_tag-survival","14":"description-off","16":"first","17":"instock","18":"shipping-taxable","19":"purchasable","20":"product-type-variable"},"yoast_head":"<!-- This site is optimized with the Yoast SEO plugin v27.4 - https:\/\/yoast.com\/product\/yoast-seo-wordpress\/ -->\n<title>Journal n\u00ba52-Jun\/2016 - ItcJournal<\/title>\n<meta name=\"robots\" content=\"index, follow, max-snippet:-1, max-image-preview:large, max-video-preview:-1\" \/>\n<link rel=\"canonical\" href=\"http:\/\/www.itcjournal.org\/?product=journal-no52-jun2016\" \/>\n<meta property=\"og:locale\" content=\"en_GB\" \/>\n<meta property=\"og:type\" content=\"article\" \/>\n<meta property=\"og:title\" content=\"Journal n\u00ba52-Jun\/2016 - ItcJournal\" \/>\n<meta property=\"og:description\" content=\"Contents The Cerchio Firenze 77 5 Anabela Cardoso &nbsp; &nbsp; &nbsp; Teachings received at the Cerchio Firenze 77 (extract) 8 &nbsp; Interview with Anders Leopold &nbsp; 11 Edgar M\u00fcller &nbsp; Introduction to Marcello Bacci&#8217;s\u00a0 book \u2018The Mystery of the Voices from Beyond\u2019 (1985) 19 Carlo M. Trajna &nbsp; The Interpretation of EVP Recordings &nbsp; 30&hellip;\" \/>\n<meta property=\"og:url\" content=\"http:\/\/www.itcjournal.org\/?product=journal-no52-jun2016\" \/>\n<meta property=\"og:site_name\" content=\"ItcJournal\" \/>\n<meta property=\"article:publisher\" content=\"https:\/\/www.facebook.com\/anabela.mouratocardoso\" \/>\n<meta property=\"article:modified_time\" content=\"2021-12-28T22:45:30+00:00\" \/>\n<meta property=\"og:image\" content=\"http:\/\/www.itcjournal.org\/wp-content\/uploads\/2016\/11\/52.jpg\" \/>\n\t<meta property=\"og:image:width\" content=\"352\" \/>\n\t<meta property=\"og:image:height\" content=\"500\" \/>\n\t<meta property=\"og:image:type\" content=\"image\/jpeg\" \/>\n<meta name=\"twitter:card\" content=\"summary_large_image\" \/>\n<meta name=\"twitter:site\" content=\"@anabela73767942\" \/>\n<meta name=\"twitter:label1\" content=\"Estimated reading time\" \/>\n\t<meta name=\"twitter:data1\" content=\"1 minute\" \/>\n<script type=\"application\/ld+json\" class=\"yoast-schema-graph\">{\"@context\":\"https:\\\/\\\/schema.org\",\"@graph\":[{\"@type\":\"WebPage\",\"@id\":\"http:\\\/\\\/www.itcjournal.org\\\/?product=journal-no52-jun2016\",\"url\":\"http:\\\/\\\/www.itcjournal.org\\\/?product=journal-no52-jun2016\",\"name\":\"Journal n\u00ba52-Jun\\\/2016 - ItcJournal\",\"isPartOf\":{\"@id\":\"http:\\\/\\\/www.itcjournal.org\\\/#website\"},\"primaryImageOfPage\":{\"@id\":\"http:\\\/\\\/www.itcjournal.org\\\/?product=journal-no52-jun2016#primaryimage\"},\"image\":{\"@id\":\"http:\\\/\\\/www.itcjournal.org\\\/?product=journal-no52-jun2016#primaryimage\"},\"thumbnailUrl\":\"http:\\\/\\\/www.itcjournal.org\\\/wp-content\\\/uploads\\\/2016\\\/11\\\/52.jpg\",\"datePublished\":\"2016-11-08T11:59:24+00:00\",\"dateModified\":\"2021-12-28T22:45:30+00:00\",\"breadcrumb\":{\"@id\":\"http:\\\/\\\/www.itcjournal.org\\\/?product=journal-no52-jun2016#breadcrumb\"},\"inLanguage\":\"en-GB\",\"potentialAction\":[{\"@type\":\"ReadAction\",\"target\":[\"http:\\\/\\\/www.itcjournal.org\\\/?product=journal-no52-jun2016\"]}]},{\"@type\":\"ImageObject\",\"inLanguage\":\"en-GB\",\"@id\":\"http:\\\/\\\/www.itcjournal.org\\\/?product=journal-no52-jun2016#primaryimage\",\"url\":\"http:\\\/\\\/www.itcjournal.org\\\/wp-content\\\/uploads\\\/2016\\\/11\\\/52.jpg\",\"contentUrl\":\"http:\\\/\\\/www.itcjournal.org\\\/wp-content\\\/uploads\\\/2016\\\/11\\\/52.jpg\",\"width\":352,\"height\":500},{\"@type\":\"BreadcrumbList\",\"@id\":\"http:\\\/\\\/www.itcjournal.org\\\/?product=journal-no52-jun2016#breadcrumb\",\"itemListElement\":[{\"@type\":\"ListItem\",\"position\":1,\"name\":\"Home\",\"item\":\"http:\\\/\\\/www.itcjournal.org\\\/\"},{\"@type\":\"ListItem\",\"position\":2,\"name\":\"Shop\",\"item\":\"http:\\\/\\\/www.itcjournal.org\\\/?page_id=4576\"},{\"@type\":\"ListItem\",\"position\":3,\"name\":\"Journal n\u00ba52-Jun\\\/2016\"}]},{\"@type\":\"WebSite\",\"@id\":\"http:\\\/\\\/www.itcjournal.org\\\/#website\",\"url\":\"http:\\\/\\\/www.itcjournal.org\\\/\",\"name\":\"ItcJournal\",\"description\":\"ITC Journal Investigation of Instrumental Transcommunication Phenomena.\",\"publisher\":{\"@id\":\"http:\\\/\\\/www.itcjournal.org\\\/#organization\"},\"alternateName\":\"ITC Journal - Instrumental Transcommunication\",\"potentialAction\":[{\"@type\":\"SearchAction\",\"target\":{\"@type\":\"EntryPoint\",\"urlTemplate\":\"http:\\\/\\\/www.itcjournal.org\\\/?s={search_term_string}\"},\"query-input\":{\"@type\":\"PropertyValueSpecification\",\"valueRequired\":true,\"valueName\":\"search_term_string\"}}],\"inLanguage\":\"en-GB\"},{\"@type\":\"Organization\",\"@id\":\"http:\\\/\\\/www.itcjournal.org\\\/#organization\",\"name\":\"ItcJournal ( Instrumental Transcommunication )\",\"url\":\"http:\\\/\\\/www.itcjournal.org\\\/\",\"logo\":{\"@type\":\"ImageObject\",\"inLanguage\":\"en-GB\",\"@id\":\"http:\\\/\\\/www.itcjournal.org\\\/#\\\/schema\\\/logo\\\/image\\\/\",\"url\":\"http:\\\/\\\/www.itcjournal.org\\\/wp-content\\\/uploads\\\/2013\\\/02\\\/itcjournal.png\",\"contentUrl\":\"http:\\\/\\\/www.itcjournal.org\\\/wp-content\\\/uploads\\\/2013\\\/02\\\/itcjournal.png\",\"width\":300,\"height\":81,\"caption\":\"ItcJournal ( Instrumental Transcommunication )\"},\"image\":{\"@id\":\"http:\\\/\\\/www.itcjournal.org\\\/#\\\/schema\\\/logo\\\/image\\\/\"},\"sameAs\":[\"https:\\\/\\\/www.facebook.com\\\/anabela.mouratocardoso\",\"https:\\\/\\\/x.com\\\/anabela73767942\"]}]}<\/script>\n<!-- \/ Yoast SEO plugin. -->","yoast_head_json":{"title":"Journal n\u00ba52-Jun\/2016 - ItcJournal","robots":{"index":"index","follow":"follow","max-snippet":"max-snippet:-1","max-image-preview":"max-image-preview:large","max-video-preview":"max-video-preview:-1"},"canonical":"http:\/\/www.itcjournal.org\/?product=journal-no52-jun2016","og_locale":"en_GB","og_type":"article","og_title":"Journal n\u00ba52-Jun\/2016 - ItcJournal","og_description":"Contents The Cerchio Firenze 77 5 Anabela Cardoso &nbsp; &nbsp; &nbsp; Teachings received at the Cerchio Firenze 77 (extract) 8 &nbsp; Interview with Anders Leopold &nbsp; 11 Edgar M\u00fcller &nbsp; Introduction to Marcello Bacci&#8217;s\u00a0 book \u2018The Mystery of the Voices from Beyond\u2019 (1985) 19 Carlo M. Trajna &nbsp; The Interpretation of EVP Recordings &nbsp; 30&hellip;","og_url":"http:\/\/www.itcjournal.org\/?product=journal-no52-jun2016","og_site_name":"ItcJournal","article_publisher":"https:\/\/www.facebook.com\/anabela.mouratocardoso","article_modified_time":"2021-12-28T22:45:30+00:00","og_image":[{"width":352,"height":500,"url":"http:\/\/www.itcjournal.org\/wp-content\/uploads\/2016\/11\/52.jpg","type":"image\/jpeg"}],"twitter_card":"summary_large_image","twitter_site":"@anabela73767942","twitter_misc":{"Estimated reading time":"1 minute"},"schema":{"@context":"https:\/\/schema.org","@graph":[{"@type":"WebPage","@id":"http:\/\/www.itcjournal.org\/?product=journal-no52-jun2016","url":"http:\/\/www.itcjournal.org\/?product=journal-no52-jun2016","name":"Journal n\u00ba52-Jun\/2016 - ItcJournal","isPartOf":{"@id":"http:\/\/www.itcjournal.org\/#website"},"primaryImageOfPage":{"@id":"http:\/\/www.itcjournal.org\/?product=journal-no52-jun2016#primaryimage"},"image":{"@id":"http:\/\/www.itcjournal.org\/?product=journal-no52-jun2016#primaryimage"},"thumbnailUrl":"http:\/\/www.itcjournal.org\/wp-content\/uploads\/2016\/11\/52.jpg","datePublished":"2016-11-08T11:59:24+00:00","dateModified":"2021-12-28T22:45:30+00:00","breadcrumb":{"@id":"http:\/\/www.itcjournal.org\/?product=journal-no52-jun2016#breadcrumb"},"inLanguage":"en-GB","potentialAction":[{"@type":"ReadAction","target":["http:\/\/www.itcjournal.org\/?product=journal-no52-jun2016"]}]},{"@type":"ImageObject","inLanguage":"en-GB","@id":"http:\/\/www.itcjournal.org\/?product=journal-no52-jun2016#primaryimage","url":"http:\/\/www.itcjournal.org\/wp-content\/uploads\/2016\/11\/52.jpg","contentUrl":"http:\/\/www.itcjournal.org\/wp-content\/uploads\/2016\/11\/52.jpg","width":352,"height":500},{"@type":"BreadcrumbList","@id":"http:\/\/www.itcjournal.org\/?product=journal-no52-jun2016#breadcrumb","itemListElement":[{"@type":"ListItem","position":1,"name":"Home","item":"http:\/\/www.itcjournal.org\/"},{"@type":"ListItem","position":2,"name":"Shop","item":"http:\/\/www.itcjournal.org\/?page_id=4576"},{"@type":"ListItem","position":3,"name":"Journal n\u00ba52-Jun\/2016"}]},{"@type":"WebSite","@id":"http:\/\/www.itcjournal.org\/#website","url":"http:\/\/www.itcjournal.org\/","name":"ItcJournal","description":"ITC Journal Investigation of Instrumental Transcommunication Phenomena.","publisher":{"@id":"http:\/\/www.itcjournal.org\/#organization"},"alternateName":"ITC Journal - Instrumental Transcommunication","potentialAction":[{"@type":"SearchAction","target":{"@type":"EntryPoint","urlTemplate":"http:\/\/www.itcjournal.org\/?s={search_term_string}"},"query-input":{"@type":"PropertyValueSpecification","valueRequired":true,"valueName":"search_term_string"}}],"inLanguage":"en-GB"},{"@type":"Organization","@id":"http:\/\/www.itcjournal.org\/#organization","name":"ItcJournal ( Instrumental Transcommunication )","url":"http:\/\/www.itcjournal.org\/","logo":{"@type":"ImageObject","inLanguage":"en-GB","@id":"http:\/\/www.itcjournal.org\/#\/schema\/logo\/image\/","url":"http:\/\/www.itcjournal.org\/wp-content\/uploads\/2013\/02\/itcjournal.png","contentUrl":"http:\/\/www.itcjournal.org\/wp-content\/uploads\/2013\/02\/itcjournal.png","width":300,"height":81,"caption":"ItcJournal ( Instrumental Transcommunication )"},"image":{"@id":"http:\/\/www.itcjournal.org\/#\/schema\/logo\/image\/"},"sameAs":["https:\/\/www.facebook.com\/anabela.mouratocardoso","https:\/\/x.com\/anabela73767942"]}]}},"_links":{"self":[{"href":"http:\/\/www.itcjournal.org\/index.php?rest_route=\/wp\/v2\/product\/5001","targetHints":{"allow":["GET"]}}],"collection":[{"href":"http:\/\/www.itcjournal.org\/index.php?rest_route=\/wp\/v2\/product"}],"about":[{"href":"http:\/\/www.itcjournal.org\/index.php?rest_route=\/wp\/v2\/types\/product"}],"wp:featuredmedia":[{"embeddable":true,"href":"http:\/\/www.itcjournal.org\/index.php?rest_route=\/wp\/v2\/media\/6029"}],"wp:attachment":[{"href":"http:\/\/www.itcjournal.org\/index.php?rest_route=%2Fwp%2Fv2%2Fmedia&parent=5001"}],"wp:term":[{"taxonomy":"product_brand","embeddable":true,"href":"http:\/\/www.itcjournal.org\/index.php?rest_route=%2Fwp%2Fv2%2Fproduct_brand&post=5001"},{"taxonomy":"product_cat","embeddable":true,"href":"http:\/\/www.itcjournal.org\/index.php?rest_route=%2Fwp%2Fv2%2Fproduct_cat&post=5001"},{"taxonomy":"product_tag","embeddable":true,"href":"http:\/\/www.itcjournal.org\/index.php?rest_route=%2Fwp%2Fv2%2Fproduct_tag&post=5001"}],"curies":[{"name":"wp","href":"https:\/\/api.w.org\/{rel}","templated":true}]}}