{"id":4945,"date":"2016-11-08T10:36:04","date_gmt":"2016-11-08T10:36:04","guid":{"rendered":"http:\/\/www.guia-verde.es\/itcjournal1\/?post_type=product&#038;p=4945"},"modified":"2021-12-28T23:02:43","modified_gmt":"2021-12-28T23:02:43","slug":"journal-no35-aug2009","status":"publish","type":"product","link":"http:\/\/www.itcjournal.org\/?product=journal-no35-aug2009","title":{"rendered":"Journal n\u00ba35 &#8211; Aug\/2009"},"content":{"rendered":"<h2>Contents<\/h2>\n<p><strong>Dedication<\/strong> Friedrich J\u00fcrgenson&#8217;s Discovery<\/p>\n<p>Una aportaci\u00f3n a la comprensi\u00f3n de los mensajes recibidos<\/p>\n<p>de animales a trav\u00e9s de la TCI<\/p>\n<p>A contribution to the understanding of ITC communications<\/p>\n<p>received from animals<\/p>\n<p>Contributo para a compreens\u00e3o das mensagens de TCI<\/p>\n<p>recebidas de animais<\/p>\n<p><strong>Anabela Cardoso<\/strong><\/p>\n<p>As Vozes<\/p>\n<p><strong>Anabela Cardoso<\/strong><\/p>\n<p>A tribute to Renato Orso<\/p>\n<p>A pioneer in EVP research: Dr. Renato Orso from Turin*<\/p>\n<p><strong>Paolo Presi<\/strong><\/p>\n<p>O Modelo Organizador Biol\u00f3gico \u2013MOB*<\/p>\n<p><strong>Hernani Guimar\u00e3es Andrade<\/strong><\/p>\n<p>Another Look at \/ Una retrospectiva \/ Uma retrospectiva<\/p>\n<p>Hacia Una Nueva Interpretaci\u00f3n de Los Indicios de Reencarnaci\u00f3n<\/p>\n<ol>\n<li><strong> Fran\u00e7ois Brune<\/strong><\/li>\n<\/ol>\n<p>(plus an abstract of this paper in English)<\/p>\n<p><strong>ITC &#8211; Historical Perspective \/ TCI &#8211; Perspectiva hist\u00f3rica \/ Perspectiva hist\u00f3rica<\/strong><\/p>\n<p>Contact with ABX Juno (continued)<\/p>\n<p>Jochem Fornoff<\/p>\n<p>ITC \u2013 the Rivenich group<\/p>\n<p><strong>Hernani Guimar\u00e3es Andrade<\/strong><\/p>\n<p>The Marvel of Plants: What do we know?*<\/p>\n<p><strong>Luciana Petrucelli<\/strong><\/p>\n<p>Smarty Plants: Inside the World&#8217;s Only Plant-Intelligence Lab<\/p>\n<p><strong>Nicole Martinelli<\/strong><\/p>\n<p>Personal Testimony\u2019 &#8211; \u2018Testimonio\u2019 &#8211; \u2018Depoimento\u2019<\/p>\n<p>Personal Testimony Maria dos Anjos Antunes<\/p>\n<p>\u201cGrandpop\u201d: A wonderful ITC experience Annette Childs<\/p>\n<p>&nbsp;<\/p>\n<p>Dep. Legal: VG-435-2003<br \/>\nISSN: 1696-4586 ITC (Vigo)<\/p>\n","protected":false},"excerpt":{"rendered":"<p>Contents Dedication Friedrich J\u00fcrgenson&#8217;s Discovery Una aportaci\u00f3n a la comprensi\u00f3n de los mensajes recibidos de animales a trav\u00e9s de la TCI A contribution to the understanding of ITC communications received from animals Contributo para a compreens\u00e3o das mensagens de TCI recebidas de animais Anabela Cardoso As Vozes Anabela Cardoso A tribute to Renato Orso A&hellip;<\/p>\n","protected":false},"featured_media":6047,"template":"","meta":[],"product_brand":[],"product_cat":[113],"product_tag":[123,122,120,121,119,125,124],"class_list":{"0":"post-4945","1":"product","2":"type-product","3":"status-publish","4":"has-post-thumbnail","6":"product_cat-journal","7":"product_tag-evp","8":"product_tag-hearing-voices","9":"product_tag-instrumental-transcommunication","10":"product_tag-itc","11":"product_tag-itc-jounal","12":"product_tag-physical-phenomena","13":"product_tag-survival","14":"description-off","16":"first","17":"instock","18":"shipping-taxable","19":"purchasable","20":"product-type-variable"},"yoast_head":"<!-- This site is optimized with the Yoast SEO plugin v27.4 - https:\/\/yoast.com\/product\/yoast-seo-wordpress\/ -->\n<title>Journal n\u00ba35 - Aug\/2009 - ItcJournal<\/title>\n<meta name=\"robots\" content=\"index, follow, max-snippet:-1, max-image-preview:large, max-video-preview:-1\" \/>\n<link rel=\"canonical\" href=\"http:\/\/www.itcjournal.org\/?product=journal-no35-aug2009\" \/>\n<meta property=\"og:locale\" content=\"en_GB\" \/>\n<meta property=\"og:type\" content=\"article\" \/>\n<meta property=\"og:title\" content=\"Journal n\u00ba35 - Aug\/2009 - ItcJournal\" \/>\n<meta property=\"og:description\" content=\"Contents Dedication Friedrich J\u00fcrgenson&#8217;s Discovery Una aportaci\u00f3n a la comprensi\u00f3n de los mensajes recibidos de animales a trav\u00e9s de la TCI A contribution to the understanding of ITC communications received from animals Contributo para a compreens\u00e3o das mensagens de TCI recebidas de animais Anabela Cardoso As Vozes Anabela Cardoso A tribute to Renato Orso A&hellip;\" \/>\n<meta property=\"og:url\" content=\"http:\/\/www.itcjournal.org\/?product=journal-no35-aug2009\" \/>\n<meta property=\"og:site_name\" content=\"ItcJournal\" \/>\n<meta property=\"article:publisher\" content=\"https:\/\/www.facebook.com\/anabela.mouratocardoso\" \/>\n<meta property=\"article:modified_time\" content=\"2021-12-28T23:02:43+00:00\" \/>\n<meta property=\"og:image\" content=\"http:\/\/www.itcjournal.org\/wp-content\/uploads\/2016\/11\/35.jpg\" \/>\n\t<meta property=\"og:image:width\" content=\"357\" \/>\n\t<meta property=\"og:image:height\" content=\"500\" \/>\n\t<meta property=\"og:image:type\" content=\"image\/jpeg\" \/>\n<meta name=\"twitter:card\" content=\"summary_large_image\" \/>\n<meta name=\"twitter:site\" content=\"@anabela73767942\" \/>\n<meta name=\"twitter:label1\" content=\"Estimated reading time\" \/>\n\t<meta name=\"twitter:data1\" content=\"1 minute\" \/>\n<script type=\"application\/ld+json\" class=\"yoast-schema-graph\">{\"@context\":\"https:\\\/\\\/schema.org\",\"@graph\":[{\"@type\":\"WebPage\",\"@id\":\"http:\\\/\\\/www.itcjournal.org\\\/?product=journal-no35-aug2009\",\"url\":\"http:\\\/\\\/www.itcjournal.org\\\/?product=journal-no35-aug2009\",\"name\":\"Journal n\u00ba35 - Aug\\\/2009 - ItcJournal\",\"isPartOf\":{\"@id\":\"http:\\\/\\\/www.itcjournal.org\\\/#website\"},\"primaryImageOfPage\":{\"@id\":\"http:\\\/\\\/www.itcjournal.org\\\/?product=journal-no35-aug2009#primaryimage\"},\"image\":{\"@id\":\"http:\\\/\\\/www.itcjournal.org\\\/?product=journal-no35-aug2009#primaryimage\"},\"thumbnailUrl\":\"http:\\\/\\\/www.itcjournal.org\\\/wp-content\\\/uploads\\\/2016\\\/11\\\/35.jpg\",\"datePublished\":\"2016-11-08T10:36:04+00:00\",\"dateModified\":\"2021-12-28T23:02:43+00:00\",\"breadcrumb\":{\"@id\":\"http:\\\/\\\/www.itcjournal.org\\\/?product=journal-no35-aug2009#breadcrumb\"},\"inLanguage\":\"en-GB\",\"potentialAction\":[{\"@type\":\"ReadAction\",\"target\":[\"http:\\\/\\\/www.itcjournal.org\\\/?product=journal-no35-aug2009\"]}]},{\"@type\":\"ImageObject\",\"inLanguage\":\"en-GB\",\"@id\":\"http:\\\/\\\/www.itcjournal.org\\\/?product=journal-no35-aug2009#primaryimage\",\"url\":\"http:\\\/\\\/www.itcjournal.org\\\/wp-content\\\/uploads\\\/2016\\\/11\\\/35.jpg\",\"contentUrl\":\"http:\\\/\\\/www.itcjournal.org\\\/wp-content\\\/uploads\\\/2016\\\/11\\\/35.jpg\",\"width\":357,\"height\":500},{\"@type\":\"BreadcrumbList\",\"@id\":\"http:\\\/\\\/www.itcjournal.org\\\/?product=journal-no35-aug2009#breadcrumb\",\"itemListElement\":[{\"@type\":\"ListItem\",\"position\":1,\"name\":\"Home\",\"item\":\"http:\\\/\\\/www.itcjournal.org\\\/\"},{\"@type\":\"ListItem\",\"position\":2,\"name\":\"Shop\",\"item\":\"http:\\\/\\\/www.itcjournal.org\\\/?page_id=4576\"},{\"@type\":\"ListItem\",\"position\":3,\"name\":\"Journal n\u00ba35 &#8211; Aug\\\/2009\"}]},{\"@type\":\"WebSite\",\"@id\":\"http:\\\/\\\/www.itcjournal.org\\\/#website\",\"url\":\"http:\\\/\\\/www.itcjournal.org\\\/\",\"name\":\"ItcJournal\",\"description\":\"ITC Journal Investigation of Instrumental Transcommunication Phenomena.\",\"publisher\":{\"@id\":\"http:\\\/\\\/www.itcjournal.org\\\/#organization\"},\"alternateName\":\"ITC Journal - Instrumental Transcommunication\",\"potentialAction\":[{\"@type\":\"SearchAction\",\"target\":{\"@type\":\"EntryPoint\",\"urlTemplate\":\"http:\\\/\\\/www.itcjournal.org\\\/?s={search_term_string}\"},\"query-input\":{\"@type\":\"PropertyValueSpecification\",\"valueRequired\":true,\"valueName\":\"search_term_string\"}}],\"inLanguage\":\"en-GB\"},{\"@type\":\"Organization\",\"@id\":\"http:\\\/\\\/www.itcjournal.org\\\/#organization\",\"name\":\"ItcJournal ( Instrumental Transcommunication )\",\"url\":\"http:\\\/\\\/www.itcjournal.org\\\/\",\"logo\":{\"@type\":\"ImageObject\",\"inLanguage\":\"en-GB\",\"@id\":\"http:\\\/\\\/www.itcjournal.org\\\/#\\\/schema\\\/logo\\\/image\\\/\",\"url\":\"http:\\\/\\\/www.itcjournal.org\\\/wp-content\\\/uploads\\\/2013\\\/02\\\/itcjournal.png\",\"contentUrl\":\"http:\\\/\\\/www.itcjournal.org\\\/wp-content\\\/uploads\\\/2013\\\/02\\\/itcjournal.png\",\"width\":300,\"height\":81,\"caption\":\"ItcJournal ( Instrumental Transcommunication )\"},\"image\":{\"@id\":\"http:\\\/\\\/www.itcjournal.org\\\/#\\\/schema\\\/logo\\\/image\\\/\"},\"sameAs\":[\"https:\\\/\\\/www.facebook.com\\\/anabela.mouratocardoso\",\"https:\\\/\\\/x.com\\\/anabela73767942\"]}]}<\/script>\n<!-- \/ Yoast SEO plugin. -->","yoast_head_json":{"title":"Journal n\u00ba35 - Aug\/2009 - ItcJournal","robots":{"index":"index","follow":"follow","max-snippet":"max-snippet:-1","max-image-preview":"max-image-preview:large","max-video-preview":"max-video-preview:-1"},"canonical":"http:\/\/www.itcjournal.org\/?product=journal-no35-aug2009","og_locale":"en_GB","og_type":"article","og_title":"Journal n\u00ba35 - Aug\/2009 - ItcJournal","og_description":"Contents Dedication Friedrich J\u00fcrgenson&#8217;s Discovery Una aportaci\u00f3n a la comprensi\u00f3n de los mensajes recibidos de animales a trav\u00e9s de la TCI A contribution to the understanding of ITC communications received from animals Contributo para a compreens\u00e3o das mensagens de TCI recebidas de animais Anabela Cardoso As Vozes Anabela Cardoso A tribute to Renato Orso A&hellip;","og_url":"http:\/\/www.itcjournal.org\/?product=journal-no35-aug2009","og_site_name":"ItcJournal","article_publisher":"https:\/\/www.facebook.com\/anabela.mouratocardoso","article_modified_time":"2021-12-28T23:02:43+00:00","og_image":[{"width":357,"height":500,"url":"http:\/\/www.itcjournal.org\/wp-content\/uploads\/2016\/11\/35.jpg","type":"image\/jpeg"}],"twitter_card":"summary_large_image","twitter_site":"@anabela73767942","twitter_misc":{"Estimated reading time":"1 minute"},"schema":{"@context":"https:\/\/schema.org","@graph":[{"@type":"WebPage","@id":"http:\/\/www.itcjournal.org\/?product=journal-no35-aug2009","url":"http:\/\/www.itcjournal.org\/?product=journal-no35-aug2009","name":"Journal n\u00ba35 - Aug\/2009 - ItcJournal","isPartOf":{"@id":"http:\/\/www.itcjournal.org\/#website"},"primaryImageOfPage":{"@id":"http:\/\/www.itcjournal.org\/?product=journal-no35-aug2009#primaryimage"},"image":{"@id":"http:\/\/www.itcjournal.org\/?product=journal-no35-aug2009#primaryimage"},"thumbnailUrl":"http:\/\/www.itcjournal.org\/wp-content\/uploads\/2016\/11\/35.jpg","datePublished":"2016-11-08T10:36:04+00:00","dateModified":"2021-12-28T23:02:43+00:00","breadcrumb":{"@id":"http:\/\/www.itcjournal.org\/?product=journal-no35-aug2009#breadcrumb"},"inLanguage":"en-GB","potentialAction":[{"@type":"ReadAction","target":["http:\/\/www.itcjournal.org\/?product=journal-no35-aug2009"]}]},{"@type":"ImageObject","inLanguage":"en-GB","@id":"http:\/\/www.itcjournal.org\/?product=journal-no35-aug2009#primaryimage","url":"http:\/\/www.itcjournal.org\/wp-content\/uploads\/2016\/11\/35.jpg","contentUrl":"http:\/\/www.itcjournal.org\/wp-content\/uploads\/2016\/11\/35.jpg","width":357,"height":500},{"@type":"BreadcrumbList","@id":"http:\/\/www.itcjournal.org\/?product=journal-no35-aug2009#breadcrumb","itemListElement":[{"@type":"ListItem","position":1,"name":"Home","item":"http:\/\/www.itcjournal.org\/"},{"@type":"ListItem","position":2,"name":"Shop","item":"http:\/\/www.itcjournal.org\/?page_id=4576"},{"@type":"ListItem","position":3,"name":"Journal n\u00ba35 &#8211; Aug\/2009"}]},{"@type":"WebSite","@id":"http:\/\/www.itcjournal.org\/#website","url":"http:\/\/www.itcjournal.org\/","name":"ItcJournal","description":"ITC Journal Investigation of Instrumental Transcommunication Phenomena.","publisher":{"@id":"http:\/\/www.itcjournal.org\/#organization"},"alternateName":"ITC Journal - Instrumental Transcommunication","potentialAction":[{"@type":"SearchAction","target":{"@type":"EntryPoint","urlTemplate":"http:\/\/www.itcjournal.org\/?s={search_term_string}"},"query-input":{"@type":"PropertyValueSpecification","valueRequired":true,"valueName":"search_term_string"}}],"inLanguage":"en-GB"},{"@type":"Organization","@id":"http:\/\/www.itcjournal.org\/#organization","name":"ItcJournal ( Instrumental Transcommunication )","url":"http:\/\/www.itcjournal.org\/","logo":{"@type":"ImageObject","inLanguage":"en-GB","@id":"http:\/\/www.itcjournal.org\/#\/schema\/logo\/image\/","url":"http:\/\/www.itcjournal.org\/wp-content\/uploads\/2013\/02\/itcjournal.png","contentUrl":"http:\/\/www.itcjournal.org\/wp-content\/uploads\/2013\/02\/itcjournal.png","width":300,"height":81,"caption":"ItcJournal ( Instrumental Transcommunication )"},"image":{"@id":"http:\/\/www.itcjournal.org\/#\/schema\/logo\/image\/"},"sameAs":["https:\/\/www.facebook.com\/anabela.mouratocardoso","https:\/\/x.com\/anabela73767942"]}]}},"_links":{"self":[{"href":"http:\/\/www.itcjournal.org\/index.php?rest_route=\/wp\/v2\/product\/4945","targetHints":{"allow":["GET"]}}],"collection":[{"href":"http:\/\/www.itcjournal.org\/index.php?rest_route=\/wp\/v2\/product"}],"about":[{"href":"http:\/\/www.itcjournal.org\/index.php?rest_route=\/wp\/v2\/types\/product"}],"wp:featuredmedia":[{"embeddable":true,"href":"http:\/\/www.itcjournal.org\/index.php?rest_route=\/wp\/v2\/media\/6047"}],"wp:attachment":[{"href":"http:\/\/www.itcjournal.org\/index.php?rest_route=%2Fwp%2Fv2%2Fmedia&parent=4945"}],"wp:term":[{"taxonomy":"product_brand","embeddable":true,"href":"http:\/\/www.itcjournal.org\/index.php?rest_route=%2Fwp%2Fv2%2Fproduct_brand&post=4945"},{"taxonomy":"product_cat","embeddable":true,"href":"http:\/\/www.itcjournal.org\/index.php?rest_route=%2Fwp%2Fv2%2Fproduct_cat&post=4945"},{"taxonomy":"product_tag","embeddable":true,"href":"http:\/\/www.itcjournal.org\/index.php?rest_route=%2Fwp%2Fv2%2Fproduct_tag&post=4945"}],"curies":[{"name":"wp","href":"https:\/\/api.w.org\/{rel}","templated":true}]}}