{"id":4943,"date":"2016-11-08T10:33:31","date_gmt":"2016-11-08T10:33:31","guid":{"rendered":"http:\/\/www.guia-verde.es\/itcjournal1\/?post_type=product&#038;p=4943"},"modified":"2021-12-28T23:04:23","modified_gmt":"2021-12-28T23:04:23","slug":"journal-no33-dec2008","status":"publish","type":"product","link":"http:\/\/www.itcjournal.org\/?product=journal-no33-dec2008","title":{"rendered":"Journal n\u00ba33 &#8211; Dec\/2008"},"content":{"rendered":"<h2>Contents<\/h2>\n<p>Errata in ITC Journal No 32<br \/>\nUna palabra de aprecio para los lectores de Cuadernos de TCI<br \/>\nUma Palavra de Apre\u00e7o para os Leitores de Cadernos de TCI<br \/>\nA Word of Appreciation for the Readers of the ITC Journal<br \/>\n<strong>Anabela Cardoso<\/strong><\/p>\n<p>In Memoriam For Oliver Knowles, by <strong>Anabela Cardoso<\/strong><\/p>\n<p>A Tribute to Oliver Knowles, by <strong>David Fontana<\/strong><\/p>\n<p>ITC- Historical Perspective \/ TCI- Perspectiva hist\u00f3rica<\/p>\n<p>Electronic Communication<br \/>\n<strong>Raymond Bayless<\/strong><\/p>\n<p>Modelo do esp\u00edrito de Hernani Guimar\u00e3es Andrade, uma proposta cient\u00edfica<br \/>\npara o estudo de Realidades Paralelas \u00e0 Realidade F\u00edsica.<br \/>\n<strong>Carlos Eduardo Noronha Luz<\/strong><\/p>\n<p>Entering the global mind<br \/>\n<strong>Roger Taylor<\/strong><\/p>\n<p>Incidencia del factor humano en experimentaci\u00f3n TCI<br \/>\n<strong>Jos\u00e9 Ignacio Carmona Sanchez<\/strong><\/p>\n<p>Ni\u00f1os de Luz<br \/>\nPaola Giovetti<\/p>\n<p>Manifesta\u00e7\u00f5es ps\u00edquicas dos animais<br \/>\nLuciana Petruccelli<\/p>\n<p>&#8216;Personal Testimony&#8217; &#8211; &#8216;Testimonio&#8217; &#8211; &#8216;Depoimento&#8217;<br \/>\nSignificant Elements of my ITC Experimentation<br \/>\n<strong>Luisa Alc\u00e2ntara<\/strong><br \/>\nSignificant Sequence<br \/>\n<strong>Lu\u00edsa Alc\u00e2ntara<\/strong><br \/>\nExperimentaci\u00f3n con Psicoim\u00e1genes<br \/>\n<strong>Mari\u00e1n Casademont<\/strong><\/p>\n<p>Terminological Inexactitudes<br \/>\n<strong>Philip Newell<\/strong><\/p>\n<p>ITC News<\/p>\n<p>Asociaci\u00f3n Ib\u00e9rica de Transcomunicai\u00f3n Instrumental<br \/>\nAssocia\u00e7\u00e3o Ib\u00e9rica de Transcomunica\u00e7\u00e3o Instrumental<\/p>\n<p>Research grant awarded to the AA-EVP<br \/>\nITC Journal Research Centre &#8211; Calendar \/ Calend\u00e1rio de Semin\u00e1rios<br \/>\nProgramma deSemin\u00e1rio\/ Programma de Seminario\/ Seminar Details<\/p>\n<p>Reader&#8217;s Letters &#8211; Correo de los Lectores &#8211; Correio dos Leitores Edgar M\u00fcller: JackieJones-Hunt (a request for help)<\/p>\n<p>&nbsp;<\/p>\n<p>Dep. Legal: VG-435-2003<br \/>\nISSN: 1696-4586 ITC (Vigo)<\/p>\n","protected":false},"excerpt":{"rendered":"<p>Contents Errata in ITC Journal No 32 Una palabra de aprecio para los lectores de Cuadernos de TCI Uma Palavra de Apre\u00e7o para os Leitores de Cadernos de TCI A Word of Appreciation for the Readers of the ITC Journal Anabela Cardoso In Memoriam For Oliver Knowles, by Anabela Cardoso A Tribute to Oliver Knowles,&hellip;<\/p>\n","protected":false},"featured_media":6049,"template":"","meta":[],"product_brand":[],"product_cat":[113],"product_tag":[123,122,120,121,119,125,124],"class_list":{"0":"post-4943","1":"product","2":"type-product","3":"status-publish","4":"has-post-thumbnail","6":"product_cat-journal","7":"product_tag-evp","8":"product_tag-hearing-voices","9":"product_tag-instrumental-transcommunication","10":"product_tag-itc","11":"product_tag-itc-jounal","12":"product_tag-physical-phenomena","13":"product_tag-survival","14":"description-off","16":"first","17":"instock","18":"shipping-taxable","19":"purchasable","20":"product-type-variable"},"yoast_head":"<!-- This site is optimized with the Yoast SEO plugin v27.4 - https:\/\/yoast.com\/product\/yoast-seo-wordpress\/ -->\n<title>Journal n\u00ba33 - Dec\/2008 - ItcJournal<\/title>\n<meta name=\"robots\" content=\"index, follow, max-snippet:-1, max-image-preview:large, max-video-preview:-1\" \/>\n<link rel=\"canonical\" href=\"http:\/\/www.itcjournal.org\/?product=journal-no33-dec2008\" \/>\n<meta property=\"og:locale\" content=\"en_GB\" \/>\n<meta property=\"og:type\" content=\"article\" \/>\n<meta property=\"og:title\" content=\"Journal n\u00ba33 - Dec\/2008 - ItcJournal\" \/>\n<meta property=\"og:description\" content=\"Contents Errata in ITC Journal No 32 Una palabra de aprecio para los lectores de Cuadernos de TCI Uma Palavra de Apre\u00e7o para os Leitores de Cadernos de TCI A Word of Appreciation for the Readers of the ITC Journal Anabela Cardoso In Memoriam For Oliver Knowles, by Anabela Cardoso A Tribute to Oliver Knowles,&hellip;\" \/>\n<meta property=\"og:url\" content=\"http:\/\/www.itcjournal.org\/?product=journal-no33-dec2008\" \/>\n<meta property=\"og:site_name\" content=\"ItcJournal\" \/>\n<meta property=\"article:publisher\" content=\"https:\/\/www.facebook.com\/anabela.mouratocardoso\" \/>\n<meta property=\"article:modified_time\" content=\"2021-12-28T23:04:23+00:00\" \/>\n<meta property=\"og:image\" content=\"http:\/\/www.itcjournal.org\/wp-content\/uploads\/2016\/11\/33.jpg\" \/>\n\t<meta property=\"og:image:width\" content=\"357\" \/>\n\t<meta property=\"og:image:height\" content=\"500\" \/>\n\t<meta property=\"og:image:type\" content=\"image\/jpeg\" \/>\n<meta name=\"twitter:card\" content=\"summary_large_image\" \/>\n<meta name=\"twitter:site\" content=\"@anabela73767942\" \/>\n<meta name=\"twitter:label1\" content=\"Estimated reading time\" \/>\n\t<meta name=\"twitter:data1\" content=\"1 minute\" \/>\n<script type=\"application\/ld+json\" class=\"yoast-schema-graph\">{\"@context\":\"https:\\\/\\\/schema.org\",\"@graph\":[{\"@type\":\"WebPage\",\"@id\":\"http:\\\/\\\/www.itcjournal.org\\\/?product=journal-no33-dec2008\",\"url\":\"http:\\\/\\\/www.itcjournal.org\\\/?product=journal-no33-dec2008\",\"name\":\"Journal n\u00ba33 - Dec\\\/2008 - ItcJournal\",\"isPartOf\":{\"@id\":\"http:\\\/\\\/www.itcjournal.org\\\/#website\"},\"primaryImageOfPage\":{\"@id\":\"http:\\\/\\\/www.itcjournal.org\\\/?product=journal-no33-dec2008#primaryimage\"},\"image\":{\"@id\":\"http:\\\/\\\/www.itcjournal.org\\\/?product=journal-no33-dec2008#primaryimage\"},\"thumbnailUrl\":\"http:\\\/\\\/www.itcjournal.org\\\/wp-content\\\/uploads\\\/2016\\\/11\\\/33.jpg\",\"datePublished\":\"2016-11-08T10:33:31+00:00\",\"dateModified\":\"2021-12-28T23:04:23+00:00\",\"breadcrumb\":{\"@id\":\"http:\\\/\\\/www.itcjournal.org\\\/?product=journal-no33-dec2008#breadcrumb\"},\"inLanguage\":\"en-GB\",\"potentialAction\":[{\"@type\":\"ReadAction\",\"target\":[\"http:\\\/\\\/www.itcjournal.org\\\/?product=journal-no33-dec2008\"]}]},{\"@type\":\"ImageObject\",\"inLanguage\":\"en-GB\",\"@id\":\"http:\\\/\\\/www.itcjournal.org\\\/?product=journal-no33-dec2008#primaryimage\",\"url\":\"http:\\\/\\\/www.itcjournal.org\\\/wp-content\\\/uploads\\\/2016\\\/11\\\/33.jpg\",\"contentUrl\":\"http:\\\/\\\/www.itcjournal.org\\\/wp-content\\\/uploads\\\/2016\\\/11\\\/33.jpg\",\"width\":357,\"height\":500},{\"@type\":\"BreadcrumbList\",\"@id\":\"http:\\\/\\\/www.itcjournal.org\\\/?product=journal-no33-dec2008#breadcrumb\",\"itemListElement\":[{\"@type\":\"ListItem\",\"position\":1,\"name\":\"Home\",\"item\":\"http:\\\/\\\/www.itcjournal.org\\\/\"},{\"@type\":\"ListItem\",\"position\":2,\"name\":\"Shop\",\"item\":\"http:\\\/\\\/www.itcjournal.org\\\/?page_id=4576\"},{\"@type\":\"ListItem\",\"position\":3,\"name\":\"Journal n\u00ba33 &#8211; Dec\\\/2008\"}]},{\"@type\":\"WebSite\",\"@id\":\"http:\\\/\\\/www.itcjournal.org\\\/#website\",\"url\":\"http:\\\/\\\/www.itcjournal.org\\\/\",\"name\":\"ItcJournal\",\"description\":\"ITC Journal Investigation of Instrumental Transcommunication Phenomena.\",\"publisher\":{\"@id\":\"http:\\\/\\\/www.itcjournal.org\\\/#organization\"},\"alternateName\":\"ITC Journal - Instrumental Transcommunication\",\"potentialAction\":[{\"@type\":\"SearchAction\",\"target\":{\"@type\":\"EntryPoint\",\"urlTemplate\":\"http:\\\/\\\/www.itcjournal.org\\\/?s={search_term_string}\"},\"query-input\":{\"@type\":\"PropertyValueSpecification\",\"valueRequired\":true,\"valueName\":\"search_term_string\"}}],\"inLanguage\":\"en-GB\"},{\"@type\":\"Organization\",\"@id\":\"http:\\\/\\\/www.itcjournal.org\\\/#organization\",\"name\":\"ItcJournal ( Instrumental Transcommunication )\",\"url\":\"http:\\\/\\\/www.itcjournal.org\\\/\",\"logo\":{\"@type\":\"ImageObject\",\"inLanguage\":\"en-GB\",\"@id\":\"http:\\\/\\\/www.itcjournal.org\\\/#\\\/schema\\\/logo\\\/image\\\/\",\"url\":\"http:\\\/\\\/www.itcjournal.org\\\/wp-content\\\/uploads\\\/2013\\\/02\\\/itcjournal.png\",\"contentUrl\":\"http:\\\/\\\/www.itcjournal.org\\\/wp-content\\\/uploads\\\/2013\\\/02\\\/itcjournal.png\",\"width\":300,\"height\":81,\"caption\":\"ItcJournal ( Instrumental Transcommunication )\"},\"image\":{\"@id\":\"http:\\\/\\\/www.itcjournal.org\\\/#\\\/schema\\\/logo\\\/image\\\/\"},\"sameAs\":[\"https:\\\/\\\/www.facebook.com\\\/anabela.mouratocardoso\",\"https:\\\/\\\/x.com\\\/anabela73767942\"]}]}<\/script>\n<!-- \/ Yoast SEO plugin. -->","yoast_head_json":{"title":"Journal n\u00ba33 - Dec\/2008 - ItcJournal","robots":{"index":"index","follow":"follow","max-snippet":"max-snippet:-1","max-image-preview":"max-image-preview:large","max-video-preview":"max-video-preview:-1"},"canonical":"http:\/\/www.itcjournal.org\/?product=journal-no33-dec2008","og_locale":"en_GB","og_type":"article","og_title":"Journal n\u00ba33 - Dec\/2008 - ItcJournal","og_description":"Contents Errata in ITC Journal No 32 Una palabra de aprecio para los lectores de Cuadernos de TCI Uma Palavra de Apre\u00e7o para os Leitores de Cadernos de TCI A Word of Appreciation for the Readers of the ITC Journal Anabela Cardoso In Memoriam For Oliver Knowles, by Anabela Cardoso A Tribute to Oliver Knowles,&hellip;","og_url":"http:\/\/www.itcjournal.org\/?product=journal-no33-dec2008","og_site_name":"ItcJournal","article_publisher":"https:\/\/www.facebook.com\/anabela.mouratocardoso","article_modified_time":"2021-12-28T23:04:23+00:00","og_image":[{"width":357,"height":500,"url":"http:\/\/www.itcjournal.org\/wp-content\/uploads\/2016\/11\/33.jpg","type":"image\/jpeg"}],"twitter_card":"summary_large_image","twitter_site":"@anabela73767942","twitter_misc":{"Estimated reading time":"1 minute"},"schema":{"@context":"https:\/\/schema.org","@graph":[{"@type":"WebPage","@id":"http:\/\/www.itcjournal.org\/?product=journal-no33-dec2008","url":"http:\/\/www.itcjournal.org\/?product=journal-no33-dec2008","name":"Journal n\u00ba33 - Dec\/2008 - ItcJournal","isPartOf":{"@id":"http:\/\/www.itcjournal.org\/#website"},"primaryImageOfPage":{"@id":"http:\/\/www.itcjournal.org\/?product=journal-no33-dec2008#primaryimage"},"image":{"@id":"http:\/\/www.itcjournal.org\/?product=journal-no33-dec2008#primaryimage"},"thumbnailUrl":"http:\/\/www.itcjournal.org\/wp-content\/uploads\/2016\/11\/33.jpg","datePublished":"2016-11-08T10:33:31+00:00","dateModified":"2021-12-28T23:04:23+00:00","breadcrumb":{"@id":"http:\/\/www.itcjournal.org\/?product=journal-no33-dec2008#breadcrumb"},"inLanguage":"en-GB","potentialAction":[{"@type":"ReadAction","target":["http:\/\/www.itcjournal.org\/?product=journal-no33-dec2008"]}]},{"@type":"ImageObject","inLanguage":"en-GB","@id":"http:\/\/www.itcjournal.org\/?product=journal-no33-dec2008#primaryimage","url":"http:\/\/www.itcjournal.org\/wp-content\/uploads\/2016\/11\/33.jpg","contentUrl":"http:\/\/www.itcjournal.org\/wp-content\/uploads\/2016\/11\/33.jpg","width":357,"height":500},{"@type":"BreadcrumbList","@id":"http:\/\/www.itcjournal.org\/?product=journal-no33-dec2008#breadcrumb","itemListElement":[{"@type":"ListItem","position":1,"name":"Home","item":"http:\/\/www.itcjournal.org\/"},{"@type":"ListItem","position":2,"name":"Shop","item":"http:\/\/www.itcjournal.org\/?page_id=4576"},{"@type":"ListItem","position":3,"name":"Journal n\u00ba33 &#8211; Dec\/2008"}]},{"@type":"WebSite","@id":"http:\/\/www.itcjournal.org\/#website","url":"http:\/\/www.itcjournal.org\/","name":"ItcJournal","description":"ITC Journal Investigation of Instrumental Transcommunication Phenomena.","publisher":{"@id":"http:\/\/www.itcjournal.org\/#organization"},"alternateName":"ITC Journal - Instrumental Transcommunication","potentialAction":[{"@type":"SearchAction","target":{"@type":"EntryPoint","urlTemplate":"http:\/\/www.itcjournal.org\/?s={search_term_string}"},"query-input":{"@type":"PropertyValueSpecification","valueRequired":true,"valueName":"search_term_string"}}],"inLanguage":"en-GB"},{"@type":"Organization","@id":"http:\/\/www.itcjournal.org\/#organization","name":"ItcJournal ( Instrumental Transcommunication )","url":"http:\/\/www.itcjournal.org\/","logo":{"@type":"ImageObject","inLanguage":"en-GB","@id":"http:\/\/www.itcjournal.org\/#\/schema\/logo\/image\/","url":"http:\/\/www.itcjournal.org\/wp-content\/uploads\/2013\/02\/itcjournal.png","contentUrl":"http:\/\/www.itcjournal.org\/wp-content\/uploads\/2013\/02\/itcjournal.png","width":300,"height":81,"caption":"ItcJournal ( Instrumental Transcommunication )"},"image":{"@id":"http:\/\/www.itcjournal.org\/#\/schema\/logo\/image\/"},"sameAs":["https:\/\/www.facebook.com\/anabela.mouratocardoso","https:\/\/x.com\/anabela73767942"]}]}},"_links":{"self":[{"href":"http:\/\/www.itcjournal.org\/index.php?rest_route=\/wp\/v2\/product\/4943","targetHints":{"allow":["GET"]}}],"collection":[{"href":"http:\/\/www.itcjournal.org\/index.php?rest_route=\/wp\/v2\/product"}],"about":[{"href":"http:\/\/www.itcjournal.org\/index.php?rest_route=\/wp\/v2\/types\/product"}],"wp:featuredmedia":[{"embeddable":true,"href":"http:\/\/www.itcjournal.org\/index.php?rest_route=\/wp\/v2\/media\/6049"}],"wp:attachment":[{"href":"http:\/\/www.itcjournal.org\/index.php?rest_route=%2Fwp%2Fv2%2Fmedia&parent=4943"}],"wp:term":[{"taxonomy":"product_brand","embeddable":true,"href":"http:\/\/www.itcjournal.org\/index.php?rest_route=%2Fwp%2Fv2%2Fproduct_brand&post=4943"},{"taxonomy":"product_cat","embeddable":true,"href":"http:\/\/www.itcjournal.org\/index.php?rest_route=%2Fwp%2Fv2%2Fproduct_cat&post=4943"},{"taxonomy":"product_tag","embeddable":true,"href":"http:\/\/www.itcjournal.org\/index.php?rest_route=%2Fwp%2Fv2%2Fproduct_tag&post=4943"}],"curies":[{"name":"wp","href":"https:\/\/api.w.org\/{rel}","templated":true}]}}