{"id":4942,"date":"2016-11-08T10:32:24","date_gmt":"2016-11-08T10:32:24","guid":{"rendered":"http:\/\/www.guia-verde.es\/itcjournal1\/?post_type=product&#038;p=4942"},"modified":"2021-12-28T23:04:54","modified_gmt":"2021-12-28T23:04:54","slug":"journal-no32-aug2008","status":"publish","type":"product","link":"http:\/\/www.itcjournal.org\/?product=journal-no32-aug2008","title":{"rendered":"Journal n\u00ba32 &#8211; Aug\/2008"},"content":{"rendered":"<h2>Contents<\/h2>\n<p class=\"estilo1\">Editorial<br \/>\nITC Contacts with Animals?<br \/>\n\u00bfContactos de TCI con animales?<br \/>\nContactos de TCI com animais?<br \/>\n<strong>Dr Anabela Cardoso<\/strong><\/p>\n<p class=\"estilo4\">Contacts with Animals &#8211; Is it unrealistic or a possibility?<br \/>\n<strong>Sonia Rinaldi<\/strong><\/p>\n<p class=\"estilo4\">Report of Analysis of a Paranormal Audio- PS 009\/2007<br \/>\n<strong>Claudio Brasil L. Junior<\/strong><\/p>\n<p class=\"estilo4\">Testimonio &#8211; Depoimento &#8211; Personal Testimony<br \/>\nUna experiencia de &#8220;El vuelo de la mariposa&#8221;<br \/>\n<strong>Jos\u00e9 Luis de la Rica<\/strong><\/p>\n<p class=\"estilo4\">Mis Amigos del Otro Lado<br \/>\n<strong>Jos\u00e9 Ignacio Carmona Sanchez<\/strong><\/p>\n<p class=\"estilo4\">Primeiros Passos em TCI<br \/>\n<strong>Maria dos Anjos Antunes<\/strong><\/p>\n<p>The Helene Reeder Memorial Fund for Research into Life after Death, HRF.<\/p>\n<p class=\"estilo4\">Announcement for grant 2008<\/p>\n<p class=\"estilo4\">Alpha to Omega &#8211; The Science of the Soul<br \/>\n<strong>Darren Willi<\/strong>ams<\/p>\n<p class=\"estilo4\">ITC News News of Broadcasts and Research. The Norwegian Parapsychological Society Conference in Oslo<\/p>\n<p>Semin\u00e1rios \/ Seminarios \/ Seminars<br \/>\nSemin\u00e1rio sobre T\u00e9cnicas de TCI Abril 2008 &#8211; coment\u00e1rios<\/p>\n<p>Reader&#8217;s Letters &#8211; Correo de los Lectores &#8211; Correio dos Leitores<\/p>\n<p>Proceedings of the Second International Conference:- application for copies<\/p>\n<p>&nbsp;<\/p>\n<p>Dep. Legal: VG-435-2003<br \/>\nISSN: 1696-4586 ITC (Vigo)<\/p>\n","protected":false},"excerpt":{"rendered":"<p>Contents Editorial ITC Contacts with Animals? \u00bfContactos de TCI con animales? Contactos de TCI com animais? Dr Anabela Cardoso Contacts with Animals &#8211; Is it unrealistic or a possibility? Sonia Rinaldi Report of Analysis of a Paranormal Audio- PS 009\/2007 Claudio Brasil L. Junior Testimonio &#8211; Depoimento &#8211; Personal Testimony Una experiencia de &#8220;El vuelo&hellip;<\/p>\n","protected":false},"featured_media":6050,"template":"","meta":[],"product_brand":[],"product_cat":[113],"product_tag":[123,122,120,121,119,125,124],"class_list":{"0":"post-4942","1":"product","2":"type-product","3":"status-publish","4":"has-post-thumbnail","6":"product_cat-journal","7":"product_tag-evp","8":"product_tag-hearing-voices","9":"product_tag-instrumental-transcommunication","10":"product_tag-itc","11":"product_tag-itc-jounal","12":"product_tag-physical-phenomena","13":"product_tag-survival","14":"description-off","16":"first","17":"instock","18":"shipping-taxable","19":"purchasable","20":"product-type-variable"},"yoast_head":"<!-- This site is optimized with the Yoast SEO plugin v27.4 - https:\/\/yoast.com\/product\/yoast-seo-wordpress\/ -->\n<title>Journal n\u00ba32 - Aug\/2008 - ItcJournal<\/title>\n<meta name=\"robots\" content=\"index, follow, max-snippet:-1, max-image-preview:large, max-video-preview:-1\" \/>\n<link rel=\"canonical\" href=\"http:\/\/www.itcjournal.org\/?product=journal-no32-aug2008\" \/>\n<meta property=\"og:locale\" content=\"en_GB\" \/>\n<meta property=\"og:type\" content=\"article\" \/>\n<meta property=\"og:title\" content=\"Journal n\u00ba32 - Aug\/2008 - ItcJournal\" \/>\n<meta property=\"og:description\" content=\"Contents Editorial ITC Contacts with Animals? \u00bfContactos de TCI con animales? Contactos de TCI com animais? Dr Anabela Cardoso Contacts with Animals &#8211; Is it unrealistic or a possibility? Sonia Rinaldi Report of Analysis of a Paranormal Audio- PS 009\/2007 Claudio Brasil L. Junior Testimonio &#8211; Depoimento &#8211; Personal Testimony Una experiencia de &#8220;El vuelo&hellip;\" \/>\n<meta property=\"og:url\" content=\"http:\/\/www.itcjournal.org\/?product=journal-no32-aug2008\" \/>\n<meta property=\"og:site_name\" content=\"ItcJournal\" \/>\n<meta property=\"article:publisher\" content=\"https:\/\/www.facebook.com\/anabela.mouratocardoso\" \/>\n<meta property=\"article:modified_time\" content=\"2021-12-28T23:04:54+00:00\" \/>\n<meta property=\"og:image\" content=\"http:\/\/www.itcjournal.org\/wp-content\/uploads\/2016\/11\/32.jpg\" \/>\n\t<meta property=\"og:image:width\" content=\"357\" \/>\n\t<meta property=\"og:image:height\" content=\"500\" \/>\n\t<meta property=\"og:image:type\" content=\"image\/jpeg\" \/>\n<meta name=\"twitter:card\" content=\"summary_large_image\" \/>\n<meta name=\"twitter:site\" content=\"@anabela73767942\" \/>\n<meta name=\"twitter:label1\" content=\"Estimated reading time\" \/>\n\t<meta name=\"twitter:data1\" content=\"1 minute\" \/>\n<script type=\"application\/ld+json\" class=\"yoast-schema-graph\">{\"@context\":\"https:\\\/\\\/schema.org\",\"@graph\":[{\"@type\":\"WebPage\",\"@id\":\"http:\\\/\\\/www.itcjournal.org\\\/?product=journal-no32-aug2008\",\"url\":\"http:\\\/\\\/www.itcjournal.org\\\/?product=journal-no32-aug2008\",\"name\":\"Journal n\u00ba32 - Aug\\\/2008 - ItcJournal\",\"isPartOf\":{\"@id\":\"http:\\\/\\\/www.itcjournal.org\\\/#website\"},\"primaryImageOfPage\":{\"@id\":\"http:\\\/\\\/www.itcjournal.org\\\/?product=journal-no32-aug2008#primaryimage\"},\"image\":{\"@id\":\"http:\\\/\\\/www.itcjournal.org\\\/?product=journal-no32-aug2008#primaryimage\"},\"thumbnailUrl\":\"http:\\\/\\\/www.itcjournal.org\\\/wp-content\\\/uploads\\\/2016\\\/11\\\/32.jpg\",\"datePublished\":\"2016-11-08T10:32:24+00:00\",\"dateModified\":\"2021-12-28T23:04:54+00:00\",\"breadcrumb\":{\"@id\":\"http:\\\/\\\/www.itcjournal.org\\\/?product=journal-no32-aug2008#breadcrumb\"},\"inLanguage\":\"en-GB\",\"potentialAction\":[{\"@type\":\"ReadAction\",\"target\":[\"http:\\\/\\\/www.itcjournal.org\\\/?product=journal-no32-aug2008\"]}]},{\"@type\":\"ImageObject\",\"inLanguage\":\"en-GB\",\"@id\":\"http:\\\/\\\/www.itcjournal.org\\\/?product=journal-no32-aug2008#primaryimage\",\"url\":\"http:\\\/\\\/www.itcjournal.org\\\/wp-content\\\/uploads\\\/2016\\\/11\\\/32.jpg\",\"contentUrl\":\"http:\\\/\\\/www.itcjournal.org\\\/wp-content\\\/uploads\\\/2016\\\/11\\\/32.jpg\",\"width\":357,\"height\":500},{\"@type\":\"BreadcrumbList\",\"@id\":\"http:\\\/\\\/www.itcjournal.org\\\/?product=journal-no32-aug2008#breadcrumb\",\"itemListElement\":[{\"@type\":\"ListItem\",\"position\":1,\"name\":\"Home\",\"item\":\"http:\\\/\\\/www.itcjournal.org\\\/\"},{\"@type\":\"ListItem\",\"position\":2,\"name\":\"Shop\",\"item\":\"http:\\\/\\\/www.itcjournal.org\\\/?page_id=4576\"},{\"@type\":\"ListItem\",\"position\":3,\"name\":\"Journal n\u00ba32 &#8211; Aug\\\/2008\"}]},{\"@type\":\"WebSite\",\"@id\":\"http:\\\/\\\/www.itcjournal.org\\\/#website\",\"url\":\"http:\\\/\\\/www.itcjournal.org\\\/\",\"name\":\"ItcJournal\",\"description\":\"ITC Journal Investigation of Instrumental Transcommunication Phenomena.\",\"publisher\":{\"@id\":\"http:\\\/\\\/www.itcjournal.org\\\/#organization\"},\"alternateName\":\"ITC Journal - Instrumental Transcommunication\",\"potentialAction\":[{\"@type\":\"SearchAction\",\"target\":{\"@type\":\"EntryPoint\",\"urlTemplate\":\"http:\\\/\\\/www.itcjournal.org\\\/?s={search_term_string}\"},\"query-input\":{\"@type\":\"PropertyValueSpecification\",\"valueRequired\":true,\"valueName\":\"search_term_string\"}}],\"inLanguage\":\"en-GB\"},{\"@type\":\"Organization\",\"@id\":\"http:\\\/\\\/www.itcjournal.org\\\/#organization\",\"name\":\"ItcJournal ( Instrumental Transcommunication )\",\"url\":\"http:\\\/\\\/www.itcjournal.org\\\/\",\"logo\":{\"@type\":\"ImageObject\",\"inLanguage\":\"en-GB\",\"@id\":\"http:\\\/\\\/www.itcjournal.org\\\/#\\\/schema\\\/logo\\\/image\\\/\",\"url\":\"http:\\\/\\\/www.itcjournal.org\\\/wp-content\\\/uploads\\\/2013\\\/02\\\/itcjournal.png\",\"contentUrl\":\"http:\\\/\\\/www.itcjournal.org\\\/wp-content\\\/uploads\\\/2013\\\/02\\\/itcjournal.png\",\"width\":300,\"height\":81,\"caption\":\"ItcJournal ( Instrumental Transcommunication )\"},\"image\":{\"@id\":\"http:\\\/\\\/www.itcjournal.org\\\/#\\\/schema\\\/logo\\\/image\\\/\"},\"sameAs\":[\"https:\\\/\\\/www.facebook.com\\\/anabela.mouratocardoso\",\"https:\\\/\\\/x.com\\\/anabela73767942\"]}]}<\/script>\n<!-- \/ Yoast SEO plugin. -->","yoast_head_json":{"title":"Journal n\u00ba32 - Aug\/2008 - ItcJournal","robots":{"index":"index","follow":"follow","max-snippet":"max-snippet:-1","max-image-preview":"max-image-preview:large","max-video-preview":"max-video-preview:-1"},"canonical":"http:\/\/www.itcjournal.org\/?product=journal-no32-aug2008","og_locale":"en_GB","og_type":"article","og_title":"Journal n\u00ba32 - Aug\/2008 - ItcJournal","og_description":"Contents Editorial ITC Contacts with Animals? \u00bfContactos de TCI con animales? Contactos de TCI com animais? Dr Anabela Cardoso Contacts with Animals &#8211; Is it unrealistic or a possibility? Sonia Rinaldi Report of Analysis of a Paranormal Audio- PS 009\/2007 Claudio Brasil L. Junior Testimonio &#8211; Depoimento &#8211; Personal Testimony Una experiencia de &#8220;El vuelo&hellip;","og_url":"http:\/\/www.itcjournal.org\/?product=journal-no32-aug2008","og_site_name":"ItcJournal","article_publisher":"https:\/\/www.facebook.com\/anabela.mouratocardoso","article_modified_time":"2021-12-28T23:04:54+00:00","og_image":[{"width":357,"height":500,"url":"http:\/\/www.itcjournal.org\/wp-content\/uploads\/2016\/11\/32.jpg","type":"image\/jpeg"}],"twitter_card":"summary_large_image","twitter_site":"@anabela73767942","twitter_misc":{"Estimated reading time":"1 minute"},"schema":{"@context":"https:\/\/schema.org","@graph":[{"@type":"WebPage","@id":"http:\/\/www.itcjournal.org\/?product=journal-no32-aug2008","url":"http:\/\/www.itcjournal.org\/?product=journal-no32-aug2008","name":"Journal n\u00ba32 - Aug\/2008 - ItcJournal","isPartOf":{"@id":"http:\/\/www.itcjournal.org\/#website"},"primaryImageOfPage":{"@id":"http:\/\/www.itcjournal.org\/?product=journal-no32-aug2008#primaryimage"},"image":{"@id":"http:\/\/www.itcjournal.org\/?product=journal-no32-aug2008#primaryimage"},"thumbnailUrl":"http:\/\/www.itcjournal.org\/wp-content\/uploads\/2016\/11\/32.jpg","datePublished":"2016-11-08T10:32:24+00:00","dateModified":"2021-12-28T23:04:54+00:00","breadcrumb":{"@id":"http:\/\/www.itcjournal.org\/?product=journal-no32-aug2008#breadcrumb"},"inLanguage":"en-GB","potentialAction":[{"@type":"ReadAction","target":["http:\/\/www.itcjournal.org\/?product=journal-no32-aug2008"]}]},{"@type":"ImageObject","inLanguage":"en-GB","@id":"http:\/\/www.itcjournal.org\/?product=journal-no32-aug2008#primaryimage","url":"http:\/\/www.itcjournal.org\/wp-content\/uploads\/2016\/11\/32.jpg","contentUrl":"http:\/\/www.itcjournal.org\/wp-content\/uploads\/2016\/11\/32.jpg","width":357,"height":500},{"@type":"BreadcrumbList","@id":"http:\/\/www.itcjournal.org\/?product=journal-no32-aug2008#breadcrumb","itemListElement":[{"@type":"ListItem","position":1,"name":"Home","item":"http:\/\/www.itcjournal.org\/"},{"@type":"ListItem","position":2,"name":"Shop","item":"http:\/\/www.itcjournal.org\/?page_id=4576"},{"@type":"ListItem","position":3,"name":"Journal n\u00ba32 &#8211; Aug\/2008"}]},{"@type":"WebSite","@id":"http:\/\/www.itcjournal.org\/#website","url":"http:\/\/www.itcjournal.org\/","name":"ItcJournal","description":"ITC Journal Investigation of Instrumental Transcommunication Phenomena.","publisher":{"@id":"http:\/\/www.itcjournal.org\/#organization"},"alternateName":"ITC Journal - Instrumental Transcommunication","potentialAction":[{"@type":"SearchAction","target":{"@type":"EntryPoint","urlTemplate":"http:\/\/www.itcjournal.org\/?s={search_term_string}"},"query-input":{"@type":"PropertyValueSpecification","valueRequired":true,"valueName":"search_term_string"}}],"inLanguage":"en-GB"},{"@type":"Organization","@id":"http:\/\/www.itcjournal.org\/#organization","name":"ItcJournal ( Instrumental Transcommunication )","url":"http:\/\/www.itcjournal.org\/","logo":{"@type":"ImageObject","inLanguage":"en-GB","@id":"http:\/\/www.itcjournal.org\/#\/schema\/logo\/image\/","url":"http:\/\/www.itcjournal.org\/wp-content\/uploads\/2013\/02\/itcjournal.png","contentUrl":"http:\/\/www.itcjournal.org\/wp-content\/uploads\/2013\/02\/itcjournal.png","width":300,"height":81,"caption":"ItcJournal ( Instrumental Transcommunication )"},"image":{"@id":"http:\/\/www.itcjournal.org\/#\/schema\/logo\/image\/"},"sameAs":["https:\/\/www.facebook.com\/anabela.mouratocardoso","https:\/\/x.com\/anabela73767942"]}]}},"_links":{"self":[{"href":"http:\/\/www.itcjournal.org\/index.php?rest_route=\/wp\/v2\/product\/4942","targetHints":{"allow":["GET"]}}],"collection":[{"href":"http:\/\/www.itcjournal.org\/index.php?rest_route=\/wp\/v2\/product"}],"about":[{"href":"http:\/\/www.itcjournal.org\/index.php?rest_route=\/wp\/v2\/types\/product"}],"wp:featuredmedia":[{"embeddable":true,"href":"http:\/\/www.itcjournal.org\/index.php?rest_route=\/wp\/v2\/media\/6050"}],"wp:attachment":[{"href":"http:\/\/www.itcjournal.org\/index.php?rest_route=%2Fwp%2Fv2%2Fmedia&parent=4942"}],"wp:term":[{"taxonomy":"product_brand","embeddable":true,"href":"http:\/\/www.itcjournal.org\/index.php?rest_route=%2Fwp%2Fv2%2Fproduct_brand&post=4942"},{"taxonomy":"product_cat","embeddable":true,"href":"http:\/\/www.itcjournal.org\/index.php?rest_route=%2Fwp%2Fv2%2Fproduct_cat&post=4942"},{"taxonomy":"product_tag","embeddable":true,"href":"http:\/\/www.itcjournal.org\/index.php?rest_route=%2Fwp%2Fv2%2Fproduct_tag&post=4942"}],"curies":[{"name":"wp","href":"https:\/\/api.w.org\/{rel}","templated":true}]}}