{"id":4941,"date":"2016-11-08T10:29:23","date_gmt":"2016-11-08T10:29:23","guid":{"rendered":"http:\/\/www.guia-verde.es\/itcjournal1\/?post_type=product&#038;p=4941"},"modified":"2021-12-28T23:05:20","modified_gmt":"2021-12-28T23:05:20","slug":"journal-no31-mar2008","status":"publish","type":"product","link":"http:\/\/www.itcjournal.org\/?product=journal-no31-mar2008","title":{"rendered":"Journal n\u00ba31 &#8211; Mar\/2008"},"content":{"rendered":"<h2>Contents<\/h2>\n<p>Cadernos de TCI no ano 2008<\/p>\n<p>The ITC Journal in the Year<\/p>\n<p>Cuadernos de TCI en el a\u00f1o 2008<\/p>\n<p><strong><em>Dr Anabela Cardoso<\/em><\/strong><\/p>\n<p>Noise as Limit Phenomenon<\/p>\n<p><strong><em>Dr. Ingrid Hartmann<\/em><\/strong><\/p>\n<p>Contatos de Animais: Irrealidade ou uma possibilidade?<\/p>\n<p><strong><em>Sonia Rinaldi<\/em><\/strong><\/p>\n<p>Relat\u00f3rio de An\u00e1lise &#8211; PS 009\/2007 An\u00e1lise de Audios Paranormais<\/p>\n<p><strong><em>Claudio Brasil L. Junior<\/em><\/strong><\/p>\n<p><strong>ITC New<\/strong>s<\/p>\n<p>In Memoriam &#8211; Sarah Wilson Estep<\/p>\n<p><strong><em>Tom and Lisa Butler<\/em><\/strong><\/p>\n<p>For Sarah<\/p>\n<p><strong><em>Anabela Cardoso<\/em><\/strong><\/p>\n<p>Sobre la Asociaci\u00f3n Iberica de TCI (Espa\u00f1a y Portugal)<\/p>\n<p><strong><em>Jose Ignacio Carmona Sanchez<\/em><\/strong><\/p>\n<p>Seminarios TCI Calendario 2008 \/ Semin\u00e1rios TCI &#8211; Calend\u00e1rio 2008<\/p>\n<p>Calendar ITC Seminars 2008<\/p>\n<p><strong>&#8216;Personal Testimony&#8217; &#8211; &#8216;Testimonio&#8217; &#8211; &#8216;Depoimento&#8217;<\/strong><\/p>\n<p>Rare Television ITC Experience <strong><em>Vicki Talbott<\/em><\/strong><\/p>\n<p>Editorial Note and Analysis results<\/p>\n<p>The testimony of Marie-H\u00e9l\u00e8ne, B\u00e9n\u00e9dicte&#8217;s mother.<\/p>\n<p><strong><em>Marie-H\u00e9l\u00e8ne Bienaim\u00e9<\/em><\/strong><\/p>\n<p>Physiognomic Analysis of an Image obtained through I.P.V.S.*<\/p>\n<p><strong><em>Daniele Gull\u00e0<\/em><\/strong><\/p>\n<p>Mejora de la se\u00f1al voc\u00e1lica, tratamientos, an\u00e1lisis, comparaciones*<\/p>\n<p><strong><em>Daniele Gull\u00e0<\/em><\/strong><\/p>\n<p>C\u00fapon de Actas del 2O Congreso 2006 \/ Coupon for Proceedings of 2006 Conference 91<\/p>\n<p>&nbsp;<\/p>\n<p>Dep. Legal: VG-435-2003<br \/>\nISSN: 1696-4586 ITC (Vigo)<\/p>\n","protected":false},"excerpt":{"rendered":"<p>Contents Cadernos de TCI no ano 2008 The ITC Journal in the Year Cuadernos de TCI en el a\u00f1o 2008 Dr Anabela Cardoso Noise as Limit Phenomenon Dr. Ingrid Hartmann Contatos de Animais: Irrealidade ou uma possibilidade? Sonia Rinaldi Relat\u00f3rio de An\u00e1lise &#8211; PS 009\/2007 An\u00e1lise de Audios Paranormais Claudio Brasil L. Junior ITC News&hellip;<\/p>\n","protected":false},"featured_media":6051,"template":"","meta":[],"product_brand":[],"product_cat":[113],"product_tag":[123,122,120,121,119,125,124],"class_list":{"0":"post-4941","1":"product","2":"type-product","3":"status-publish","4":"has-post-thumbnail","6":"product_cat-journal","7":"product_tag-evp","8":"product_tag-hearing-voices","9":"product_tag-instrumental-transcommunication","10":"product_tag-itc","11":"product_tag-itc-jounal","12":"product_tag-physical-phenomena","13":"product_tag-survival","14":"description-off","16":"first","17":"instock","18":"shipping-taxable","19":"purchasable","20":"product-type-variable"},"yoast_head":"<!-- This site is optimized with the Yoast SEO plugin v27.4 - https:\/\/yoast.com\/product\/yoast-seo-wordpress\/ -->\n<title>Journal n\u00ba31 - Mar\/2008 - ItcJournal<\/title>\n<meta name=\"robots\" content=\"index, follow, max-snippet:-1, max-image-preview:large, max-video-preview:-1\" \/>\n<link rel=\"canonical\" href=\"http:\/\/www.itcjournal.org\/?product=journal-no31-mar2008\" \/>\n<meta property=\"og:locale\" content=\"en_GB\" \/>\n<meta property=\"og:type\" content=\"article\" \/>\n<meta property=\"og:title\" content=\"Journal n\u00ba31 - Mar\/2008 - ItcJournal\" \/>\n<meta property=\"og:description\" content=\"Contents Cadernos de TCI no ano 2008 The ITC Journal in the Year Cuadernos de TCI en el a\u00f1o 2008 Dr Anabela Cardoso Noise as Limit Phenomenon Dr. Ingrid Hartmann Contatos de Animais: Irrealidade ou uma possibilidade? Sonia Rinaldi Relat\u00f3rio de An\u00e1lise &#8211; PS 009\/2007 An\u00e1lise de Audios Paranormais Claudio Brasil L. Junior ITC News&hellip;\" \/>\n<meta property=\"og:url\" content=\"http:\/\/www.itcjournal.org\/?product=journal-no31-mar2008\" \/>\n<meta property=\"og:site_name\" content=\"ItcJournal\" \/>\n<meta property=\"article:publisher\" content=\"https:\/\/www.facebook.com\/anabela.mouratocardoso\" \/>\n<meta property=\"article:modified_time\" content=\"2021-12-28T23:05:20+00:00\" \/>\n<meta property=\"og:image\" content=\"http:\/\/www.itcjournal.org\/wp-content\/uploads\/2016\/11\/31.jpg\" \/>\n\t<meta property=\"og:image:width\" content=\"357\" \/>\n\t<meta property=\"og:image:height\" content=\"500\" \/>\n\t<meta property=\"og:image:type\" content=\"image\/jpeg\" \/>\n<meta name=\"twitter:card\" content=\"summary_large_image\" \/>\n<meta name=\"twitter:site\" content=\"@anabela73767942\" \/>\n<meta name=\"twitter:label1\" content=\"Estimated reading time\" \/>\n\t<meta name=\"twitter:data1\" content=\"1 minute\" \/>\n<script type=\"application\/ld+json\" class=\"yoast-schema-graph\">{\"@context\":\"https:\\\/\\\/schema.org\",\"@graph\":[{\"@type\":\"WebPage\",\"@id\":\"http:\\\/\\\/www.itcjournal.org\\\/?product=journal-no31-mar2008\",\"url\":\"http:\\\/\\\/www.itcjournal.org\\\/?product=journal-no31-mar2008\",\"name\":\"Journal n\u00ba31 - Mar\\\/2008 - ItcJournal\",\"isPartOf\":{\"@id\":\"http:\\\/\\\/www.itcjournal.org\\\/#website\"},\"primaryImageOfPage\":{\"@id\":\"http:\\\/\\\/www.itcjournal.org\\\/?product=journal-no31-mar2008#primaryimage\"},\"image\":{\"@id\":\"http:\\\/\\\/www.itcjournal.org\\\/?product=journal-no31-mar2008#primaryimage\"},\"thumbnailUrl\":\"http:\\\/\\\/www.itcjournal.org\\\/wp-content\\\/uploads\\\/2016\\\/11\\\/31.jpg\",\"datePublished\":\"2016-11-08T10:29:23+00:00\",\"dateModified\":\"2021-12-28T23:05:20+00:00\",\"breadcrumb\":{\"@id\":\"http:\\\/\\\/www.itcjournal.org\\\/?product=journal-no31-mar2008#breadcrumb\"},\"inLanguage\":\"en-GB\",\"potentialAction\":[{\"@type\":\"ReadAction\",\"target\":[\"http:\\\/\\\/www.itcjournal.org\\\/?product=journal-no31-mar2008\"]}]},{\"@type\":\"ImageObject\",\"inLanguage\":\"en-GB\",\"@id\":\"http:\\\/\\\/www.itcjournal.org\\\/?product=journal-no31-mar2008#primaryimage\",\"url\":\"http:\\\/\\\/www.itcjournal.org\\\/wp-content\\\/uploads\\\/2016\\\/11\\\/31.jpg\",\"contentUrl\":\"http:\\\/\\\/www.itcjournal.org\\\/wp-content\\\/uploads\\\/2016\\\/11\\\/31.jpg\",\"width\":357,\"height\":500},{\"@type\":\"BreadcrumbList\",\"@id\":\"http:\\\/\\\/www.itcjournal.org\\\/?product=journal-no31-mar2008#breadcrumb\",\"itemListElement\":[{\"@type\":\"ListItem\",\"position\":1,\"name\":\"Home\",\"item\":\"http:\\\/\\\/www.itcjournal.org\\\/\"},{\"@type\":\"ListItem\",\"position\":2,\"name\":\"Shop\",\"item\":\"http:\\\/\\\/www.itcjournal.org\\\/?page_id=4576\"},{\"@type\":\"ListItem\",\"position\":3,\"name\":\"Journal n\u00ba31 &#8211; Mar\\\/2008\"}]},{\"@type\":\"WebSite\",\"@id\":\"http:\\\/\\\/www.itcjournal.org\\\/#website\",\"url\":\"http:\\\/\\\/www.itcjournal.org\\\/\",\"name\":\"ItcJournal\",\"description\":\"ITC Journal Investigation of Instrumental Transcommunication Phenomena.\",\"publisher\":{\"@id\":\"http:\\\/\\\/www.itcjournal.org\\\/#organization\"},\"alternateName\":\"ITC Journal - Instrumental Transcommunication\",\"potentialAction\":[{\"@type\":\"SearchAction\",\"target\":{\"@type\":\"EntryPoint\",\"urlTemplate\":\"http:\\\/\\\/www.itcjournal.org\\\/?s={search_term_string}\"},\"query-input\":{\"@type\":\"PropertyValueSpecification\",\"valueRequired\":true,\"valueName\":\"search_term_string\"}}],\"inLanguage\":\"en-GB\"},{\"@type\":\"Organization\",\"@id\":\"http:\\\/\\\/www.itcjournal.org\\\/#organization\",\"name\":\"ItcJournal ( Instrumental Transcommunication )\",\"url\":\"http:\\\/\\\/www.itcjournal.org\\\/\",\"logo\":{\"@type\":\"ImageObject\",\"inLanguage\":\"en-GB\",\"@id\":\"http:\\\/\\\/www.itcjournal.org\\\/#\\\/schema\\\/logo\\\/image\\\/\",\"url\":\"http:\\\/\\\/www.itcjournal.org\\\/wp-content\\\/uploads\\\/2013\\\/02\\\/itcjournal.png\",\"contentUrl\":\"http:\\\/\\\/www.itcjournal.org\\\/wp-content\\\/uploads\\\/2013\\\/02\\\/itcjournal.png\",\"width\":300,\"height\":81,\"caption\":\"ItcJournal ( Instrumental Transcommunication )\"},\"image\":{\"@id\":\"http:\\\/\\\/www.itcjournal.org\\\/#\\\/schema\\\/logo\\\/image\\\/\"},\"sameAs\":[\"https:\\\/\\\/www.facebook.com\\\/anabela.mouratocardoso\",\"https:\\\/\\\/x.com\\\/anabela73767942\"]}]}<\/script>\n<!-- \/ Yoast SEO plugin. -->","yoast_head_json":{"title":"Journal n\u00ba31 - Mar\/2008 - ItcJournal","robots":{"index":"index","follow":"follow","max-snippet":"max-snippet:-1","max-image-preview":"max-image-preview:large","max-video-preview":"max-video-preview:-1"},"canonical":"http:\/\/www.itcjournal.org\/?product=journal-no31-mar2008","og_locale":"en_GB","og_type":"article","og_title":"Journal n\u00ba31 - Mar\/2008 - ItcJournal","og_description":"Contents Cadernos de TCI no ano 2008 The ITC Journal in the Year Cuadernos de TCI en el a\u00f1o 2008 Dr Anabela Cardoso Noise as Limit Phenomenon Dr. Ingrid Hartmann Contatos de Animais: Irrealidade ou uma possibilidade? Sonia Rinaldi Relat\u00f3rio de An\u00e1lise &#8211; PS 009\/2007 An\u00e1lise de Audios Paranormais Claudio Brasil L. Junior ITC News&hellip;","og_url":"http:\/\/www.itcjournal.org\/?product=journal-no31-mar2008","og_site_name":"ItcJournal","article_publisher":"https:\/\/www.facebook.com\/anabela.mouratocardoso","article_modified_time":"2021-12-28T23:05:20+00:00","og_image":[{"width":357,"height":500,"url":"http:\/\/www.itcjournal.org\/wp-content\/uploads\/2016\/11\/31.jpg","type":"image\/jpeg"}],"twitter_card":"summary_large_image","twitter_site":"@anabela73767942","twitter_misc":{"Estimated reading time":"1 minute"},"schema":{"@context":"https:\/\/schema.org","@graph":[{"@type":"WebPage","@id":"http:\/\/www.itcjournal.org\/?product=journal-no31-mar2008","url":"http:\/\/www.itcjournal.org\/?product=journal-no31-mar2008","name":"Journal n\u00ba31 - Mar\/2008 - ItcJournal","isPartOf":{"@id":"http:\/\/www.itcjournal.org\/#website"},"primaryImageOfPage":{"@id":"http:\/\/www.itcjournal.org\/?product=journal-no31-mar2008#primaryimage"},"image":{"@id":"http:\/\/www.itcjournal.org\/?product=journal-no31-mar2008#primaryimage"},"thumbnailUrl":"http:\/\/www.itcjournal.org\/wp-content\/uploads\/2016\/11\/31.jpg","datePublished":"2016-11-08T10:29:23+00:00","dateModified":"2021-12-28T23:05:20+00:00","breadcrumb":{"@id":"http:\/\/www.itcjournal.org\/?product=journal-no31-mar2008#breadcrumb"},"inLanguage":"en-GB","potentialAction":[{"@type":"ReadAction","target":["http:\/\/www.itcjournal.org\/?product=journal-no31-mar2008"]}]},{"@type":"ImageObject","inLanguage":"en-GB","@id":"http:\/\/www.itcjournal.org\/?product=journal-no31-mar2008#primaryimage","url":"http:\/\/www.itcjournal.org\/wp-content\/uploads\/2016\/11\/31.jpg","contentUrl":"http:\/\/www.itcjournal.org\/wp-content\/uploads\/2016\/11\/31.jpg","width":357,"height":500},{"@type":"BreadcrumbList","@id":"http:\/\/www.itcjournal.org\/?product=journal-no31-mar2008#breadcrumb","itemListElement":[{"@type":"ListItem","position":1,"name":"Home","item":"http:\/\/www.itcjournal.org\/"},{"@type":"ListItem","position":2,"name":"Shop","item":"http:\/\/www.itcjournal.org\/?page_id=4576"},{"@type":"ListItem","position":3,"name":"Journal n\u00ba31 &#8211; Mar\/2008"}]},{"@type":"WebSite","@id":"http:\/\/www.itcjournal.org\/#website","url":"http:\/\/www.itcjournal.org\/","name":"ItcJournal","description":"ITC Journal Investigation of Instrumental Transcommunication Phenomena.","publisher":{"@id":"http:\/\/www.itcjournal.org\/#organization"},"alternateName":"ITC Journal - Instrumental Transcommunication","potentialAction":[{"@type":"SearchAction","target":{"@type":"EntryPoint","urlTemplate":"http:\/\/www.itcjournal.org\/?s={search_term_string}"},"query-input":{"@type":"PropertyValueSpecification","valueRequired":true,"valueName":"search_term_string"}}],"inLanguage":"en-GB"},{"@type":"Organization","@id":"http:\/\/www.itcjournal.org\/#organization","name":"ItcJournal ( Instrumental Transcommunication )","url":"http:\/\/www.itcjournal.org\/","logo":{"@type":"ImageObject","inLanguage":"en-GB","@id":"http:\/\/www.itcjournal.org\/#\/schema\/logo\/image\/","url":"http:\/\/www.itcjournal.org\/wp-content\/uploads\/2013\/02\/itcjournal.png","contentUrl":"http:\/\/www.itcjournal.org\/wp-content\/uploads\/2013\/02\/itcjournal.png","width":300,"height":81,"caption":"ItcJournal ( Instrumental Transcommunication )"},"image":{"@id":"http:\/\/www.itcjournal.org\/#\/schema\/logo\/image\/"},"sameAs":["https:\/\/www.facebook.com\/anabela.mouratocardoso","https:\/\/x.com\/anabela73767942"]}]}},"_links":{"self":[{"href":"http:\/\/www.itcjournal.org\/index.php?rest_route=\/wp\/v2\/product\/4941","targetHints":{"allow":["GET"]}}],"collection":[{"href":"http:\/\/www.itcjournal.org\/index.php?rest_route=\/wp\/v2\/product"}],"about":[{"href":"http:\/\/www.itcjournal.org\/index.php?rest_route=\/wp\/v2\/types\/product"}],"wp:featuredmedia":[{"embeddable":true,"href":"http:\/\/www.itcjournal.org\/index.php?rest_route=\/wp\/v2\/media\/6051"}],"wp:attachment":[{"href":"http:\/\/www.itcjournal.org\/index.php?rest_route=%2Fwp%2Fv2%2Fmedia&parent=4941"}],"wp:term":[{"taxonomy":"product_brand","embeddable":true,"href":"http:\/\/www.itcjournal.org\/index.php?rest_route=%2Fwp%2Fv2%2Fproduct_brand&post=4941"},{"taxonomy":"product_cat","embeddable":true,"href":"http:\/\/www.itcjournal.org\/index.php?rest_route=%2Fwp%2Fv2%2Fproduct_cat&post=4941"},{"taxonomy":"product_tag","embeddable":true,"href":"http:\/\/www.itcjournal.org\/index.php?rest_route=%2Fwp%2Fv2%2Fproduct_tag&post=4941"}],"curies":[{"name":"wp","href":"https:\/\/api.w.org\/{rel}","templated":true}]}}