{"id":4935,"date":"2016-11-07T21:31:27","date_gmt":"2016-11-07T21:31:27","guid":{"rendered":"http:\/\/www.guia-verde.es\/itcjournal1\/?post_type=product&#038;p=4935"},"modified":"2021-12-28T23:08:58","modified_gmt":"2021-12-28T23:08:58","slug":"journal-no27-dec2006","status":"publish","type":"product","link":"http:\/\/www.itcjournal.org\/?product=journal-no27-dec2006","title":{"rendered":"Journal n\u00ba27 &#8211; Dec\/2006"},"content":{"rendered":"<h2>Contents<\/h2>\n<p>Editorial<br \/>\nOs Semin\u00e1rios Pr\u00e1cticos sobre T\u00e9cnicas deTranscomunica\u00e7\u00e3o Instrumental<br \/>\nCentro de Investica\u00e7\u00e2o de Cadernos de TCI Calend\u00e1rio 2007<br \/>\nThe Seminars on Instrumental Transcommunication Techniques<br \/>\nITC Journal Research Centre 2007 Calendar<br \/>\nLos Seminarios Pr\u00e1cticos sobre T\u00e9cnicas de Transcomunicaci\u00f3n Instrumental<br \/>\nCentro de Investigaci\u00f3n de Cuadernos de TCI Calendario 2007<br \/>\n<strong>Dr. Anabela Cardoso<\/strong><\/p>\n<p>\u201cThought is a Force that Creates and Destroys Worlds\u201d<br \/>\nAn interview with Hans Otto K\u00f6nig<br \/>\n<strong>Dr. Anabela Cardoso<\/strong> and <strong>Carlos Fern\u00e1ndez<\/strong><\/p>\n<p>A Report from Hans Otto K\u00f6nig<br \/>\nwith <strong>Prof. Dr. Ernst Senkowski<\/strong><\/p>\n<p>La Transcomunicaci\u00f3n Instrumental y su Papel en La Investigaci\u00f3n<br \/>\nde La Supervivencia<br \/>\n<strong>Prof. David Fontana<\/strong><\/p>\n<p>Entrevista con Enrico Marabini, director de IL Laboratorio<br \/>\n<strong>Dr. Anabela Cardoso<\/strong> and <strong>Carlos Fern\u00e1ndez<\/strong><\/p>\n<p>The Phenomenon of the ORB<br \/>\n<strong>Daniele Gull\u00e0<\/strong><\/p>\n<p>Seminars on ITC Techniques \/ Os Semin\u00e1rios sobre T\u00e9cnicas de TCI \/ Los Seminarios sobre T\u00e9cnicas de TCI<br \/>\nParticipants\u2019 Reports\/ Coment\u00e1rios \/ Opiniones<\/p>\n<p>\u2018Personal Testimony\u2019 &#8211; \u2018Testimonio\u2019 &#8211; \u2018Depoimento\u2019<br \/>\n<strong>Julie Carter<br \/>\nLuisa Alc\u00e2ntara<\/strong><\/p>\n<p>ITC News &#8211; El Centro de Investigaci\u00f3n de Cuadernos de TCI &#8211; Informe<\/p>\n<p>ITC Journal Research Centre Progress Report<\/p>\n<p>Correio dos Leitores &#8211; Correo de los Lectores &#8211; Readers\u2019 Letters<\/p>\n<p>&nbsp;<\/p>\n<p>Dep. Legal: VG-435-2003<br \/>\nISSN: 1696-4586 ITC (Vigo)<\/p>\n","protected":false},"excerpt":{"rendered":"<p>Contents Editorial Os Semin\u00e1rios Pr\u00e1cticos sobre T\u00e9cnicas deTranscomunica\u00e7\u00e3o Instrumental Centro de Investica\u00e7\u00e2o de Cadernos de TCI Calend\u00e1rio 2007 The Seminars on Instrumental Transcommunication Techniques ITC Journal Research Centre 2007 Calendar Los Seminarios Pr\u00e1cticos sobre T\u00e9cnicas de Transcomunicaci\u00f3n Instrumental Centro de Investigaci\u00f3n de Cuadernos de TCI Calendario 2007 Dr. Anabela Cardoso \u201cThought is a Force that&hellip;<\/p>\n","protected":false},"featured_media":6055,"template":"","meta":[],"product_brand":[],"product_cat":[113],"product_tag":[123,122,120,121,119,125,124],"class_list":{"0":"post-4935","1":"product","2":"type-product","3":"status-publish","4":"has-post-thumbnail","6":"product_cat-journal","7":"product_tag-evp","8":"product_tag-hearing-voices","9":"product_tag-instrumental-transcommunication","10":"product_tag-itc","11":"product_tag-itc-jounal","12":"product_tag-physical-phenomena","13":"product_tag-survival","14":"description-off","16":"first","17":"instock","18":"shipping-taxable","19":"purchasable","20":"product-type-variable"},"yoast_head":"<!-- This site is optimized with the Yoast SEO plugin v27.5 - https:\/\/yoast.com\/product\/yoast-seo-wordpress\/ -->\n<title>Journal n\u00ba27 - Dec\/2006 - ItcJournal<\/title>\n<meta name=\"robots\" content=\"index, follow, max-snippet:-1, max-image-preview:large, max-video-preview:-1\" \/>\n<link rel=\"canonical\" href=\"http:\/\/www.itcjournal.org\/?product=journal-no27-dec2006\" \/>\n<meta property=\"og:locale\" content=\"en_GB\" \/>\n<meta property=\"og:type\" content=\"article\" \/>\n<meta property=\"og:title\" content=\"Journal n\u00ba27 - Dec\/2006 - ItcJournal\" \/>\n<meta property=\"og:description\" content=\"Contents Editorial Os Semin\u00e1rios Pr\u00e1cticos sobre T\u00e9cnicas deTranscomunica\u00e7\u00e3o Instrumental Centro de Investica\u00e7\u00e2o de Cadernos de TCI Calend\u00e1rio 2007 The Seminars on Instrumental Transcommunication Techniques ITC Journal Research Centre 2007 Calendar Los Seminarios Pr\u00e1cticos sobre T\u00e9cnicas de Transcomunicaci\u00f3n Instrumental Centro de Investigaci\u00f3n de Cuadernos de TCI Calendario 2007 Dr. Anabela Cardoso \u201cThought is a Force that&hellip;\" \/>\n<meta property=\"og:url\" content=\"http:\/\/www.itcjournal.org\/?product=journal-no27-dec2006\" \/>\n<meta property=\"og:site_name\" content=\"ItcJournal\" \/>\n<meta property=\"article:publisher\" content=\"https:\/\/www.facebook.com\/anabela.mouratocardoso\" \/>\n<meta property=\"article:modified_time\" content=\"2021-12-28T23:08:58+00:00\" \/>\n<meta property=\"og:image\" content=\"http:\/\/www.itcjournal.org\/wp-content\/uploads\/2016\/11\/27.jpg\" \/>\n\t<meta property=\"og:image:width\" content=\"360\" \/>\n\t<meta property=\"og:image:height\" content=\"500\" \/>\n\t<meta property=\"og:image:type\" content=\"image\/jpeg\" \/>\n<meta name=\"twitter:card\" content=\"summary_large_image\" \/>\n<meta name=\"twitter:site\" content=\"@anabela73767942\" \/>\n<meta name=\"twitter:label1\" content=\"Estimated reading time\" \/>\n\t<meta name=\"twitter:data1\" content=\"1 minute\" \/>\n<script type=\"application\/ld+json\" class=\"yoast-schema-graph\">{\"@context\":\"https:\\\/\\\/schema.org\",\"@graph\":[{\"@type\":\"WebPage\",\"@id\":\"http:\\\/\\\/www.itcjournal.org\\\/?product=journal-no27-dec2006\",\"url\":\"http:\\\/\\\/www.itcjournal.org\\\/?product=journal-no27-dec2006\",\"name\":\"Journal n\u00ba27 - Dec\\\/2006 - ItcJournal\",\"isPartOf\":{\"@id\":\"http:\\\/\\\/www.itcjournal.org\\\/#website\"},\"primaryImageOfPage\":{\"@id\":\"http:\\\/\\\/www.itcjournal.org\\\/?product=journal-no27-dec2006#primaryimage\"},\"image\":{\"@id\":\"http:\\\/\\\/www.itcjournal.org\\\/?product=journal-no27-dec2006#primaryimage\"},\"thumbnailUrl\":\"http:\\\/\\\/www.itcjournal.org\\\/wp-content\\\/uploads\\\/2016\\\/11\\\/27.jpg\",\"datePublished\":\"2016-11-07T21:31:27+00:00\",\"dateModified\":\"2021-12-28T23:08:58+00:00\",\"breadcrumb\":{\"@id\":\"http:\\\/\\\/www.itcjournal.org\\\/?product=journal-no27-dec2006#breadcrumb\"},\"inLanguage\":\"en-GB\",\"potentialAction\":[{\"@type\":\"ReadAction\",\"target\":[\"http:\\\/\\\/www.itcjournal.org\\\/?product=journal-no27-dec2006\"]}]},{\"@type\":\"ImageObject\",\"inLanguage\":\"en-GB\",\"@id\":\"http:\\\/\\\/www.itcjournal.org\\\/?product=journal-no27-dec2006#primaryimage\",\"url\":\"http:\\\/\\\/www.itcjournal.org\\\/wp-content\\\/uploads\\\/2016\\\/11\\\/27.jpg\",\"contentUrl\":\"http:\\\/\\\/www.itcjournal.org\\\/wp-content\\\/uploads\\\/2016\\\/11\\\/27.jpg\",\"width\":360,\"height\":500},{\"@type\":\"BreadcrumbList\",\"@id\":\"http:\\\/\\\/www.itcjournal.org\\\/?product=journal-no27-dec2006#breadcrumb\",\"itemListElement\":[{\"@type\":\"ListItem\",\"position\":1,\"name\":\"Home\",\"item\":\"http:\\\/\\\/www.itcjournal.org\\\/\"},{\"@type\":\"ListItem\",\"position\":2,\"name\":\"Shop\",\"item\":\"http:\\\/\\\/www.itcjournal.org\\\/?page_id=4576\"},{\"@type\":\"ListItem\",\"position\":3,\"name\":\"Journal n\u00ba27 &#8211; Dec\\\/2006\"}]},{\"@type\":\"WebSite\",\"@id\":\"http:\\\/\\\/www.itcjournal.org\\\/#website\",\"url\":\"http:\\\/\\\/www.itcjournal.org\\\/\",\"name\":\"ItcJournal\",\"description\":\"ITC Journal Investigation of Instrumental Transcommunication Phenomena.\",\"publisher\":{\"@id\":\"http:\\\/\\\/www.itcjournal.org\\\/#organization\"},\"alternateName\":\"ITC Journal - Instrumental Transcommunication\",\"potentialAction\":[{\"@type\":\"SearchAction\",\"target\":{\"@type\":\"EntryPoint\",\"urlTemplate\":\"http:\\\/\\\/www.itcjournal.org\\\/?s={search_term_string}\"},\"query-input\":{\"@type\":\"PropertyValueSpecification\",\"valueRequired\":true,\"valueName\":\"search_term_string\"}}],\"inLanguage\":\"en-GB\"},{\"@type\":\"Organization\",\"@id\":\"http:\\\/\\\/www.itcjournal.org\\\/#organization\",\"name\":\"ItcJournal ( Instrumental Transcommunication )\",\"url\":\"http:\\\/\\\/www.itcjournal.org\\\/\",\"logo\":{\"@type\":\"ImageObject\",\"inLanguage\":\"en-GB\",\"@id\":\"http:\\\/\\\/www.itcjournal.org\\\/#\\\/schema\\\/logo\\\/image\\\/\",\"url\":\"http:\\\/\\\/www.itcjournal.org\\\/wp-content\\\/uploads\\\/2013\\\/02\\\/itcjournal.png\",\"contentUrl\":\"http:\\\/\\\/www.itcjournal.org\\\/wp-content\\\/uploads\\\/2013\\\/02\\\/itcjournal.png\",\"width\":300,\"height\":81,\"caption\":\"ItcJournal ( Instrumental Transcommunication )\"},\"image\":{\"@id\":\"http:\\\/\\\/www.itcjournal.org\\\/#\\\/schema\\\/logo\\\/image\\\/\"},\"sameAs\":[\"https:\\\/\\\/www.facebook.com\\\/anabela.mouratocardoso\",\"https:\\\/\\\/x.com\\\/anabela73767942\"]}]}<\/script>\n<!-- \/ Yoast SEO plugin. -->","yoast_head_json":{"title":"Journal n\u00ba27 - Dec\/2006 - ItcJournal","robots":{"index":"index","follow":"follow","max-snippet":"max-snippet:-1","max-image-preview":"max-image-preview:large","max-video-preview":"max-video-preview:-1"},"canonical":"http:\/\/www.itcjournal.org\/?product=journal-no27-dec2006","og_locale":"en_GB","og_type":"article","og_title":"Journal n\u00ba27 - Dec\/2006 - ItcJournal","og_description":"Contents Editorial Os Semin\u00e1rios Pr\u00e1cticos sobre T\u00e9cnicas deTranscomunica\u00e7\u00e3o Instrumental Centro de Investica\u00e7\u00e2o de Cadernos de TCI Calend\u00e1rio 2007 The Seminars on Instrumental Transcommunication Techniques ITC Journal Research Centre 2007 Calendar Los Seminarios Pr\u00e1cticos sobre T\u00e9cnicas de Transcomunicaci\u00f3n Instrumental Centro de Investigaci\u00f3n de Cuadernos de TCI Calendario 2007 Dr. Anabela Cardoso \u201cThought is a Force that&hellip;","og_url":"http:\/\/www.itcjournal.org\/?product=journal-no27-dec2006","og_site_name":"ItcJournal","article_publisher":"https:\/\/www.facebook.com\/anabela.mouratocardoso","article_modified_time":"2021-12-28T23:08:58+00:00","og_image":[{"width":360,"height":500,"url":"http:\/\/www.itcjournal.org\/wp-content\/uploads\/2016\/11\/27.jpg","type":"image\/jpeg"}],"twitter_card":"summary_large_image","twitter_site":"@anabela73767942","twitter_misc":{"Estimated reading time":"1 minute"},"schema":{"@context":"https:\/\/schema.org","@graph":[{"@type":"WebPage","@id":"http:\/\/www.itcjournal.org\/?product=journal-no27-dec2006","url":"http:\/\/www.itcjournal.org\/?product=journal-no27-dec2006","name":"Journal n\u00ba27 - Dec\/2006 - ItcJournal","isPartOf":{"@id":"http:\/\/www.itcjournal.org\/#website"},"primaryImageOfPage":{"@id":"http:\/\/www.itcjournal.org\/?product=journal-no27-dec2006#primaryimage"},"image":{"@id":"http:\/\/www.itcjournal.org\/?product=journal-no27-dec2006#primaryimage"},"thumbnailUrl":"http:\/\/www.itcjournal.org\/wp-content\/uploads\/2016\/11\/27.jpg","datePublished":"2016-11-07T21:31:27+00:00","dateModified":"2021-12-28T23:08:58+00:00","breadcrumb":{"@id":"http:\/\/www.itcjournal.org\/?product=journal-no27-dec2006#breadcrumb"},"inLanguage":"en-GB","potentialAction":[{"@type":"ReadAction","target":["http:\/\/www.itcjournal.org\/?product=journal-no27-dec2006"]}]},{"@type":"ImageObject","inLanguage":"en-GB","@id":"http:\/\/www.itcjournal.org\/?product=journal-no27-dec2006#primaryimage","url":"http:\/\/www.itcjournal.org\/wp-content\/uploads\/2016\/11\/27.jpg","contentUrl":"http:\/\/www.itcjournal.org\/wp-content\/uploads\/2016\/11\/27.jpg","width":360,"height":500},{"@type":"BreadcrumbList","@id":"http:\/\/www.itcjournal.org\/?product=journal-no27-dec2006#breadcrumb","itemListElement":[{"@type":"ListItem","position":1,"name":"Home","item":"http:\/\/www.itcjournal.org\/"},{"@type":"ListItem","position":2,"name":"Shop","item":"http:\/\/www.itcjournal.org\/?page_id=4576"},{"@type":"ListItem","position":3,"name":"Journal n\u00ba27 &#8211; Dec\/2006"}]},{"@type":"WebSite","@id":"http:\/\/www.itcjournal.org\/#website","url":"http:\/\/www.itcjournal.org\/","name":"ItcJournal","description":"ITC Journal Investigation of Instrumental Transcommunication Phenomena.","publisher":{"@id":"http:\/\/www.itcjournal.org\/#organization"},"alternateName":"ITC Journal - Instrumental Transcommunication","potentialAction":[{"@type":"SearchAction","target":{"@type":"EntryPoint","urlTemplate":"http:\/\/www.itcjournal.org\/?s={search_term_string}"},"query-input":{"@type":"PropertyValueSpecification","valueRequired":true,"valueName":"search_term_string"}}],"inLanguage":"en-GB"},{"@type":"Organization","@id":"http:\/\/www.itcjournal.org\/#organization","name":"ItcJournal ( Instrumental Transcommunication )","url":"http:\/\/www.itcjournal.org\/","logo":{"@type":"ImageObject","inLanguage":"en-GB","@id":"http:\/\/www.itcjournal.org\/#\/schema\/logo\/image\/","url":"http:\/\/www.itcjournal.org\/wp-content\/uploads\/2013\/02\/itcjournal.png","contentUrl":"http:\/\/www.itcjournal.org\/wp-content\/uploads\/2013\/02\/itcjournal.png","width":300,"height":81,"caption":"ItcJournal ( Instrumental Transcommunication )"},"image":{"@id":"http:\/\/www.itcjournal.org\/#\/schema\/logo\/image\/"},"sameAs":["https:\/\/www.facebook.com\/anabela.mouratocardoso","https:\/\/x.com\/anabela73767942"]}]}},"_links":{"self":[{"href":"http:\/\/www.itcjournal.org\/index.php?rest_route=\/wp\/v2\/product\/4935","targetHints":{"allow":["GET"]}}],"collection":[{"href":"http:\/\/www.itcjournal.org\/index.php?rest_route=\/wp\/v2\/product"}],"about":[{"href":"http:\/\/www.itcjournal.org\/index.php?rest_route=\/wp\/v2\/types\/product"}],"wp:featuredmedia":[{"embeddable":true,"href":"http:\/\/www.itcjournal.org\/index.php?rest_route=\/wp\/v2\/media\/6055"}],"wp:attachment":[{"href":"http:\/\/www.itcjournal.org\/index.php?rest_route=%2Fwp%2Fv2%2Fmedia&parent=4935"}],"wp:term":[{"taxonomy":"product_brand","embeddable":true,"href":"http:\/\/www.itcjournal.org\/index.php?rest_route=%2Fwp%2Fv2%2Fproduct_brand&post=4935"},{"taxonomy":"product_cat","embeddable":true,"href":"http:\/\/www.itcjournal.org\/index.php?rest_route=%2Fwp%2Fv2%2Fproduct_cat&post=4935"},{"taxonomy":"product_tag","embeddable":true,"href":"http:\/\/www.itcjournal.org\/index.php?rest_route=%2Fwp%2Fv2%2Fproduct_tag&post=4935"}],"curies":[{"name":"wp","href":"https:\/\/api.w.org\/{rel}","templated":true}]}}