{"id":7108,"date":"2025-12-17T20:01:04","date_gmt":"2025-12-17T20:01:04","guid":{"rendered":"https:\/\/www.itcjournal.org\/?page_id=7108"},"modified":"2025-12-17T20:23:28","modified_gmt":"2025-12-17T20:23:28","slug":"voices-12-2025","status":"publish","type":"page","link":"http:\/\/www.itcjournal.org\/?page_id=7108","title":{"rendered":"Voices-12-2025"},"content":{"rendered":"\n<p>AUDIO 1.2 Anabela about mundo puro<\/p>\n\n\n\n<figure class=\"wp-block-audio\"><audio controls src=\"https:\/\/www.itcjournal.org\/wp-content\/uploads\/2025\/12\/AUDIO-1.2-Anabela-about-mundo-puro.wav\"><\/audio><\/figure>\n\n\n\n<hr class=\"wp-block-separator alignfull has-alpha-channel-opacity is-style-wide\"\/>\n\n\n\n<p>AUDIO 1_2004 08 18_11 19 side A \u00e9 doutro mundo puro_ORIG+NR<\/p>\n\n\n\n<figure class=\"wp-block-audio\"><audio controls src=\"http:\/\/www.itcjournal.org\/wp-content\/uploads\/2025\/12\/AUDIO-1_2004-08-18_11-19-side-A-e-doutro-mundo-puro_ORIGNR.wav\"><\/audio><\/figure>\n\n\n\n<hr class=\"wp-block-separator alignfull has-alpha-channel-opacity is-style-wide\"\/>\n\n\n\n<p>AUDIO 2_980214 Luz de Ra ORIG<\/p>\n\n\n\n<figure class=\"wp-block-audio\"><audio controls src=\"https:\/\/www.itcjournal.org\/wp-content\/uploads\/2025\/12\/AUDIO-2_980214-Luz-de-Ra-ORIG.wav\"><\/audio><\/figure>\n\n\n\n<hr class=\"wp-block-separator alignfull has-alpha-channel-opacity is-style-wide\"\/>\n\n\n\n<p>AUDIO 3.1_Este \u00e9 o Cardoso ORIGINAL CD<\/p>\n\n\n\n<figure class=\"wp-block-audio\"><audio controls src=\"https:\/\/www.itcjournal.org\/wp-content\/uploads\/2025\/12\/AUDIO-3.1_Este-e-o-Cardoso-ORIGINAL-CD.wav\"><\/audio><\/figure>\n\n\n\n<hr class=\"wp-block-separator alignfull has-alpha-channel-opacity is-style-wide\"\/>\n\n\n\n<p>AUDIO 3.2_Este \u00e9 o Cardoso with Anabela NR<\/p>\n\n\n\n<figure class=\"wp-block-audio\"><audio controls src=\"https:\/\/www.itcjournal.org\/wp-content\/uploads\/2025\/12\/AUDIO-3.2_Este-e-o-Cardoso-with-Anabela-NR.wav\"><\/audio><\/figure>\n\n\n\n<hr class=\"wp-block-separator alignfull has-alpha-channel-opacity is-style-wide\"\/>\n\n\n\n<p>AUDIO 3.3_last of FLABIO_O LUIS BELA_Surya puppies_Este \u00e9 o Cardoso ORIG+NR<\/p>\n\n\n\n<figure class=\"wp-block-audio\"><audio controls src=\"https:\/\/www.itcjournal.org\/wp-content\/uploads\/2025\/12\/AUDIO-3.3_last-of-FLABIO_O-LUIS-BELA_Surya-puppies_Este-e-o-Cardoso-ORIGNR.wav\"><\/audio><\/figure>\n\n\n\n<hr class=\"wp-block-separator alignfull has-alpha-channel-opacity is-style-wide\"\/>\n\n\n\n<p>AUDIO 3.4_Only FLABIO_O LUIS BELA_ORIG+NR<\/p>\n\n\n\n<figure class=\"wp-block-audio\"><audio controls src=\"https:\/\/www.itcjournal.org\/wp-content\/uploads\/2025\/12\/AUDIO-3.4_Only-FLABIO_O-LUIS-BELA_ORIGNR.wav\"><\/audio><\/figure>\n\n\n\n<hr class=\"wp-block-separator alignfull has-alpha-channel-opacity is-style-wide\"\/>\n\n\n\n<p>AUDIO 4.1_05 15_5\u00aa teu perro tem voz_nesta terra estamos bem_o amor produziu a voz_ORIG+NR &#8211; copia<\/p>\n\n\n\n<figure class=\"wp-block-audio\"><audio controls src=\"https:\/\/www.itcjournal.org\/wp-content\/uploads\/2025\/12\/AUDIO-4.1_05-15_5a-teu-perro-tem-voz_nesta-terra-estamos-bem_o-amor-produziu-a-voz_ORIGNR-copia.wav\"><\/audio><\/figure>\n\n\n\n<hr class=\"wp-block-separator alignfull has-alpha-channel-opacity is-style-wide\"\/>\n\n\n\n<p>AUDIO 4.2_Anabela explains teu perro tem voz_o amor produziu a voz<\/p>\n\n\n\n<figure class=\"wp-block-audio\"><audio controls src=\"https:\/\/www.itcjournal.org\/wp-content\/uploads\/2025\/12\/AUDIO-4.2_Anabela-explains-teu-perro-tem-voz_o-amor-produziu-a-voz.wav\"><\/audio><\/figure>\n\n\n\n<hr class=\"wp-block-separator alignfull has-alpha-channel-opacity is-style-wide\"\/>\n\n\n\n<p>AUDIO 5_Est\u00e1 c\u00e1 o teu perro ele tem voz + NR<\/p>\n\n\n\n<figure class=\"wp-block-audio\"><audio controls src=\"https:\/\/www.itcjournal.org\/wp-content\/uploads\/2025\/12\/AUDIO-5_Esta-ca-o-teu-perro-ele-tem-voz-NR.wav\"><\/audio><\/figure>\n\n\n\n<hr class=\"wp-block-separator alignfull has-alpha-channel-opacity is-style-wide\"\/>\n\n\n\n<p>AUDIO 6_\u00c9 a mae com o Surya_todos sabem_ORIG+NR<\/p>\n\n\n\n<figure class=\"wp-block-audio\"><audio controls src=\"https:\/\/www.itcjournal.org\/wp-content\/uploads\/2025\/12\/AUDIO-6_E-a-mae-com-o-Surya_todos-sabem_ORIGNR.wav\"><\/audio><\/figure>\n\n\n\n<hr class=\"wp-block-separator alignfull has-alpha-channel-opacity is-style-wide\"\/>\n\n\n\n<p>AUDIO 7_2012 06 10 Teu cao est\u00e1 no sol com o S\u00f3_est\u00e1 no espa\u00e7o_perro_teu pai 04&#8242; 16&#8221; ORIG+NR<\/p>\n\n\n\n<figure class=\"wp-block-audio\"><audio controls src=\"https:\/\/www.itcjournal.org\/wp-content\/uploads\/2025\/12\/AUDIO-7_2012-06-10-Teu-cao-esta-no-sol-com-o-So_esta-no-espaco_perro_teu-pai-04-16-ORIGNR.wav\"><\/audio><\/figure>\n\n\n\n<hr class=\"wp-block-separator alignfull has-alpha-channel-opacity is-style-wide\"\/>\n\n\n\n<p>AUDIO 8_E sinto um collie bem ingl\u00eas e nao se importune es tao joven como um perro destes ORIG+NR<\/p>\n\n\n\n<figure class=\"wp-block-audio\"><audio controls src=\"https:\/\/www.itcjournal.org\/wp-content\/uploads\/2025\/12\/AUDIO-8_E-sinto-um-collie-bem-ingles-e-nao-se-importune-es-tao-joven-como-um-perro-destes-ORIGNR.wav\"><\/audio><\/figure>\n\n\n\n<hr class=\"wp-block-separator alignfull has-alpha-channel-opacity is-style-wide\"\/>\n\n\n\n<p>AUDIO 9_12 Nisha_N\u00f3s estamos aqui_Rio do Tempo foi p&#8217;a ti ORIG+NR<\/p>\n\n\n\n<figure class=\"wp-block-audio\"><audio controls src=\"https:\/\/www.itcjournal.org\/wp-content\/uploads\/2025\/12\/AUDIO-9_12-Nisha_Nos-estamos-aqui_Rio-do-Tempo-foi-pa-ti-ORIGNR.wav\"><\/audio><\/figure>\n\n\n\n<hr class=\"wp-block-separator alignfull has-alpha-channel-opacity is-style-wide\"\/>\n\n\n\n<p>AUDIO 10_V\u00c1 NISHA_ICH WAR MEDIOKER_NISHA EVPs ORIG+NR<\/p>\n\n\n\n<figure class=\"wp-block-audio\"><audio controls src=\"https:\/\/www.itcjournal.org\/wp-content\/uploads\/2025\/12\/AUDIO-10_VA-NISHA_ICH-WAR-MEDIOKER_NISHA-EVPs-ORIGNR.wav\"><\/audio><\/figure>\n\n\n\n<hr class=\"wp-block-separator alignfull has-alpha-channel-opacity is-style-wide\"\/>\n\n\n\n<p>AUDIO 11_\u00c9 A NISHA ORIG<\/p>\n\n\n\n<figure class=\"wp-block-audio\"><audio controls src=\"https:\/\/www.itcjournal.org\/wp-content\/uploads\/2025\/12\/AUDIO-11_E-A-NISHA-ORIG.wav\"><\/audio><\/figure>\n\n\n\n<hr class=\"wp-block-separator alignfull has-alpha-channel-opacity is-style-wide\"\/>\n\n\n\n<p>AUDIO 12_2021 08 19_09 12 Side A_20&#8217;10 \u00c9 a lei do Karma<\/p>\n\n\n\n<figure class=\"wp-block-audio\"><audio controls src=\"https:\/\/www.itcjournal.org\/wp-content\/uploads\/2025\/12\/AUDIO-12_2021-08-19_09-12-Side-A_2010-E-a-lei-do-Karma.wav\"><\/audio><\/figure>\n\n\n\n<hr class=\"wp-block-separator alignfull has-alpha-channel-opacity is-style-wide\"\/>\n\n\n\n<p>AUDIO 13.1 _2012 08 26 Side A Blackie correcto_Black dog_teu perro ORIG<\/p>\n\n\n\n<figure class=\"wp-block-audio\"><audio controls src=\"https:\/\/www.itcjournal.org\/wp-content\/uploads\/2025\/12\/AUDIO-13.1-_2012-08-26-Side-A-Blackie-correcto_Black-dog_teu-perro-ORIG.wav\"><\/audio><\/figure>\n\n\n\n<hr class=\"wp-block-separator alignfull has-alpha-channel-opacity is-style-wide\"\/>\n\n\n\n<p>AUDIO 13.2_Rio do Tempo answers about Blackie_Correcto_Black dog<\/p>\n\n\n\n<figure class=\"wp-block-audio\"><audio controls src=\"https:\/\/www.itcjournal.org\/wp-content\/uploads\/2025\/12\/AUDIO-13.2_Rio-do-Tempo-answers-about-Blackie_Correcto_Black-dog.wav\"><\/audio><\/figure>\n\n\n\n<hr class=\"wp-block-separator alignfull has-alpha-channel-opacity is-style-wide\"\/>\n\n\n\n<p>AUDIO 13.3<\/p>\n\n\n\n<figure class=\"wp-block-audio\"><audio controls src=\"https:\/\/www.itcjournal.org\/wp-content\/uploads\/2025\/12\/AUDIO-13.3.wav\"><\/audio><\/figure>\n\n\n\n<hr class=\"wp-block-separator alignfull has-alpha-channel-opacity is-style-wide\"\/>\n\n\n\n<p>AUDIO 14.1_2013 07 07_11 Sou o S\u00f3 com a Mi_Michi ORIG<\/p>\n\n\n\n<figure class=\"wp-block-audio\"><audio controls src=\"https:\/\/www.itcjournal.org\/wp-content\/uploads\/2025\/12\/AUDIO-14.1_2013-07-07_11-Sou-o-So-com-a-Mi_Michi-ORIG.wav\"><\/audio><\/figure>\n\n\n\n<hr class=\"wp-block-separator alignfull has-alpha-channel-opacity is-style-wide\"\/>\n\n\n\n<p>AUDIO 14.2_Michi \u00c9 sim_Tempo_Sou o S\u00f3 com a Mi_Belinha tem voz<\/p>\n\n\n\n<figure class=\"wp-block-audio\"><audio controls src=\"https:\/\/www.itcjournal.org\/wp-content\/uploads\/2025\/12\/AUDIO-14.2_Michi-E-sim_Tempo_Sou-o-So-com-a-Mi_Belinha-tem-voz.wav\"><\/audio><\/figure>\n\n\n\n<hr class=\"wp-block-separator alignfull has-alpha-channel-opacity is-style-wide\"\/>\n\n\n\n<p>AUDIO 15_Vi o Seta a correr nem a bola pediu_\u00c9 o Celso e o Franco_existem fora do Tempo<\/p>\n\n\n\n<figure class=\"wp-block-audio\"><audio controls src=\"https:\/\/www.itcjournal.org\/wp-content\/uploads\/2025\/12\/AUDIO-15_Vi-o-Seta-a-correr-nem-a-bola-pediu_E-o-Celso-e-o-Franco_existem-fora-do-Tempo.wav\"><\/audio><\/figure>\n\n\n\n<hr class=\"wp-block-separator alignfull has-alpha-channel-opacity is-style-wide\"\/>\n\n\n\n<p>AUDIO 16_o Seta como corre daqui \u00e0s esplanadas ORIG+NR<\/p>\n\n\n\n<figure class=\"wp-block-audio\"><audio controls src=\"https:\/\/www.itcjournal.org\/wp-content\/uploads\/2025\/12\/AUDIO-16_o-Seta-como-corre-daqui-as-esplanadas-ORIGNR.wav\"><\/audio><\/figure>\n\n\n\n<hr class=\"wp-block-separator alignfull has-alpha-channel-opacity is-style-wide\"\/>\n\n\n\n<p>AUDIO 17_little DRV and EVP Oh b\u00e9b\u00e9<\/p>\n\n\n\n<figure class=\"wp-block-audio\"><audio controls src=\"https:\/\/www.itcjournal.org\/wp-content\/uploads\/2025\/12\/AUDIO-17_little-DRV-and-EVP-Oh-bebe.wav\"><\/audio><\/figure>\n\n\n\n<hr class=\"wp-block-separator alignfull has-alpha-channel-opacity is-style-wide\"\/>\n\n\n\n<p>AUDIO 18.1_Excerpts CONVERSATION GRANDMA with ANABELA<\/p>\n\n\n\n<figure class=\"wp-block-audio\"><audio controls src=\"https:\/\/www.itcjournal.org\/wp-content\/uploads\/2025\/12\/AUDIO-18.1_Excerpts-CONVERSATION-GRANDMA-with-ANABELA.wav\"><\/audio><\/figure>\n\n\n\n<hr class=\"wp-block-separator alignfull has-alpha-channel-opacity is-style-wide\"\/>\n\n\n\n<p>AUDIO 18.2_Anabela_EXPLAINS and TRANSLATES CONVERSATION with GRANDMA<\/p>\n\n\n\n<figure class=\"wp-block-audio\"><audio controls src=\"https:\/\/www.itcjournal.org\/wp-content\/uploads\/2025\/12\/AUDIO-18.2_Anabela_EXPLAINS-and-TRANSLATES-CONVERSATION-with-GRANDMA.wav\"><\/audio><\/figure>\n\n\n\n<hr class=\"wp-block-separator alignfull has-alpha-channel-opacity is-style-wide\"\/>\n\n\n\n<p><\/p>\n","protected":false},"excerpt":{"rendered":"<p>AUDIO 1.2 Anabela about mundo puro AUDIO 1_2004 08 18_11 19 side A \u00e9 doutro mundo puro_ORIG+NR AUDIO 2_980214 Luz de Ra ORIG AUDIO 3.1_Este \u00e9 o Cardoso ORIGINAL CD AUDIO 3.2_Este \u00e9 o Cardoso with Anabela NR AUDIO 3.3_last of FLABIO_O LUIS BELA_Surya puppies_Este \u00e9 o Cardoso ORIG+NR AUDIO 3.4_Only FLABIO_O LUIS BELA_ORIG+NR AUDIO&hellip;<\/p>\n","protected":false},"author":1,"featured_media":0,"parent":0,"menu_order":0,"comment_status":"closed","ping_status":"closed","template":"","meta":{"footnotes":""},"class_list":["post-7108","page","type-page","status-publish","hentry","description-off"],"yoast_head":"<!-- This site is optimized with the Yoast SEO plugin v27.4 - https:\/\/yoast.com\/product\/yoast-seo-wordpress\/ -->\n<title>Voices-12-2025 - ItcJournal<\/title>\n<meta name=\"robots\" content=\"index, follow, max-snippet:-1, max-image-preview:large, max-video-preview:-1\" \/>\n<link rel=\"canonical\" href=\"https:\/\/www.itcjournal.org\/?page_id=7108\" \/>\n<meta property=\"og:locale\" content=\"en_GB\" \/>\n<meta property=\"og:type\" content=\"article\" \/>\n<meta property=\"og:title\" content=\"Voices-12-2025 - ItcJournal\" \/>\n<meta property=\"og:description\" content=\"AUDIO 1.2 Anabela about mundo puro AUDIO 1_2004 08 18_11 19 side A \u00e9 doutro mundo puro_ORIG+NR AUDIO 2_980214 Luz de Ra ORIG AUDIO 3.1_Este \u00e9 o Cardoso ORIGINAL CD AUDIO 3.2_Este \u00e9 o Cardoso with Anabela NR AUDIO 3.3_last of FLABIO_O LUIS BELA_Surya puppies_Este \u00e9 o Cardoso ORIG+NR AUDIO 3.4_Only FLABIO_O LUIS BELA_ORIG+NR AUDIO&hellip;\" \/>\n<meta property=\"og:url\" content=\"https:\/\/www.itcjournal.org\/?page_id=7108\" \/>\n<meta property=\"og:site_name\" content=\"ItcJournal\" \/>\n<meta property=\"article:publisher\" content=\"https:\/\/www.facebook.com\/anabela.mouratocardoso\" \/>\n<meta property=\"article:modified_time\" content=\"2025-12-17T20:23:28+00:00\" \/>\n<meta property=\"og:image\" content=\"http:\/\/www.itcjournal.org\/wp-content\/uploads\/2013\/02\/itcjournal_pequena.png\" \/>\n\t<meta property=\"og:image:width\" content=\"150\" \/>\n\t<meta property=\"og:image:height\" content=\"41\" \/>\n\t<meta property=\"og:image:type\" content=\"image\/png\" \/>\n<meta name=\"twitter:card\" content=\"summary_large_image\" \/>\n<meta name=\"twitter:site\" content=\"@anabela73767942\" \/>\n<meta name=\"twitter:label1\" content=\"Estimated reading time\" \/>\n\t<meta name=\"twitter:data1\" content=\"1 minute\" \/>\n<script type=\"application\/ld+json\" class=\"yoast-schema-graph\">{\"@context\":\"https:\\\/\\\/schema.org\",\"@graph\":[{\"@type\":\"WebPage\",\"@id\":\"https:\\\/\\\/www.itcjournal.org\\\/?page_id=7108\",\"url\":\"https:\\\/\\\/www.itcjournal.org\\\/?page_id=7108\",\"name\":\"Voices-12-2025 - ItcJournal\",\"isPartOf\":{\"@id\":\"http:\\\/\\\/www.itcjournal.org\\\/#website\"},\"datePublished\":\"2025-12-17T20:01:04+00:00\",\"dateModified\":\"2025-12-17T20:23:28+00:00\",\"breadcrumb\":{\"@id\":\"https:\\\/\\\/www.itcjournal.org\\\/?page_id=7108#breadcrumb\"},\"inLanguage\":\"en-GB\",\"potentialAction\":[{\"@type\":\"ReadAction\",\"target\":[\"https:\\\/\\\/www.itcjournal.org\\\/?page_id=7108\"]}]},{\"@type\":\"BreadcrumbList\",\"@id\":\"https:\\\/\\\/www.itcjournal.org\\\/?page_id=7108#breadcrumb\",\"itemListElement\":[{\"@type\":\"ListItem\",\"position\":1,\"name\":\"Home\",\"item\":\"http:\\\/\\\/www.itcjournal.org\\\/\"},{\"@type\":\"ListItem\",\"position\":2,\"name\":\"Voices-12-2025\"}]},{\"@type\":\"WebSite\",\"@id\":\"http:\\\/\\\/www.itcjournal.org\\\/#website\",\"url\":\"http:\\\/\\\/www.itcjournal.org\\\/\",\"name\":\"ItcJournal\",\"description\":\"ITC Journal Investigation of Instrumental Transcommunication Phenomena.\",\"publisher\":{\"@id\":\"http:\\\/\\\/www.itcjournal.org\\\/#organization\"},\"alternateName\":\"ITC Journal - Instrumental Transcommunication\",\"potentialAction\":[{\"@type\":\"SearchAction\",\"target\":{\"@type\":\"EntryPoint\",\"urlTemplate\":\"http:\\\/\\\/www.itcjournal.org\\\/?s={search_term_string}\"},\"query-input\":{\"@type\":\"PropertyValueSpecification\",\"valueRequired\":true,\"valueName\":\"search_term_string\"}}],\"inLanguage\":\"en-GB\"},{\"@type\":\"Organization\",\"@id\":\"http:\\\/\\\/www.itcjournal.org\\\/#organization\",\"name\":\"ItcJournal ( Instrumental Transcommunication )\",\"url\":\"http:\\\/\\\/www.itcjournal.org\\\/\",\"logo\":{\"@type\":\"ImageObject\",\"inLanguage\":\"en-GB\",\"@id\":\"http:\\\/\\\/www.itcjournal.org\\\/#\\\/schema\\\/logo\\\/image\\\/\",\"url\":\"http:\\\/\\\/www.itcjournal.org\\\/wp-content\\\/uploads\\\/2013\\\/02\\\/itcjournal.png\",\"contentUrl\":\"http:\\\/\\\/www.itcjournal.org\\\/wp-content\\\/uploads\\\/2013\\\/02\\\/itcjournal.png\",\"width\":300,\"height\":81,\"caption\":\"ItcJournal ( Instrumental Transcommunication )\"},\"image\":{\"@id\":\"http:\\\/\\\/www.itcjournal.org\\\/#\\\/schema\\\/logo\\\/image\\\/\"},\"sameAs\":[\"https:\\\/\\\/www.facebook.com\\\/anabela.mouratocardoso\",\"https:\\\/\\\/x.com\\\/anabela73767942\"]}]}<\/script>\n<!-- \/ Yoast SEO plugin. -->","yoast_head_json":{"title":"Voices-12-2025 - ItcJournal","robots":{"index":"index","follow":"follow","max-snippet":"max-snippet:-1","max-image-preview":"max-image-preview:large","max-video-preview":"max-video-preview:-1"},"canonical":"https:\/\/www.itcjournal.org\/?page_id=7108","og_locale":"en_GB","og_type":"article","og_title":"Voices-12-2025 - ItcJournal","og_description":"AUDIO 1.2 Anabela about mundo puro AUDIO 1_2004 08 18_11 19 side A \u00e9 doutro mundo puro_ORIG+NR AUDIO 2_980214 Luz de Ra ORIG AUDIO 3.1_Este \u00e9 o Cardoso ORIGINAL CD AUDIO 3.2_Este \u00e9 o Cardoso with Anabela NR AUDIO 3.3_last of FLABIO_O LUIS BELA_Surya puppies_Este \u00e9 o Cardoso ORIG+NR AUDIO 3.4_Only FLABIO_O LUIS BELA_ORIG+NR AUDIO&hellip;","og_url":"https:\/\/www.itcjournal.org\/?page_id=7108","og_site_name":"ItcJournal","article_publisher":"https:\/\/www.facebook.com\/anabela.mouratocardoso","article_modified_time":"2025-12-17T20:23:28+00:00","og_image":[{"width":150,"height":41,"url":"http:\/\/www.itcjournal.org\/wp-content\/uploads\/2013\/02\/itcjournal_pequena.png","type":"image\/png"}],"twitter_card":"summary_large_image","twitter_site":"@anabela73767942","twitter_misc":{"Estimated reading time":"1 minute"},"schema":{"@context":"https:\/\/schema.org","@graph":[{"@type":"WebPage","@id":"https:\/\/www.itcjournal.org\/?page_id=7108","url":"https:\/\/www.itcjournal.org\/?page_id=7108","name":"Voices-12-2025 - ItcJournal","isPartOf":{"@id":"http:\/\/www.itcjournal.org\/#website"},"datePublished":"2025-12-17T20:01:04+00:00","dateModified":"2025-12-17T20:23:28+00:00","breadcrumb":{"@id":"https:\/\/www.itcjournal.org\/?page_id=7108#breadcrumb"},"inLanguage":"en-GB","potentialAction":[{"@type":"ReadAction","target":["https:\/\/www.itcjournal.org\/?page_id=7108"]}]},{"@type":"BreadcrumbList","@id":"https:\/\/www.itcjournal.org\/?page_id=7108#breadcrumb","itemListElement":[{"@type":"ListItem","position":1,"name":"Home","item":"http:\/\/www.itcjournal.org\/"},{"@type":"ListItem","position":2,"name":"Voices-12-2025"}]},{"@type":"WebSite","@id":"http:\/\/www.itcjournal.org\/#website","url":"http:\/\/www.itcjournal.org\/","name":"ItcJournal","description":"ITC Journal Investigation of Instrumental Transcommunication Phenomena.","publisher":{"@id":"http:\/\/www.itcjournal.org\/#organization"},"alternateName":"ITC Journal - Instrumental Transcommunication","potentialAction":[{"@type":"SearchAction","target":{"@type":"EntryPoint","urlTemplate":"http:\/\/www.itcjournal.org\/?s={search_term_string}"},"query-input":{"@type":"PropertyValueSpecification","valueRequired":true,"valueName":"search_term_string"}}],"inLanguage":"en-GB"},{"@type":"Organization","@id":"http:\/\/www.itcjournal.org\/#organization","name":"ItcJournal ( Instrumental Transcommunication )","url":"http:\/\/www.itcjournal.org\/","logo":{"@type":"ImageObject","inLanguage":"en-GB","@id":"http:\/\/www.itcjournal.org\/#\/schema\/logo\/image\/","url":"http:\/\/www.itcjournal.org\/wp-content\/uploads\/2013\/02\/itcjournal.png","contentUrl":"http:\/\/www.itcjournal.org\/wp-content\/uploads\/2013\/02\/itcjournal.png","width":300,"height":81,"caption":"ItcJournal ( Instrumental Transcommunication )"},"image":{"@id":"http:\/\/www.itcjournal.org\/#\/schema\/logo\/image\/"},"sameAs":["https:\/\/www.facebook.com\/anabela.mouratocardoso","https:\/\/x.com\/anabela73767942"]}]}},"_links":{"self":[{"href":"http:\/\/www.itcjournal.org\/index.php?rest_route=\/wp\/v2\/pages\/7108","targetHints":{"allow":["GET"]}}],"collection":[{"href":"http:\/\/www.itcjournal.org\/index.php?rest_route=\/wp\/v2\/pages"}],"about":[{"href":"http:\/\/www.itcjournal.org\/index.php?rest_route=\/wp\/v2\/types\/page"}],"author":[{"embeddable":true,"href":"http:\/\/www.itcjournal.org\/index.php?rest_route=\/wp\/v2\/users\/1"}],"replies":[{"embeddable":true,"href":"http:\/\/www.itcjournal.org\/index.php?rest_route=%2Fwp%2Fv2%2Fcomments&post=7108"}],"version-history":[{"count":4,"href":"http:\/\/www.itcjournal.org\/index.php?rest_route=\/wp\/v2\/pages\/7108\/revisions"}],"predecessor-version":[{"id":7141,"href":"http:\/\/www.itcjournal.org\/index.php?rest_route=\/wp\/v2\/pages\/7108\/revisions\/7141"}],"wp:attachment":[{"href":"http:\/\/www.itcjournal.org\/index.php?rest_route=%2Fwp%2Fv2%2Fmedia&parent=7108"}],"curies":[{"name":"wp","href":"https:\/\/api.w.org\/{rel}","templated":true}]}}