{"id":4737,"date":"2016-10-31T23:05:05","date_gmt":"2016-10-31T23:05:05","guid":{"rendered":"http:\/\/www.guia-verde.es\/itcjournal1\/?page_id=4737"},"modified":"2022-01-06T16:04:33","modified_gmt":"2022-01-06T16:04:33","slug":"publication","status":"publish","type":"page","link":"http:\/\/www.itcjournal.org\/?page_id=4737","title":{"rendered":"Publication"},"content":{"rendered":"<h2>The ITC Journal<\/h2>\n<p>The Journal was founded in the year 2000 and it is now in its tenth year of publication. With an International Editorial Board, the ITC Journal publishes articles by leading researchers and specialists in ITC, among them Adrian Klein (Israel), Anabela Cardoso (Portugal), Carlo Trajna (Italy), Carlos Fern\u00e1ndez (Spain), Carlos Luz (Brazil), Cristina Rocha (Brazil), Daniele Gull\u00e0 (Italy), David Fontana (UK), Enrico Marabini (Italy), Ernst Senkowski (Germany), Fran\u00e7ois Brune (France), Jacques Blanc-Garin (France), Michele Dinicastro (Italy), Nils O. Jacobson (Sweden), Paola Giovetti (Italy), Paolo Presi (Italy), Sinesio Darnell (Spain). Articles are mainly published in English, accompanied by summaries in Spanish and Portuguese, and where possible full translations appear in later issues. The goal of the Editor and of the Editorial Board is to inform readers that Instrumental Transcommunication with the next level of life is not only possible but can potentially be achieved by anybody who devotes to it the necessary time and commitment. &#8220;The important thing is contact itself&#8221;, said one of the communicators from a group in the next world known as \u2018Timestream Station\u2019 that has regularly made contact with researchers on Earth.<\/p>\n<p>All those involved in the ITC Journal hope to contribute to what communicators refer to as the &#8220;Opening of the Road&#8221;. If mankind truly and deeply realizes the existence of continuing Life, then human behaviour will change in radical, compassionate and positive ways. It is the wish of the Editor and of all those associated with the journal that one day Carlos de Almeida&#8217;s desire, communicated to the Editor through ITC, of &#8220;speaking to the world everywhere\u201d by means of electronic media, will be realised.<\/p>\n<p>The Journal appears two times a year and publishes articles devoted to serious research into ITC, together with accounts of personal experiences contributed by readers and ITC experimenters and operators.<\/p>\n","protected":false},"excerpt":{"rendered":"<p>The ITC Journal The Journal was founded in the year 2000 and it is now in its tenth year of publication. With an International Editorial Board, the ITC Journal publishes articles by leading researchers and specialists in ITC, among them Adrian Klein (Israel), Anabela Cardoso (Portugal), Carlo Trajna (Italy), Carlos Fern\u00e1ndez (Spain), Carlos Luz (Brazil),&hellip;<\/p>\n","protected":false},"author":2,"featured_media":0,"parent":0,"menu_order":0,"comment_status":"closed","ping_status":"closed","template":"","meta":{"footnotes":""},"class_list":["post-4737","page","type-page","status-publish","hentry","description-off"],"yoast_head":"<!-- This site is optimized with the Yoast SEO plugin v27.4 - https:\/\/yoast.com\/product\/yoast-seo-wordpress\/ -->\n<title>Publication - ItcJournal<\/title>\n<meta name=\"robots\" content=\"index, follow, max-snippet:-1, max-image-preview:large, max-video-preview:-1\" \/>\n<link rel=\"canonical\" href=\"http:\/\/www.itcjournal.org\/?page_id=4737\" \/>\n<meta property=\"og:locale\" content=\"en_GB\" \/>\n<meta property=\"og:type\" content=\"article\" \/>\n<meta property=\"og:title\" content=\"Publication - ItcJournal\" \/>\n<meta property=\"og:description\" content=\"The ITC Journal The Journal was founded in the year 2000 and it is now in its tenth year of publication. With an International Editorial Board, the ITC Journal publishes articles by leading researchers and specialists in ITC, among them Adrian Klein (Israel), Anabela Cardoso (Portugal), Carlo Trajna (Italy), Carlos Fern\u00e1ndez (Spain), Carlos Luz (Brazil),&hellip;\" \/>\n<meta property=\"og:url\" content=\"http:\/\/www.itcjournal.org\/?page_id=4737\" \/>\n<meta property=\"og:site_name\" content=\"ItcJournal\" \/>\n<meta property=\"article:publisher\" content=\"https:\/\/www.facebook.com\/anabela.mouratocardoso\" \/>\n<meta property=\"article:modified_time\" content=\"2022-01-06T16:04:33+00:00\" \/>\n<meta property=\"og:image\" content=\"http:\/\/www.itcjournal.org\/wp-content\/uploads\/2013\/02\/itcjournal_pequena.png\" \/>\n\t<meta property=\"og:image:width\" content=\"150\" \/>\n\t<meta property=\"og:image:height\" content=\"41\" \/>\n\t<meta property=\"og:image:type\" content=\"image\/png\" \/>\n<meta name=\"twitter:card\" content=\"summary_large_image\" \/>\n<meta name=\"twitter:site\" content=\"@anabela73767942\" \/>\n<meta name=\"twitter:label1\" content=\"Estimated reading time\" \/>\n\t<meta name=\"twitter:data1\" content=\"2 minutes\" \/>\n<script type=\"application\/ld+json\" class=\"yoast-schema-graph\">{\"@context\":\"https:\\\/\\\/schema.org\",\"@graph\":[{\"@type\":\"WebPage\",\"@id\":\"http:\\\/\\\/www.itcjournal.org\\\/?page_id=4737\",\"url\":\"http:\\\/\\\/www.itcjournal.org\\\/?page_id=4737\",\"name\":\"Publication - ItcJournal\",\"isPartOf\":{\"@id\":\"http:\\\/\\\/www.itcjournal.org\\\/#website\"},\"datePublished\":\"2016-10-31T23:05:05+00:00\",\"dateModified\":\"2022-01-06T16:04:33+00:00\",\"breadcrumb\":{\"@id\":\"http:\\\/\\\/www.itcjournal.org\\\/?page_id=4737#breadcrumb\"},\"inLanguage\":\"en-GB\",\"potentialAction\":[{\"@type\":\"ReadAction\",\"target\":[\"http:\\\/\\\/www.itcjournal.org\\\/?page_id=4737\"]}]},{\"@type\":\"BreadcrumbList\",\"@id\":\"http:\\\/\\\/www.itcjournal.org\\\/?page_id=4737#breadcrumb\",\"itemListElement\":[{\"@type\":\"ListItem\",\"position\":1,\"name\":\"Home\",\"item\":\"http:\\\/\\\/www.itcjournal.org\\\/\"},{\"@type\":\"ListItem\",\"position\":2,\"name\":\"Publication\"}]},{\"@type\":\"WebSite\",\"@id\":\"http:\\\/\\\/www.itcjournal.org\\\/#website\",\"url\":\"http:\\\/\\\/www.itcjournal.org\\\/\",\"name\":\"ItcJournal\",\"description\":\"ITC Journal Investigation of Instrumental Transcommunication Phenomena.\",\"publisher\":{\"@id\":\"http:\\\/\\\/www.itcjournal.org\\\/#organization\"},\"alternateName\":\"ITC Journal - Instrumental Transcommunication\",\"potentialAction\":[{\"@type\":\"SearchAction\",\"target\":{\"@type\":\"EntryPoint\",\"urlTemplate\":\"http:\\\/\\\/www.itcjournal.org\\\/?s={search_term_string}\"},\"query-input\":{\"@type\":\"PropertyValueSpecification\",\"valueRequired\":true,\"valueName\":\"search_term_string\"}}],\"inLanguage\":\"en-GB\"},{\"@type\":\"Organization\",\"@id\":\"http:\\\/\\\/www.itcjournal.org\\\/#organization\",\"name\":\"ItcJournal ( Instrumental Transcommunication )\",\"url\":\"http:\\\/\\\/www.itcjournal.org\\\/\",\"logo\":{\"@type\":\"ImageObject\",\"inLanguage\":\"en-GB\",\"@id\":\"http:\\\/\\\/www.itcjournal.org\\\/#\\\/schema\\\/logo\\\/image\\\/\",\"url\":\"http:\\\/\\\/www.itcjournal.org\\\/wp-content\\\/uploads\\\/2013\\\/02\\\/itcjournal.png\",\"contentUrl\":\"http:\\\/\\\/www.itcjournal.org\\\/wp-content\\\/uploads\\\/2013\\\/02\\\/itcjournal.png\",\"width\":300,\"height\":81,\"caption\":\"ItcJournal ( Instrumental Transcommunication )\"},\"image\":{\"@id\":\"http:\\\/\\\/www.itcjournal.org\\\/#\\\/schema\\\/logo\\\/image\\\/\"},\"sameAs\":[\"https:\\\/\\\/www.facebook.com\\\/anabela.mouratocardoso\",\"https:\\\/\\\/x.com\\\/anabela73767942\"]}]}<\/script>\n<!-- \/ Yoast SEO plugin. -->","yoast_head_json":{"title":"Publication - ItcJournal","robots":{"index":"index","follow":"follow","max-snippet":"max-snippet:-1","max-image-preview":"max-image-preview:large","max-video-preview":"max-video-preview:-1"},"canonical":"http:\/\/www.itcjournal.org\/?page_id=4737","og_locale":"en_GB","og_type":"article","og_title":"Publication - ItcJournal","og_description":"The ITC Journal The Journal was founded in the year 2000 and it is now in its tenth year of publication. With an International Editorial Board, the ITC Journal publishes articles by leading researchers and specialists in ITC, among them Adrian Klein (Israel), Anabela Cardoso (Portugal), Carlo Trajna (Italy), Carlos Fern\u00e1ndez (Spain), Carlos Luz (Brazil),&hellip;","og_url":"http:\/\/www.itcjournal.org\/?page_id=4737","og_site_name":"ItcJournal","article_publisher":"https:\/\/www.facebook.com\/anabela.mouratocardoso","article_modified_time":"2022-01-06T16:04:33+00:00","og_image":[{"width":150,"height":41,"url":"http:\/\/www.itcjournal.org\/wp-content\/uploads\/2013\/02\/itcjournal_pequena.png","type":"image\/png"}],"twitter_card":"summary_large_image","twitter_site":"@anabela73767942","twitter_misc":{"Estimated reading time":"2 minutes"},"schema":{"@context":"https:\/\/schema.org","@graph":[{"@type":"WebPage","@id":"http:\/\/www.itcjournal.org\/?page_id=4737","url":"http:\/\/www.itcjournal.org\/?page_id=4737","name":"Publication - ItcJournal","isPartOf":{"@id":"http:\/\/www.itcjournal.org\/#website"},"datePublished":"2016-10-31T23:05:05+00:00","dateModified":"2022-01-06T16:04:33+00:00","breadcrumb":{"@id":"http:\/\/www.itcjournal.org\/?page_id=4737#breadcrumb"},"inLanguage":"en-GB","potentialAction":[{"@type":"ReadAction","target":["http:\/\/www.itcjournal.org\/?page_id=4737"]}]},{"@type":"BreadcrumbList","@id":"http:\/\/www.itcjournal.org\/?page_id=4737#breadcrumb","itemListElement":[{"@type":"ListItem","position":1,"name":"Home","item":"http:\/\/www.itcjournal.org\/"},{"@type":"ListItem","position":2,"name":"Publication"}]},{"@type":"WebSite","@id":"http:\/\/www.itcjournal.org\/#website","url":"http:\/\/www.itcjournal.org\/","name":"ItcJournal","description":"ITC Journal Investigation of Instrumental Transcommunication Phenomena.","publisher":{"@id":"http:\/\/www.itcjournal.org\/#organization"},"alternateName":"ITC Journal - Instrumental Transcommunication","potentialAction":[{"@type":"SearchAction","target":{"@type":"EntryPoint","urlTemplate":"http:\/\/www.itcjournal.org\/?s={search_term_string}"},"query-input":{"@type":"PropertyValueSpecification","valueRequired":true,"valueName":"search_term_string"}}],"inLanguage":"en-GB"},{"@type":"Organization","@id":"http:\/\/www.itcjournal.org\/#organization","name":"ItcJournal ( Instrumental Transcommunication )","url":"http:\/\/www.itcjournal.org\/","logo":{"@type":"ImageObject","inLanguage":"en-GB","@id":"http:\/\/www.itcjournal.org\/#\/schema\/logo\/image\/","url":"http:\/\/www.itcjournal.org\/wp-content\/uploads\/2013\/02\/itcjournal.png","contentUrl":"http:\/\/www.itcjournal.org\/wp-content\/uploads\/2013\/02\/itcjournal.png","width":300,"height":81,"caption":"ItcJournal ( Instrumental Transcommunication )"},"image":{"@id":"http:\/\/www.itcjournal.org\/#\/schema\/logo\/image\/"},"sameAs":["https:\/\/www.facebook.com\/anabela.mouratocardoso","https:\/\/x.com\/anabela73767942"]}]}},"_links":{"self":[{"href":"http:\/\/www.itcjournal.org\/index.php?rest_route=\/wp\/v2\/pages\/4737","targetHints":{"allow":["GET"]}}],"collection":[{"href":"http:\/\/www.itcjournal.org\/index.php?rest_route=\/wp\/v2\/pages"}],"about":[{"href":"http:\/\/www.itcjournal.org\/index.php?rest_route=\/wp\/v2\/types\/page"}],"author":[{"embeddable":true,"href":"http:\/\/www.itcjournal.org\/index.php?rest_route=\/wp\/v2\/users\/2"}],"replies":[{"embeddable":true,"href":"http:\/\/www.itcjournal.org\/index.php?rest_route=%2Fwp%2Fv2%2Fcomments&post=4737"}],"version-history":[{"count":1,"href":"http:\/\/www.itcjournal.org\/index.php?rest_route=\/wp\/v2\/pages\/4737\/revisions"}],"predecessor-version":[{"id":4738,"href":"http:\/\/www.itcjournal.org\/index.php?rest_route=\/wp\/v2\/pages\/4737\/revisions\/4738"}],"wp:attachment":[{"href":"http:\/\/www.itcjournal.org\/index.php?rest_route=%2Fwp%2Fv2%2Fmedia&parent=4737"}],"curies":[{"name":"wp","href":"https:\/\/api.w.org\/{rel}","templated":true}]}}